{"id":16,"date":"2014-08-23T21:53:08","date_gmt":"2014-08-24T00:53:08","guid":{"rendered":"https:\/\/wp.ufpel.edu.br\/apadametto\/?page_id=16"},"modified":"2014-08-28T15:59:39","modified_gmt":"2014-08-28T18:59:39","slug":"inicio","status":"publish","type":"page","link":"https:\/\/wp.ufpel.edu.br\/apadametto\/inicio\/","title":{"rendered":"Forma\u00e7\u00e3o"},"content":{"rendered":"<p>Possui gradua\u00e7\u00e3o em Arquitetura e Urbanismo pela Universidade Federal de Pelotas (1996), Especializa\u00e7\u00e3o em Fundamentos do Projeto Arquitet\u00f4nico: do Processo ao Produto pelas Faculdades Integradas Ritter dos Reis (1997), Especializa\u00e7\u00e3o em Design do Produto -\u00canfase em M\u00f3veis pela Universidade de Caxias do Sul (2004) e Mestrado em Mem\u00f3ria Social e Patrim\u00f4nio Cultural pela Universidade Federal de Pelotas (2009). Atualmente \u00e9 professora assistente, sem dedica\u00e7\u00e3o exclusiva, da Universidade Federal de Pelotas na Faculdade de Arquitetura e Urbanismo na \u00e1rea de Desenho e Meios de Representa\u00e7\u00e3o e Express\u00e3o e Inform\u00e1tica aplicada a arquitetura. Participa do Grupo de Estudos para o Ensino \/ Apredizagem de Gr\u00e1fica Digital &#8211; GEGRADI, da Faculdade de Arquitetura e Urbanismo\/ UFPel. Tamb\u00e9m atua como profissional aut\u00f4nomo na \u00e1rea de Arquitetura de Interiores, Arquitetura Paisag\u00edstica e Design de Mobili\u00e1rio.<\/p>\n","protected":false},"excerpt":{"rendered":"<p>Possui gradua\u00e7\u00e3o em Arquitetura e Urbanismo pela Universidade Federal de Pelotas (1996), Especializa\u00e7\u00e3o em Fundamentos do Projeto Arquitet\u00f4nico: do Processo ao Produto pelas Faculdades Integradas Ritter dos Reis (1997), Especializa\u00e7\u00e3o em Design do Produto -\u00canfase em M\u00f3veis pela Universidade de Caxias do Sul (2004) e Mestrado em Mem\u00f3ria Social e Patrim\u00f4nio Cultural pela Universidade Federal &hellip; <\/p>\n<p><a class=\"more-link btn\" href=\"https:\/\/wp.ufpel.edu.br\/apadametto\/inicio\/\">Continue lendo<\/a><\/p>\n","protected":false},"author":427,"featured_media":0,"parent":0,"menu_order":0,"comment_status":"closed","ping_status":"closed","template":"","meta":{"footnotes":""},"class_list":["post-16","page","type-page","status-publish","hentry","nodate","item-wrap"],"_links":{"self":[{"href":"https:\/\/wp.ufpel.edu.br\/apadametto\/wp-json\/wp\/v2\/pages\/16","targetHints":{"allow":["GET"]}}],"collection":[{"href":"https:\/\/wp.ufpel.edu.br\/apadametto\/wp-json\/wp\/v2\/pages"}],"about":[{"href":"https:\/\/wp.ufpel.edu.br\/apadametto\/wp-json\/wp\/v2\/types\/page"}],"author":[{"embeddable":true,"href":"https:\/\/wp.ufpel.edu.br\/apadametto\/wp-json\/wp\/v2\/users\/427"}],"replies":[{"embeddable":true,"href":"https:\/\/wp.ufpel.edu.br\/apadametto\/wp-json\/wp\/v2\/comments?post=16"}],"version-history":[{"count":4,"href":"https:\/\/wp.ufpel.edu.br\/apadametto\/wp-json\/wp\/v2\/pages\/16\/revisions"}],"predecessor-version":[{"id":38,"href":"https:\/\/wp.ufpel.edu.br\/apadametto\/wp-json\/wp\/v2\/pages\/16\/revisions\/38"}],"wp:attachment":[{"href":"https:\/\/wp.ufpel.edu.br\/apadametto\/wp-json\/wp\/v2\/media?parent=16"}],"curies":[{"name":"wp","href":"https:\/\/api.w.org\/{rel}","templated":true}]}}