{"id":54,"date":"2016-04-26T16:01:35","date_gmt":"2016-04-26T19:01:35","guid":{"rendered":"https:\/\/wp.ufpel.edu.br\/antropologia\/?page_id=54"},"modified":"2017-05-22T14:03:21","modified_gmt":"2017-05-22T17:03:21","slug":"eventos","status":"publish","type":"page","link":"https:\/\/wp.ufpel.edu.br\/antropologia\/eventos\/","title":{"rendered":"Eventos"},"content":{"rendered":"<table border=\"0\" width=\"700\">\n<tbody>\n<tr>\n<td valign=\"top\"><span class=\"texto\"><a title=\"Ciclo de Semin\u00e1rios \u201cEstado e Diversidade Cultural - Modulo II-Antropologia da Percep\u00e7\u00e3o e do Imagin\u00e1rio - 27 e 28\/06\/2013\" href=\"http:\/\/antropologiaufpel.com.br\/images\/Bioarqueologia1g.jpg\" rel=\"galeria1\"><img loading=\"lazy\" decoding=\"async\" class=\"wp-image-67 alignnone\" src=\"https:\/\/wp.ufpel.edu.br\/antropologia\/files\/2016\/04\/Bioarqueologia1-225x318.jpg\" alt=\"Bioarqueologia1\" width=\"209\" height=\"295\" srcset=\"https:\/\/wp.ufpel.edu.br\/antropologia\/files\/2016\/04\/Bioarqueologia1-225x318.jpg 225w, https:\/\/wp.ufpel.edu.br\/antropologia\/files\/2016\/04\/Bioarqueologia1-113x159.jpg 113w, https:\/\/wp.ufpel.edu.br\/antropologia\/files\/2016\/04\/Bioarqueologia1.jpg 240w\" sizes=\"auto, (max-width: 209px) 100vw, 209px\" \/><br \/>\n<\/a><br \/>\n<span class=\"texto-14\">Bioarqueologia quando os mortos ensinam os vivos<\/span><br \/>\n<span class=\"Fonte-12\">09\/07\/2014<\/span><\/span><\/td>\n<td valign=\"top\"><span class=\"texto\"><a title=\"Ciclo de Semin\u00e1rios \u201cEstado e Diversidade Cultural - Modulo II-Antropologia da Percep\u00e7\u00e3o e do Imagin\u00e1rio - 27 e 28\/06\/2013\" href=\"http:\/\/antropologiaufpel.com.br\/images\/cartaz-profissionalizacaocampoantropologia_v5.jpg\" rel=\"galeria1\"><img loading=\"lazy\" decoding=\"async\" class=\"wp-image-69 alignnone\" src=\"https:\/\/wp.ufpel.edu.br\/antropologia\/files\/2016\/04\/cartaz-profissionalizacaocampoantropologia_v5-225x318.jpg\" alt=\"cartaz-profissionalizacaocampoantropologia_v5\" width=\"206\" height=\"291\" srcset=\"https:\/\/wp.ufpel.edu.br\/antropologia\/files\/2016\/04\/cartaz-profissionalizacaocampoantropologia_v5-225x318.jpg 225w, https:\/\/wp.ufpel.edu.br\/antropologia\/files\/2016\/04\/cartaz-profissionalizacaocampoantropologia_v5-112x159.jpg 112w, https:\/\/wp.ufpel.edu.br\/antropologia\/files\/2016\/04\/cartaz-profissionalizacaocampoantropologia_v5-768x1086.jpg 768w, https:\/\/wp.ufpel.edu.br\/antropologia\/files\/2016\/04\/cartaz-profissionalizacaocampoantropologia_v5.jpg 919w\" sizes=\"auto, (max-width: 206px) 100vw, 206px\" \/><br \/>\n<\/a><br \/>\n<span class=\"texto-14\">Forma\u00e7\u00e3o e Profiossionaliza\u00e7\u00e3o no Campo da Antropologia no Brasil: Novos Horizontes Entre a Ci\u00eancia e a Pol\u00edtica<\/span><br \/>\n<span class=\"Fonte-12\">15 e 16\/05\/2014<\/span><\/span><\/td>\n<td valign=\"top\">\n<p><img loading=\"lazy\" decoding=\"async\" class=\"wp-image-68 alignnone\" src=\"https:\/\/wp.ufpel.edu.br\/antropologia\/files\/2016\/04\/cartaz-ericboeda_v4-313x318.jpg\" alt=\"cartaz-ericboeda_v4\" width=\"222\" height=\"226\" srcset=\"https:\/\/wp.ufpel.edu.br\/antropologia\/files\/2016\/04\/cartaz-ericboeda_v4-313x318.jpg 313w, https:\/\/wp.ufpel.edu.br\/antropologia\/files\/2016\/04\/cartaz-ericboeda_v4-156x159.jpg 156w, https:\/\/wp.ufpel.edu.br\/antropologia\/files\/2016\/04\/cartaz-ericboeda_v4-768x781.jpg 768w, https:\/\/wp.ufpel.edu.br\/antropologia\/files\/2016\/04\/cartaz-ericboeda_v4.jpg 800w\" sizes=\"auto, (max-width: 222px) 100vw, 222px\" \/><\/p>\n<p><span class=\"texto-14\">As ind\u00fastrias Pleistoc\u00eanicas do Piau\u00ed: Novas Sequ\u00eancias Crono-culturais<\/span><br \/>\n<span class=\"Fonte-12\">22\/04\/2014<\/span><\/td>\n<td valign=\"top\">\n<p><img loading=\"lazy\" decoding=\"async\" class=\"wp-image-70 alignnone\" src=\"https:\/\/wp.ufpel.edu.br\/antropologia\/files\/2016\/04\/cartaz1-229x318.jpg\" alt=\"cartaz1\" width=\"215\" height=\"299\" srcset=\"https:\/\/wp.ufpel.edu.br\/antropologia\/files\/2016\/04\/cartaz1-229x318.jpg 229w, https:\/\/wp.ufpel.edu.br\/antropologia\/files\/2016\/04\/cartaz1-115x159.jpg 115w, https:\/\/wp.ufpel.edu.br\/antropologia\/files\/2016\/04\/cartaz1.jpg 240w\" sizes=\"auto, (max-width: 215px) 100vw, 215px\" \/><\/p>\n<p><span class=\"texto-14\">Ciclo de Semin\u00e1rios \u201cEstado e Diversidade Cultural\u201c &#8211; Modulo II-Antropologia da Percep\u00e7\u00e3o e do Imagin\u00e1rio<\/span><br \/>\n<span class=\"Fonte-12\">27 e 28\/06\/2013<\/span><\/td>\n<\/tr>\n<tr>\n<td colspan=\"4\" valign=\"top\"><span class=\"linha-vermelha\">__________________________________________________________________________________________________<\/span><\/td>\n<\/tr>\n<tr>\n<td valign=\"top\">\n<p><img loading=\"lazy\" decoding=\"async\" class=\"alignnone wp-image-71\" src=\"https:\/\/wp.ufpel.edu.br\/antropologia\/files\/2016\/04\/cartaz2-227x318.jpg\" alt=\"cartaz2\" width=\"202\" height=\"283\" srcset=\"https:\/\/wp.ufpel.edu.br\/antropologia\/files\/2016\/04\/cartaz2-227x318.jpg 227w, https:\/\/wp.ufpel.edu.br\/antropologia\/files\/2016\/04\/cartaz2-114x159.jpg 114w, https:\/\/wp.ufpel.edu.br\/antropologia\/files\/2016\/04\/cartaz2.jpg 237w\" sizes=\"auto, (max-width: 202px) 100vw, 202px\" \/><\/p>\n<p><span class=\"texto-14\">Itiner\u00e1rios metropolitanos. Trajet\u00f3rias pessoais em cidades contempor\u00e2neas<\/span><br \/>\n<span class=\"Fonte-12\">13\/06\/2013<\/span><\/td>\n<td valign=\"top\">\n<p><img loading=\"lazy\" decoding=\"async\" class=\"alignnone wp-image-72\" src=\"https:\/\/wp.ufpel.edu.br\/antropologia\/files\/2016\/04\/cartaz3-226x318.jpg\" alt=\"cartaz3\" width=\"211\" height=\"297\" srcset=\"https:\/\/wp.ufpel.edu.br\/antropologia\/files\/2016\/04\/cartaz3-226x318.jpg 226w, https:\/\/wp.ufpel.edu.br\/antropologia\/files\/2016\/04\/cartaz3-113x159.jpg 113w, https:\/\/wp.ufpel.edu.br\/antropologia\/files\/2016\/04\/cartaz3.jpg 237w\" sizes=\"auto, (max-width: 211px) 100vw, 211px\" \/><\/p>\n<p><span class=\"texto-14\">Ciclo de Semin\u00e1rios \u201cEstado e Diversidade Cultural\u201c &#8211; Modulo I-Pol\u00edticas de Reconhecimento e Reparat\u00f3rias<\/span><br \/>\n<span class=\"Fonte-12\">21 e 26\/05\/2013<\/span><\/td>\n<td valign=\"top\">\n<p><img loading=\"lazy\" decoding=\"async\" class=\"alignnone wp-image-73\" src=\"https:\/\/wp.ufpel.edu.br\/antropologia\/files\/2016\/04\/cartaz4.jpg\" alt=\"cartaz4\" width=\"228\" height=\"175\" srcset=\"https:\/\/wp.ufpel.edu.br\/antropologia\/files\/2016\/04\/cartaz4.jpg 240w, https:\/\/wp.ufpel.edu.br\/antropologia\/files\/2016\/04\/cartaz4-207x159.jpg 207w\" sizes=\"auto, (max-width: 228px) 100vw, 228px\" \/><\/p>\n<p><span class=\"texto-14\">Patrim\u00f4nio Cultural: Instrumento de reconhecimento da diversidade brasileira<\/span><br \/>\n<span class=\"Fonte-12\">09\/05\/2013<\/span><\/td>\n<td valign=\"top\">\n<p><img loading=\"lazy\" decoding=\"async\" class=\"alignnone wp-image-74\" src=\"https:\/\/wp.ufpel.edu.br\/antropologia\/files\/2016\/04\/cartaz5.jpg\" alt=\"cartaz5\" width=\"213\" height=\"268\" srcset=\"https:\/\/wp.ufpel.edu.br\/antropologia\/files\/2016\/04\/cartaz5.jpg 240w, https:\/\/wp.ufpel.edu.br\/antropologia\/files\/2016\/04\/cartaz5-126x159.jpg 126w\" sizes=\"auto, (max-width: 213px) 100vw, 213px\" \/><\/p>\n<p><span class=\"texto-14\">Mesa Redonda Arqueologia e Etnologia Ind\u00edgena nas Am\u00e9ricas<\/span><br \/>\n<span class=\"Fonte-12\">14\/11\/2012<\/span><\/td>\n<\/tr>\n<tr>\n<td colspan=\"4\">\n<p class=\"linha-vermelha\">__________________________________________________________________________________________________<\/p>\n<\/td>\n<\/tr>\n<tr>\n<td width=\"25%\"><span class=\"texto-14\"><img loading=\"lazy\" decoding=\"async\" class=\"alignnone size-full wp-image-75\" src=\"https:\/\/wp.ufpel.edu.br\/antropologia\/files\/2016\/04\/cartaz6.jpg\" alt=\"cartaz6\" width=\"217\" height=\"176\" srcset=\"https:\/\/wp.ufpel.edu.br\/antropologia\/files\/2016\/04\/cartaz6.jpg 217w, https:\/\/wp.ufpel.edu.br\/antropologia\/files\/2016\/04\/cartaz6-196x159.jpg 196w\" sizes=\"auto, (max-width: 217px) 100vw, 217px\" \/>Confer\u00eancia da Professora Giralda Seyferth<\/span><br \/>\n<span class=\"Fonte-12\">04\/10\/2012<\/span><\/td>\n<td valign=\"top\" width=\"25%\"><span class=\"texto-14\"><img loading=\"lazy\" decoding=\"async\" class=\"alignnone wp-image-76\" src=\"https:\/\/wp.ufpel.edu.br\/antropologia\/files\/2016\/04\/cartaz7-234x318.jpg\" alt=\"cartaz7\" width=\"216\" height=\"294\" srcset=\"https:\/\/wp.ufpel.edu.br\/antropologia\/files\/2016\/04\/cartaz7-234x318.jpg 234w, https:\/\/wp.ufpel.edu.br\/antropologia\/files\/2016\/04\/cartaz7-117x159.jpg 117w, https:\/\/wp.ufpel.edu.br\/antropologia\/files\/2016\/04\/cartaz7.jpg 242w\" sizes=\"auto, (max-width: 216px) 100vw, 216px\" \/>Conversa com a Prof\u00aa Miriam Grossi<\/span><br \/>\n<span class=\"Fonte-12\">28\/09\/2012<\/span><\/td>\n<td valign=\"top\" width=\"25%\"><span class=\"texto-14\"><img loading=\"lazy\" decoding=\"async\" class=\"alignnone wp-image-77\" src=\"https:\/\/wp.ufpel.edu.br\/antropologia\/files\/2016\/04\/cartaz8.jpg\" alt=\"cartaz8\" width=\"219\" height=\"252\" srcset=\"https:\/\/wp.ufpel.edu.br\/antropologia\/files\/2016\/04\/cartaz8.jpg 241w, https:\/\/wp.ufpel.edu.br\/antropologia\/files\/2016\/04\/cartaz8-138x159.jpg 138w\" sizes=\"auto, (max-width: 219px) 100vw, 219px\" \/>Conversa com:<br \/>\nProf\u00aa Dr\u00aa Cl\u00e1udia Lee Fonseca<br \/>\nProf\u00aa Dr\u00aa Maria Eunice Maciel<\/span><br \/>\n<span class=\"Fonte-12\">22\/06\/2012<\/span><\/td>\n<td valign=\"top\" width=\"25%\">\n<p><span class=\"texto-14\"><img loading=\"lazy\" decoding=\"async\" class=\"alignnone wp-image-78\" src=\"https:\/\/wp.ufpel.edu.br\/antropologia\/files\/2016\/04\/cartaz9.jpg\" alt=\"cartaz9\" width=\"206\" height=\"156\" srcset=\"https:\/\/wp.ufpel.edu.br\/antropologia\/files\/2016\/04\/cartaz9.jpg 232w, https:\/\/wp.ufpel.edu.br\/antropologia\/files\/2016\/04\/cartaz9-210x159.jpg 210w\" sizes=\"auto, (max-width: 206px) 100vw, 206px\" \/><\/span><\/p>\n<p><span class=\"texto-14\">O tiro da bruxa &#8211; Identidade, magia e religi\u00e3o na imigra\u00e7\u00e3o alem\u00e3<\/span><br \/>\n<span class=\"Fonte-12\">30\/05\/2012<\/span><\/td>\n<\/tr>\n<tr>\n<td class=\"linha-vermelha\" colspan=\"4\" align=\"center\">_________________________________________________________________________________________________<\/td>\n<\/tr>\n<tr>\n<td>\n<p><span class=\"texto-14\"><img loading=\"lazy\" decoding=\"async\" class=\"alignnone wp-image-79\" src=\"https:\/\/wp.ufpel.edu.br\/antropologia\/files\/2016\/04\/cartaz10-228x318.jpg\" alt=\"cartaz10\" width=\"212\" height=\"295\" srcset=\"https:\/\/wp.ufpel.edu.br\/antropologia\/files\/2016\/04\/cartaz10-228x318.jpg 228w, https:\/\/wp.ufpel.edu.br\/antropologia\/files\/2016\/04\/cartaz10-114x159.jpg 114w, https:\/\/wp.ufpel.edu.br\/antropologia\/files\/2016\/04\/cartaz10.jpg 239w\" sizes=\"auto, (max-width: 212px) 100vw, 212px\" \/><\/span><\/p>\n<p><span class=\"texto-14\">II F\u00f3rum Internacional da tem\u00e1tica ind\u00edgena<\/span><br \/>\n<span class=\"Fonte-12\">14 a 16\/05\/2012<\/span><\/td>\n<td align=\"left\" valign=\"top\">\n<p><img loading=\"lazy\" decoding=\"async\" class=\"alignnone wp-image-80\" src=\"https:\/\/wp.ufpel.edu.br\/antropologia\/files\/2016\/04\/cartaz11.jpg\" alt=\"cartaz11\" width=\"211\" height=\"171\" srcset=\"https:\/\/wp.ufpel.edu.br\/antropologia\/files\/2016\/04\/cartaz11.jpg 239w, https:\/\/wp.ufpel.edu.br\/antropologia\/files\/2016\/04\/cartaz11-196x159.jpg 196w\" sizes=\"auto, (max-width: 211px) 100vw, 211px\" \/><\/p>\n<p><span class=\"texto-14\">Reinaugura\u00e7\u00e3o LEPPAIS<\/span><br \/>\n<span class=\"Fonte-12\">22\/03\/2012 <\/span><\/td>\n<td valign=\"top\">\n<p><img loading=\"lazy\" decoding=\"async\" class=\"alignnone wp-image-81\" src=\"https:\/\/wp.ufpel.edu.br\/antropologia\/files\/2016\/04\/cartaz12.jpg\" alt=\"cartaz12\" width=\"202\" height=\"263\" srcset=\"https:\/\/wp.ufpel.edu.br\/antropologia\/files\/2016\/04\/cartaz12.jpg 237w, https:\/\/wp.ufpel.edu.br\/antropologia\/files\/2016\/04\/cartaz12-122x159.jpg 122w\" sizes=\"auto, (max-width: 202px) 100vw, 202px\" \/><\/p>\n<p><span class=\"texto-14\">Walachai &#8211; Um filme de Rejane Zilles<\/span><br \/>\n<span class=\"Fonte-12\">28\/11\/2011<\/span><\/td>\n<td valign=\"top\">\n<p><img loading=\"lazy\" decoding=\"async\" class=\"alignnone wp-image-82\" src=\"https:\/\/wp.ufpel.edu.br\/antropologia\/files\/2016\/04\/cartaz13.jpg\" alt=\"cartaz13\" width=\"197\" height=\"229\" srcset=\"https:\/\/wp.ufpel.edu.br\/antropologia\/files\/2016\/04\/cartaz13.jpg 242w, https:\/\/wp.ufpel.edu.br\/antropologia\/files\/2016\/04\/cartaz13-137x159.jpg 137w\" sizes=\"auto, (max-width: 197px) 100vw, 197px\" \/><\/p>\n<p><span class=\"texto-14\">Palavras sem Fronteiras<\/span><br \/>\n<span class=\"Fonte-12\">11\/08\/2011<\/span><\/td>\n<\/tr>\n<tr>\n<td colspan=\"4\" align=\"center\"><span class=\"linha-vermelha\">__________________________________________________________________________________________________<\/span><\/td>\n<\/tr>\n<tr>\n<td>\n<p><img loading=\"lazy\" decoding=\"async\" class=\"alignnone wp-image-83\" src=\"https:\/\/wp.ufpel.edu.br\/antropologia\/files\/2016\/04\/cartaz14.jpg\" alt=\"cartaz14\" width=\"207\" height=\"274\" srcset=\"https:\/\/wp.ufpel.edu.br\/antropologia\/files\/2016\/04\/cartaz14.jpg 239w, https:\/\/wp.ufpel.edu.br\/antropologia\/files\/2016\/04\/cartaz14-120x159.jpg 120w\" sizes=\"auto, (max-width: 207px) 100vw, 207px\" \/><\/p>\n<p><span class=\"Fonte-12\"><span class=\"texto-14\">Mo\u00e7ambique: Hist\u00f3ria e rela\u00e7\u00f5es sociais<\/span><br \/>\n<span class=\"Fonte-12\">01 a 03\/06\/2009<\/span>\u00a0<\/span><\/td>\n<td align=\"left\" valign=\"top\"><\/td>\n<td valign=\"top\"><\/td>\n<td valign=\"top\"><\/td>\n<\/tr>\n<\/tbody>\n<\/table>\n<p>&nbsp;<\/p>\n","protected":false},"excerpt":{"rendered":"<p>Bioarqueologia quando os mortos ensinam os vivos 09\/07\/2014 Forma\u00e7\u00e3o e Profiossionaliza\u00e7\u00e3o no Campo da Antropologia no Brasil: Novos Horizontes Entre a Ci\u00eancia e a Pol\u00edtica 15 e 16\/05\/2014 As ind\u00fastrias Pleistoc\u00eanicas do Piau\u00ed: Novas Sequ\u00eancias Crono-culturais 22\/04\/2014 Ciclo de Semin\u00e1rios &hellip; <a href=\"https:\/\/wp.ufpel.edu.br\/antropologia\/eventos\/\">Continue lendo <span class=\"meta-nav\">&rarr;<\/span><\/a><\/p>\n","protected":false},"author":641,"featured_media":0,"parent":0,"menu_order":4,"comment_status":"closed","ping_status":"closed","template":"","meta":{"footnotes":""},"class_list":["post-54","page","type-page","status-publish","hentry"],"_links":{"self":[{"href":"https:\/\/wp.ufpel.edu.br\/antropologia\/wp-json\/wp\/v2\/pages\/54","targetHints":{"allow":["GET"]}}],"collection":[{"href":"https:\/\/wp.ufpel.edu.br\/antropologia\/wp-json\/wp\/v2\/pages"}],"about":[{"href":"https:\/\/wp.ufpel.edu.br\/antropologia\/wp-json\/wp\/v2\/types\/page"}],"author":[{"embeddable":true,"href":"https:\/\/wp.ufpel.edu.br\/antropologia\/wp-json\/wp\/v2\/users\/641"}],"replies":[{"embeddable":true,"href":"https:\/\/wp.ufpel.edu.br\/antropologia\/wp-json\/wp\/v2\/comments?post=54"}],"version-history":[{"count":13,"href":"https:\/\/wp.ufpel.edu.br\/antropologia\/wp-json\/wp\/v2\/pages\/54\/revisions"}],"predecessor-version":[{"id":227,"href":"https:\/\/wp.ufpel.edu.br\/antropologia\/wp-json\/wp\/v2\/pages\/54\/revisions\/227"}],"wp:attachment":[{"href":"https:\/\/wp.ufpel.edu.br\/antropologia\/wp-json\/wp\/v2\/media?parent=54"}],"curies":[{"name":"wp","href":"https:\/\/api.w.org\/{rel}","templated":true}]}}