{"id":14,"date":"2016-04-25T17:29:33","date_gmt":"2016-04-25T20:29:33","guid":{"rendered":"https:\/\/wp.ufpel.edu.br\/antropologia\/?page_id=14"},"modified":"2019-03-19T15:19:49","modified_gmt":"2019-03-19T18:19:49","slug":"links","status":"publish","type":"page","link":"https:\/\/wp.ufpel.edu.br\/antropologia\/links\/","title":{"rendered":"Links"},"content":{"rendered":"<p><a href=\"http:\/\/www.abant.org.br\/\"><strong>ABA<\/strong> | Associa\u00e7\u00e3o Brasileira de Antropologia<\/a><\/p>\n<p><a href=\"http:\/\/www.sabnet.com.br\/\"><strong>SAB<\/strong> | Sociedade de Arqueologia Brasileira<\/a><\/p>\n<p><a href=\"http:\/\/portal.anpocs.org\/\"><strong>ANPOCS<\/strong> | Associa\u00e7\u00e3o Nacional de P\u00f3s-Gradua\u00e7\u00e3o e Pesquisa em Ci\u00eancias Sociais<\/a><\/p>\n<p><a href=\"http:\/\/www.fapergs.rs.gov.br\/\"><strong>FAPERGS<\/strong> | Funda\u00e7\u00e3o de Amparo \u00e0 Pesquisa do Rio Grande do Sul<\/a><\/p>\n<p><a href=\"http:\/\/www.capes.gov.br\"><strong>CAPES<\/strong> | Coordena\u00e7\u00e3o de Aperfei\u00e7oamento de Pessoal de N\u00edvel Superior<\/a><\/p>\n<p><a href=\"http:\/\/cnpq.br\/\"><strong>CNPq<\/strong> | Conselho Nacional de Desenvolvimento Cient\u00edfico e Tecnol\u00f3gico<\/a><\/p>\n<p><a href=\"http:\/\/www.fflch.usp.br\/da\/\"><strong>DA USP<\/strong> | Departamento de Antropologia USP<\/a><\/p>\n<p><a href=\"http:\/\/www.lisa.usp.br\/\"><strong>LISA<\/strong> | Laborat\u00f3rio de Imagem e Som em Antropologia<\/a><\/p>\n<p><a href=\"http:\/\/arqueologiadigital.com\/\">Arqueologia Digital<\/a><\/p>\n<p><a href=\"http:\/\/www.antropologiasocial.com.br\/\">Antropologia Social<\/a><\/p>\n<p><a href=\"http:\/\/bibliotecadearqueologia.blogspot.com.br\/\">Biblioteca Virtual do Mestrado em Arqueologia do Museu Nacional\/UFRJ<\/a><\/p>\n<p><a href=\"http:\/\/cihablog.hypotheses.org\/\"><strong>CIHA<\/strong> | Centro de Investigaciones Hist\u00f3ricas y Antropol\u00f3gicas<\/a><\/p>\n<p><a href=\"http:\/\/oll.libertyfund.org\/\">Online Library of Liberty<\/a><\/p>\n<p><a href=\"http:\/\/www.ufrgs.br\/pgdr\/gepac\/\"><strong>GEPAC<\/strong> | Grupo de Estudos e Pesquisa em Alimenta\u00e7\u00e3o e Cultura<\/a><\/p>\n<p><a href=\"https:\/\/www.facebook.com\/LABLAMINA\"><strong>LAMINA<\/strong> | Laborat\u00f3rio Multidisciplinar de Investiga\u00e7\u00e3o Arqueol\u00f3gica<\/a><\/p>\n<p><a href=\"https:\/\/wp.ufpel.edu.br\/leaa\/\"><strong>LEAA<\/strong> | Laborat\u00f3rio de Estudos Agr\u00e1rios e Ambientais<\/a><\/p>\n<p><a href=\"https:\/\/wp.ufpel.edu.br\/lepaarq\/\"><strong>LEPAARQ<\/strong> | Laborat\u00f3rio de Antropologia e Arqueologia<\/a><\/p>\n<p><a href=\"https:\/\/wp.ufpel.edu.br\/leppais\/\"><strong>LEPPAIS<\/strong> | Lab. de Ensino, Pesquisa e Produ\u00e7\u00e3o em Antropologia da Imagem e do Som<\/a><\/p>\n<p><a href=\"http:\/\/neta.ufpel.edu.br\/\"><strong>NETA<\/strong> | N\u00facleo de Etnologia Amer\u00edndia<\/a><\/p>\n<p><a href=\"http:\/\/periodicos.ufpel.edu.br\/ojs2\/index.php\/lepaarq\/issue\/archive\">Cadernos do LEPAARQ<\/a><\/p>\n<p><a href=\"https:\/\/periodicos.ufpel.edu.br\/ojs2\/index.php\/tessituras\">TESSITURAS: Revista de Antropologia e Arqueologia<\/a><\/p>\n","protected":false},"excerpt":{"rendered":"<p>ABA | Associa\u00e7\u00e3o Brasileira de Antropologia SAB | Sociedade de Arqueologia Brasileira ANPOCS | Associa\u00e7\u00e3o Nacional de P\u00f3s-Gradua\u00e7\u00e3o e Pesquisa em Ci\u00eancias Sociais FAPERGS | Funda\u00e7\u00e3o de Amparo \u00e0 Pesquisa do Rio Grande do Sul CAPES | Coordena\u00e7\u00e3o de Aperfei\u00e7oamento &hellip; <a href=\"https:\/\/wp.ufpel.edu.br\/antropologia\/links\/\">Continue lendo <span class=\"meta-nav\">&rarr;<\/span><\/a><\/p>\n","protected":false},"author":641,"featured_media":0,"parent":0,"menu_order":5,"comment_status":"closed","ping_status":"closed","template":"sidebar-page.php","meta":{"footnotes":""},"class_list":["post-14","page","type-page","status-publish","hentry"],"_links":{"self":[{"href":"https:\/\/wp.ufpel.edu.br\/antropologia\/wp-json\/wp\/v2\/pages\/14","targetHints":{"allow":["GET"]}}],"collection":[{"href":"https:\/\/wp.ufpel.edu.br\/antropologia\/wp-json\/wp\/v2\/pages"}],"about":[{"href":"https:\/\/wp.ufpel.edu.br\/antropologia\/wp-json\/wp\/v2\/types\/page"}],"author":[{"embeddable":true,"href":"https:\/\/wp.ufpel.edu.br\/antropologia\/wp-json\/wp\/v2\/users\/641"}],"replies":[{"embeddable":true,"href":"https:\/\/wp.ufpel.edu.br\/antropologia\/wp-json\/wp\/v2\/comments?post=14"}],"version-history":[{"count":26,"href":"https:\/\/wp.ufpel.edu.br\/antropologia\/wp-json\/wp\/v2\/pages\/14\/revisions"}],"predecessor-version":[{"id":345,"href":"https:\/\/wp.ufpel.edu.br\/antropologia\/wp-json\/wp\/v2\/pages\/14\/revisions\/345"}],"wp:attachment":[{"href":"https:\/\/wp.ufpel.edu.br\/antropologia\/wp-json\/wp\/v2\/media?parent=14"}],"curies":[{"name":"wp","href":"https:\/\/api.w.org\/{rel}","templated":true}]}}