{"id":130,"date":"2016-09-30T10:14:28","date_gmt":"2016-09-30T13:14:28","guid":{"rendered":"https:\/\/wp.ufpel.edu.br\/antropologia\/?page_id=130"},"modified":"2021-11-09T09:02:57","modified_gmt":"2021-11-09T12:02:57","slug":"tccs","status":"publish","type":"page","link":"https:\/\/wp.ufpel.edu.br\/antropologia\/graduacao\/tccs\/","title":{"rendered":"TCCs"},"content":{"rendered":"<p>EM CONSTRU\u00c7\u00c3O<\/p>\n<p>2019<\/p>\n<p><a href=\"https:\/\/wp.ufpel.edu.br\/antropologia\/ok-tcc-jonas-fachini\/\">FACHINI, J. &#8211; \u00c1guas calmas n\u00e3o fazem bons arque\u00f3logos: Os desafios da Arqueologia Subaqu\u00e1tica no Brasil<\/a><\/p>\n<p><a href=\"https:\/\/wp.ufpel.edu.br\/antropologia\/ok-gustavo_fiorini_marques-uma_tranca_de_pessoas_e_lugares_em_atmosferas_urbanas_atraves_da_musica_eletronica\/\">MARQUES, G. F. &#8211; UMA TRAN\u00c7A DE PESSOAS E LUGARES EM ATMOSFERAS URBANAS ATRAV\u00c9S DA M\u00daSICA ELETR\u00d4NICA<\/a><\/p>\n<p><a href=\"https:\/\/wp.ufpel.edu.br\/antropologia\/files\/2019\/09\/PATRICIA-ROSA.pdf\">ROSA, P. S. da. &#8211; Etnografia de Media\u00e7\u00f5es e Negocia\u00e7\u00f5es entre Moradores Humanos, Agentes de Sa\u00fade e C\u00e3es na Periferia Urbana de Pelotas (RS): sobre guarda compartilhada, o direito \u00e0 rua e os afetos multi-esp\u00e9cie<\/a><\/p>\n<p><a href=\"https:\/\/wp.ufpel.edu.br\/antropologia\/ok-tccnicoleoficial\/\">XAVIER, N. P. &#8211; \u201cMinha miss\u00e3o me deu mais for\u00e7a\u201d: Etnobiografia de uma lideran\u00e7a religiosa e comunit\u00e1ria<\/a><\/p>\n<p>2018<\/p>\n<p><a href=\"https:\/\/wp.ufpel.edu.br\/antropologia\/files\/2019\/09\/JORGE-ABEL.pdf\">ABEL, J. L. M. &#8211; G\u00caNIOS DA PINTURA NA PR\u00c9-HIST\u00d3RIA? Um estudo sobre a produ\u00e7\u00e3o art\u00edstica<\/a><\/p>\n<p><a href=\"https:\/\/wp.ufpel.edu.br\/antropologia\/files\/2019\/09\/TCC-Ra_ssa-Lima-Bertasi.pdf\">BERTASI, R. L. &#8211; Ossos na mesa: remanescentes humanos em contexto arqueol\u00f3gico no Brasil<\/a><\/p>\n<p><a href=\"https:\/\/wp.ufpel.edu.br\/antropologia\/files\/2019\/09\/Salom\u00e3o-Caetano.-Medita\u00e7\u00e3o-mandala-e-m\u00e9ritos.pdf\">CAETANO, S. J. &#8211; MEDITA\u00c7\u00c3O, MANDALA E M\u00c9RITOS: Um estudo sobre o Centro de Praticantes Budistas da cidade de Pelotas<\/a><\/p>\n<p><a href=\"https:\/\/wp.ufpel.edu.br\/antropologia\/files\/2019\/09\/Nayara-Cardoso-Trabalho-de-Conclus\u00e3o.pdf\">CARDOSO, N. C. &#8211; Das fotos aos afetos: contribui\u00e7\u00f5es para etnografia de uma fam\u00edlia cigana na cidade de Tupaciguara-MG<\/a><\/p>\n<p><a href=\"https:\/\/wp.ufpel.edu.br\/antropologia\/tcc-priscila-darley\/\">DARLEY, P. P. &#8211; MUSEALIZA\u00c7\u00c3O DA ARQUEOLOGIA E SUA INTERFACE MULTIDISCIPLINAR NA GEST\u00c3O E CONSERVA\u00c7\u00c3O DO PATRIM\u00d4NIO ARQUEOL\u00d3GICO BRASILEIRO<\/a><\/p>\n<p><a href=\"https:\/\/wp.ufpel.edu.br\/antropologia\/files\/2019\/09\/TCC-Andressa-DOMINGUES.pdf\">DOMINGUES, A. S. &#8211; Kaingang da Gyr\u00f3: Mem\u00f3ria e Territorializa\u00e7\u00e3o na Cidade de Pelotas<\/a><\/p>\n<p><a href=\"https:\/\/wp.ufpel.edu.br\/antropologia\/vanessa-duarte\/\">DUARTE, V. E. &#8211; \u201cUMA CONSTELA\u00c7\u00c3O SIMB\u00d3LICA QUE ORIGINA RELIC\u00c1RIOS ANTROPOL\u00d3GICOS\u201d: ENSAIO ETNOGR\u00c1FICO SOBRE MULHERES CIGANAS EM PELOTAS E SANTA MARIA (RIO GRANDE DO SUL)<\/a><\/p>\n<p><a href=\"https:\/\/wp.ufpel.edu.br\/antropologia\/files\/2019\/09\/tcc-final-tatiana-ELESBAO.pdf\">ELESB\u00c3O, T. N. &#8211; Intoler\u00e2ncia \u00e0 lactose n\u00e3o \u00e9 \u201cfrescura\u201d: um estudo antropol\u00f3gico sobre restri\u00e7\u00f5es alimentares<\/a><\/p>\n<p><a href=\"https:\/\/wp.ufpel.edu.br\/antropologia\/files\/2019\/09\/MARIA-EVANGELISTA.pdf\">EVANGELISTA, M. M. B. &#8211; Uma breve hist\u00f3ria da Etnoarqueologia<\/a><\/p>\n<p><a href=\"https:\/\/wp.ufpel.edu.br\/antropologia\/files\/2019\/09\/MARA-FREDES.pdf\">FREDES, M. E. F. &#8211; UNIDADE CUIDATIVA: tecendo redes de aten\u00e7\u00e3o \u00e0 sa\u00fade<\/a><\/p>\n<p><a href=\"https:\/\/wp.ufpel.edu.br\/antropologia\/files\/2019\/09\/TCC-ESTEFANI-Leitzke.pdf\">LEITZKE, E. B. &#8211; AS PESSOAS, OS CORPOS E OS PERCURSOS: uma etnografia sobre popula\u00e7\u00e3o em situa\u00e7\u00e3o de rua a partir do projeto &#8220;Morada sob as Estrelas&#8221;<\/a><\/p>\n<p><a href=\"https:\/\/wp.ufpel.edu.br\/antropologia\/files\/2019\/09\/Jhonatan-Lucas.pdf\">LUCAS, J. R. &#8211; A Ordem Discreta em Cangu\u00e7u-RS: Ma\u00e7onaria, Ritual, Segredo e Poder<\/a><\/p>\n<p><a href=\"https:\/\/wp.ufpel.edu.br\/antropologia\/ok-daiana-felix\/\">OLIVEIRA, D. F. O. de. &#8211; AS COISAS NO INTERIOR DO SAGRADO: UM ESTUDO NO CENTRO ESP\u00cdRITA DE UMBANDA NOSSA SENHORA DA PENHA<\/a><\/p>\n<p><a href=\"https:\/\/wp.ufpel.edu.br\/antropologia\/files\/2021\/11\/RODRIGUES-Guilherme.-Antropologia-em-Acao-TCC-CRV-Louis-Braille.pdf\">RODRIGUES, G. R. de. &#8211; ANTROPOLOGIA EM A\u00c7\u00c3O:<\/a><br \/>\n<a href=\"https:\/\/wp.ufpel.edu.br\/antropologia\/files\/2021\/11\/RODRIGUES-Guilherme.-Antropologia-em-Acao-TCC-CRV-Louis-Braille.pdf\">etnografia sobre o Centro de Reabilita\u00e7\u00e3o Visual Louis Braille em Pelotas-RS<\/a><\/p>\n<p><a href=\"https:\/\/wp.ufpel.edu.br\/antropologia\/tcc_marta_corrigido\/\">RODRIGUES, M. B. &#8211; Espa\u00e7os do trabalho dom\u00e9stico em Pelotas: apontamentos da escravid\u00e3o \u00e0 contemporaneidade<\/a><\/p>\n<p><a href=\"https:\/\/wp.ufpel.edu.br\/antropologia\/files\/2019\/09\/TCC-Lino-Ruiz.pdf\">RUIZ, L. J. Z. &#8211; CRIATIVIDADE E RESIST\u00caNCIA COTIDIANA: OS VIDROS LASCADOS E REUTILIZADOS PELOS ESCRAVIZADOS DA CHARQUEADA S\u00c3O JO\u00c3O DA CIDADE DE PELOTAS, RS, BRASIL. UM POVO FEITO DE BARRO.<\/a><\/p>\n<p><a href=\"https:\/\/wp.ufpel.edu.br\/antropologia\/files\/2019\/09\/FELIPE-SEVERO.pdf\">SOUSA, F.S.S. &#8211; ENTRE ACESSIBILIDADE E INCLUS\u00c3O: Participa\u00e7\u00e3o Observante no Programa de Tutorias Acad\u00eamicas NAI UFPel<\/a><\/p>\n<p><a href=\"https:\/\/wp.ufpel.edu.br\/antropologia\/files\/2019\/09\/TCC-EBERSON-VALADAO.pdf\">VALAD\u00c3O, E. G. &#8211; NARRATIVAS SOBRE A ESTA\u00c7\u00c3O F\u00c9RREA DE PELOTAS\/RS: O DESPERTAR DO SONHO DA MODERNIDADE<\/a><\/p>\n<p>2017<\/p>\n<p><a href=\"https:\/\/wp.ufpel.edu.br\/antropologia\/files\/2019\/09\/JULIA-GOLIVA.pdf\">DIAS, J. M. G. &#8211; AS JARRAS DE BARRO DA CASA: G\u00caNERO, RA\u00c7A E CLASSE NO CASAR\u00c3O OITOCENTISTA EM PELOTAS\/RS<\/a><\/p>\n<p><a href=\"https:\/\/wp.ufpel.edu.br\/antropologia\/tcc-yuri-yung\/\">GRILLO, Y. Z. Y. &#8211; O ESTUDO DA HEGEMONIA NA PESQUISA ARQUEOL\u00d3GICA<\/a><\/p>\n<p><a href=\"https:\/\/wp.ufpel.edu.br\/antropologia\/files\/2019\/09\/SIMONE-TCC.pdf\">MATHIAS, S. F. &#8211; Corpos que se Vestem, Corpos que contam Hist\u00f3rias: Narrativas sobre escravid\u00e3o atrav\u00e9s do olhar de Pretas Velhas e Pretos Velhos em Pelotas-RS<\/a><\/p>\n<p><a href=\"https:\/\/wp.ufpel.edu.br\/antropologia\/tccbeatriz-mendes-silva\/\">SILVA, B. H. M. da. &#8211; A import\u00e2ncia das cotas como instrumento de repara\u00e7\u00e3o social\/hist\u00f3rica: uma an\u00e1lise do sistema de cotas raciais no Bacharelado em Antropologia da Universidade Federal de Pelotas \u2013 UFPel<\/a><\/p>\n<p><a href=\"https:\/\/wp.ufpel.edu.br\/antropologia\/ok-tcc1-maysa-luana\/\">SILVA, M. L. &#8211; TRABALHO DOM\u00c9STICO: DIREITOS E RESIST\u00caNCIA POL\u00cdTICA ENTRE ATRAVESSAMENTOS DA ATUA\u00c7\u00c3O SINDICAL E SISTEMA JUR\u00cdDICO NO SINDICATO DAS TRABALHADORAS DOM\u00c9STICAS DE PELOTAS, RS<\/a><\/p>\n<p>2016<\/p>\n<p>&nbsp;<\/p>\n<p>2015<\/p>\n<p><a href=\"https:\/\/wp.ufpel.edu.br\/antropologia\/tcc-dayanne-dockhorn\/\">SEGER, D. D. &#8211; Olhares antigos e modernos: ideologia e representa\u00e7\u00e3o feminina em contextos de trabalho na Atenas cl\u00e1ssica<\/a><\/p>\n<p>2014<\/p>\n<p><a href=\"https:\/\/wp.ufpel.edu.br\/antropologia\/tcc_patricia_cruz_versaoparacd\/\">CRUZ, P. P. &#8211; MAPEANDO A REDE ECOL\u00d3GICA NA REGI\u00c3O DE PELOTAS: Organiza\u00e7\u00e3o, alimento e corpo<\/a><\/p>\n<p><a href=\"https:\/\/wp.ufpel.edu.br\/antropologia\/tcc-ricardo-finkler-ceramica-psg-06-valverde\/\">FINKLER, R. R. &#8211; AN\u00c1LISE DO PERFIL TECNOL\u00d3GICO DA IND\u00daSTRIA CER\u00c2MICA DO CERRITO PSG-06 VALVERDE, PELOTAS\/RS-BRASIL<\/a><\/p>\n<p><a href=\"https:\/\/wp.ufpel.edu.br\/antropologia\/oktcc_roberta\/\">GON\u00c7ALVES, R. X. &#8211; MUSICALIDADE NO VALE DO AMANHECER: Mensagem e Simbologia da Express\u00e3o Sonora nos Rituais de Terapia Espiritual<\/a><\/p>\n<p><a href=\"https:\/\/wp.ufpel.edu.br\/antropologia\/ok-luiza-wolff-mojuba-seres-materiais\/\">WOLFF, &#8211; L. S. P. &#8211; Mojub\u00e1, Seres Materiais! Novas perspectivas sobre os objetos no culto nag\u00f4<\/a><\/p>\n<p>2013<\/p>\n<p><a href=\"https:\/\/wp.ufpel.edu.br\/antropologia\/files\/2019\/09\/ISABEL-CAMPOS.pdf\">CAMPOS, I. S. &#8211; RELIGI\u00d5ES DE MATRIZ AFRICANA: ENTRE O RECONHECIMENTO E\u00a0 INTOLER\u00c2NCIA RELIGIOSA<\/a><\/p>\n<p><a href=\"https:\/\/wp.ufpel.edu.br\/antropologia\/oktcc-camile-vergara\/\">VERGARA, C. T. &#8211; Arte, Contracultura e Nomadismo: O Corpo em Movimento Contra a Autoridade<\/a><\/p>\n","protected":false},"excerpt":{"rendered":"<p>EM CONSTRU\u00c7\u00c3O 2019 FACHINI, J. &#8211; \u00c1guas calmas n\u00e3o fazem bons arque\u00f3logos: Os desafios da Arqueologia Subaqu\u00e1tica no Brasil MARQUES, G. F. &#8211; UMA TRAN\u00c7A DE PESSOAS E LUGARES EM ATMOSFERAS URBANAS ATRAV\u00c9S DA M\u00daSICA ELETR\u00d4NICA ROSA, P. S. da. &hellip; <a href=\"https:\/\/wp.ufpel.edu.br\/antropologia\/graduacao\/tccs\/\">Continue lendo <span class=\"meta-nav\">&rarr;<\/span><\/a><\/p>\n","protected":false},"author":641,"featured_media":0,"parent":88,"menu_order":2,"comment_status":"closed","ping_status":"closed","template":"sidebar-page.php","meta":{"footnotes":""},"class_list":["post-130","page","type-page","status-publish","hentry"],"_links":{"self":[{"href":"https:\/\/wp.ufpel.edu.br\/antropologia\/wp-json\/wp\/v2\/pages\/130","targetHints":{"allow":["GET"]}}],"collection":[{"href":"https:\/\/wp.ufpel.edu.br\/antropologia\/wp-json\/wp\/v2\/pages"}],"about":[{"href":"https:\/\/wp.ufpel.edu.br\/antropologia\/wp-json\/wp\/v2\/types\/page"}],"author":[{"embeddable":true,"href":"https:\/\/wp.ufpel.edu.br\/antropologia\/wp-json\/wp\/v2\/users\/641"}],"replies":[{"embeddable":true,"href":"https:\/\/wp.ufpel.edu.br\/antropologia\/wp-json\/wp\/v2\/comments?post=130"}],"version-history":[{"count":8,"href":"https:\/\/wp.ufpel.edu.br\/antropologia\/wp-json\/wp\/v2\/pages\/130\/revisions"}],"predecessor-version":[{"id":471,"href":"https:\/\/wp.ufpel.edu.br\/antropologia\/wp-json\/wp\/v2\/pages\/130\/revisions\/471"}],"up":[{"embeddable":true,"href":"https:\/\/wp.ufpel.edu.br\/antropologia\/wp-json\/wp\/v2\/pages\/88"}],"wp:attachment":[{"href":"https:\/\/wp.ufpel.edu.br\/antropologia\/wp-json\/wp\/v2\/media?parent=130"}],"curies":[{"name":"wp","href":"https:\/\/api.w.org\/{rel}","templated":true}]}}