{"id":115,"date":"2016-09-30T09:54:18","date_gmt":"2016-09-30T12:54:18","guid":{"rendered":"https:\/\/wp.ufpel.edu.br\/antropologia\/?page_id=115"},"modified":"2025-05-06T11:09:11","modified_gmt":"2025-05-06T14:09:11","slug":"sobre-a-graduacao","status":"publish","type":"page","link":"https:\/\/wp.ufpel.edu.br\/antropologia\/","title":{"rendered":"Bacharelado em Antropologia"},"content":{"rendered":"<hr \/>\n<p class=\"texto\" style=\"text-align: justify;\">O curso de gradua\u00e7\u00e3o em Antropologia, criado em 2008, faz parte do Departamento de Antropologia e Arqueologia do Instituto de Ci\u00eancias Humanas da Universidade Federal de Pelotas. Est\u00e1 inserido em um movimento de (re) aproxima\u00e7\u00e3o estrat\u00e9gica, oportuna e inovadora entre a Antropologia Social e Cultural e a Arqueologia no pa\u00eds.<br \/>\nTrata-se de um bacharelado voltado para uma forma\u00e7\u00e3o hol\u00edstica, de car\u00e1ter inter, multi e transdisciplinar, aliando saberes t\u00e9cnico-cient\u00edficos com compromissos \u00e9ticos e sociais. Esta perspectiva profissional tamb\u00e9m vai ao encontro de demandas da sociedade e do mercado de trabalho: prefeituras municipais, governos estaduais, FUNAI, INCRA, MPF, empresas de consultoria cient\u00edfica, ONGs, educa\u00e7\u00e3o superior etc.<\/p>\n<p class=\"texto\" style=\"text-align: justify;\">Para tanto, a gradua\u00e7\u00e3o conta com t\u00e9cnicos capacitados e com um corpo docente experiente e qualificado nas melhores universidades do pa\u00eds e do exterior. Tamb\u00e9m funciona com o apoio de laborat\u00f3rios, grupos de pesquisa e n\u00facleos de estudo, nos quais s\u00e3o desenvolvidas atividades de ensino, pesquisa e extens\u00e3o, orientadas pela busca de um equil\u00edbrio entre teoria e pr\u00e1tica.<\/p>\n<p class=\"texto\" style=\"text-align: justify;\">Em 2014 o curso foi avaliado pelo MEC, recebendo nota 4 (sendo 5 a nota m\u00e1xima).<\/p>\n<p><strong><span style=\"color: #993300;\">Com a forma\u00e7\u00e3o do novo bacharelado em Arqueologia, o bacharelado em Antropologia, a partir de 2020, n\u00e3o tem mais a linha de forma\u00e7\u00e3o em Arqueologia.<\/span><\/strong><\/p>\n<p><a href=\"https:\/\/wp.ufpel.edu.br\/antropologia\/files\/2025\/05\/PPC_Bacharelado_em_Antropologia_062023.pdf\">Projeto Pedag\u00f3gico do Curso<\/a><\/p>\n","protected":false},"excerpt":{"rendered":"<p>O curso de gradua\u00e7\u00e3o em Antropologia, criado em 2008, faz parte do Departamento de Antropologia e Arqueologia do Instituto de Ci\u00eancias Humanas da Universidade Federal de Pelotas. Est\u00e1 inserido em um movimento de (re) aproxima\u00e7\u00e3o estrat\u00e9gica, oportuna e inovadora entre &hellip; <a href=\"https:\/\/wp.ufpel.edu.br\/antropologia\/\">Continue lendo <span class=\"meta-nav\">&rarr;<\/span><\/a><\/p>\n","protected":false},"author":641,"featured_media":0,"parent":0,"menu_order":1,"comment_status":"closed","ping_status":"closed","template":"sidebar-page.php","meta":{"footnotes":""},"class_list":["post-115","page","type-page","status-publish","hentry"],"_links":{"self":[{"href":"https:\/\/wp.ufpel.edu.br\/antropologia\/wp-json\/wp\/v2\/pages\/115","targetHints":{"allow":["GET"]}}],"collection":[{"href":"https:\/\/wp.ufpel.edu.br\/antropologia\/wp-json\/wp\/v2\/pages"}],"about":[{"href":"https:\/\/wp.ufpel.edu.br\/antropologia\/wp-json\/wp\/v2\/types\/page"}],"author":[{"embeddable":true,"href":"https:\/\/wp.ufpel.edu.br\/antropologia\/wp-json\/wp\/v2\/users\/641"}],"replies":[{"embeddable":true,"href":"https:\/\/wp.ufpel.edu.br\/antropologia\/wp-json\/wp\/v2\/comments?post=115"}],"version-history":[{"count":13,"href":"https:\/\/wp.ufpel.edu.br\/antropologia\/wp-json\/wp\/v2\/pages\/115\/revisions"}],"predecessor-version":[{"id":538,"href":"https:\/\/wp.ufpel.edu.br\/antropologia\/wp-json\/wp\/v2\/pages\/115\/revisions\/538"}],"wp:attachment":[{"href":"https:\/\/wp.ufpel.edu.br\/antropologia\/wp-json\/wp\/v2\/media?parent=115"}],"curies":[{"name":"wp","href":"https:\/\/api.w.org\/{rel}","templated":true}]}}