{"id":465,"date":"2022-06-27T22:10:14","date_gmt":"2022-06-28T01:10:14","guid":{"rendered":"https:\/\/wp.ufpel.edu.br\/antoniomauricio\/?page_id=465"},"modified":"2022-06-27T22:11:12","modified_gmt":"2022-06-28T01:11:12","slug":"fead","status":"publish","type":"page","link":"https:\/\/wp.ufpel.edu.br\/antoniomauricio\/clmd\/fead\/","title":{"rendered":"FEAD"},"content":{"rendered":"<p>Texto: A educa\u00e7\u00e3o a Dist\u00e2ncia do Brasil (<a href=\"https:\/\/wp.ufpel.edu.br\/antoniomauricio\/files\/2022\/06\/Ead-no-Brasil-Antonio2.pdf\">clique aqui<\/a>)<\/p>\n<p>Apresenta\u00e7\u00e3o: AVA e-aula (<a href=\"https:\/\/wp.ufpel.edu.br\/antoniomauricio\/files\/2022\/06\/AVA-e-aula.pdf\">clique aqui<\/a>)<\/p>\n<p>Texto: Sujeitos da EaD (<a href=\"https:\/\/wp.ufpel.edu.br\/antoniomauricio\/files\/2022\/06\/Texto-2_Cap2.pdf\">clique aqui<\/a>)<\/p>\n<p>Texto: Ser aluno EaD (<a href=\"https:\/\/wp.ufpel.edu.br\/antoniomauricio\/files\/2022\/06\/ser-aluno_ead_estudante.pdf\">clique aqui<\/a>)<\/p>\n<p>Orienta\u00e7\u00f5es para produzir o resumo (<a href=\"https:\/\/wp.ufpel.edu.br\/antoniomauricio\/files\/2022\/06\/Modelo-doc-4.doc\">clique aqui<\/a>)<\/p>\n<p>Atividade sobre OVA (<a href=\"https:\/\/wp.ufpel.edu.br\/antoniomauricio\/files\/2022\/06\/Atividade-P2-Orientacoes.pdf\">clique aqui<\/a>)<\/p>\n","protected":false},"excerpt":{"rendered":"<p>Texto: A educa\u00e7\u00e3o a Dist\u00e2ncia do Brasil (clique aqui) Apresenta\u00e7\u00e3o: AVA e-aula (clique aqui) Texto: Sujeitos da EaD (clique aqui) Texto: Ser aluno EaD (clique aqui) Orienta\u00e7\u00f5es para produzir o resumo (clique aqui) Atividade sobre OVA (clique aqui)<\/p>\n","protected":false},"author":481,"featured_media":0,"parent":450,"menu_order":0,"comment_status":"closed","ping_status":"closed","template":"","meta":{"footnotes":""},"class_list":["post-465","page","type-page","status-publish","hentry","nodate","item-wrap"],"_links":{"self":[{"href":"https:\/\/wp.ufpel.edu.br\/antoniomauricio\/wp-json\/wp\/v2\/pages\/465","targetHints":{"allow":["GET"]}}],"collection":[{"href":"https:\/\/wp.ufpel.edu.br\/antoniomauricio\/wp-json\/wp\/v2\/pages"}],"about":[{"href":"https:\/\/wp.ufpel.edu.br\/antoniomauricio\/wp-json\/wp\/v2\/types\/page"}],"author":[{"embeddable":true,"href":"https:\/\/wp.ufpel.edu.br\/antoniomauricio\/wp-json\/wp\/v2\/users\/481"}],"replies":[{"embeddable":true,"href":"https:\/\/wp.ufpel.edu.br\/antoniomauricio\/wp-json\/wp\/v2\/comments?post=465"}],"version-history":[{"count":2,"href":"https:\/\/wp.ufpel.edu.br\/antoniomauricio\/wp-json\/wp\/v2\/pages\/465\/revisions"}],"predecessor-version":[{"id":468,"href":"https:\/\/wp.ufpel.edu.br\/antoniomauricio\/wp-json\/wp\/v2\/pages\/465\/revisions\/468"}],"up":[{"embeddable":true,"href":"https:\/\/wp.ufpel.edu.br\/antoniomauricio\/wp-json\/wp\/v2\/pages\/450"}],"wp:attachment":[{"href":"https:\/\/wp.ufpel.edu.br\/antoniomauricio\/wp-json\/wp\/v2\/media?parent=465"}],"curies":[{"name":"wp","href":"https:\/\/api.w.org\/{rel}","templated":true}]}}