{"id":28,"date":"2015-02-11T15:56:17","date_gmt":"2015-02-11T17:56:17","guid":{"rendered":"https:\/\/wp.ufpel.edu.br\/antoniomauricio\/?page_id=28"},"modified":"2020-04-01T20:26:37","modified_gmt":"2020-04-01T23:26:37","slug":"contato","status":"publish","type":"page","link":"https:\/\/wp.ufpel.edu.br\/antoniomauricio\/contato\/","title":{"rendered":"Contato"},"content":{"rendered":"<div>\n<hr \/>\n<p>Prof. Dr. Ant\u00f4nio Maur\u00edcio Medeiros Alves<\/p>\n<\/div>\n<div>UFPel &#8211; Universidade Federal de Pelotas<\/div>\n<div>Faculdade de Educa\u00e7\u00e3o &#8211; FaE<\/div>\n<div>\n<p>Departamento de Ensino &#8211; DE<\/p>\n<div dir=\"ltr\">Fone +55 xx (53) 3284-5533\/(53) 3284-5538<\/div>\n<div dir=\"ltr\">Cel +55 xx (53) 98123-7700<\/div>\n<div dir=\"ltr\">Rua Coronel Alberto Rosa, 154 &#8211; Centro<\/div>\n<div dir=\"ltr\">Pelotas &#8211; RS &#8211; CEP 96010-770, BRASIL<\/div>\n<\/div>\n<div>e-mail: alves.antoniomauricio@gmail.com<\/div>\n<div>\n<hr \/>\n<\/div>\n<div>Se preferir envie sua mensagem por aqui:<\/div>\n<div>\n<div class=\"wpcf7 no-js\" id=\"wpcf7-f36-o1\" lang=\"pt-BR\" dir=\"ltr\" data-wpcf7-id=\"36\">\n<div class=\"screen-reader-response\"><p role=\"status\" aria-live=\"polite\" aria-atomic=\"true\"><\/p> <ul><\/ul><\/div>\n<form action=\"\/antoniomauricio\/wp-json\/wp\/v2\/pages\/28#wpcf7-f36-o1\" method=\"post\" class=\"wpcf7-form init\" aria-label=\"Formul\u00e1rios de contato\" novalidate=\"novalidate\" data-status=\"init\">\n<fieldset class=\"hidden-fields-container\"><input type=\"hidden\" name=\"_wpcf7\" value=\"36\" \/><input type=\"hidden\" name=\"_wpcf7_version\" value=\"6.1.4\" \/><input type=\"hidden\" name=\"_wpcf7_locale\" value=\"pt_BR\" \/><input type=\"hidden\" name=\"_wpcf7_unit_tag\" value=\"wpcf7-f36-o1\" \/><input type=\"hidden\" name=\"_wpcf7_container_post\" value=\"0\" \/><input type=\"hidden\" name=\"_wpcf7_posted_data_hash\" value=\"\" \/>\n<\/fieldset>\n<p>Seu nome (obrigat\u00f3rio)\n<\/p>\n<p><span class=\"wpcf7-form-control-wrap\" data-name=\"your-name\"><input size=\"40\" maxlength=\"400\" class=\"wpcf7-form-control wpcf7-text wpcf7-validates-as-required\" aria-required=\"true\" aria-invalid=\"false\" value=\"\" type=\"text\" name=\"your-name\" \/><\/span>\n<\/p>\n<p>Seu e-mail (obrigat\u00f3rio)\n<\/p>\n<p><span class=\"wpcf7-form-control-wrap\" data-name=\"your-email\"><input size=\"40\" maxlength=\"400\" class=\"wpcf7-form-control wpcf7-email wpcf7-validates-as-required wpcf7-text wpcf7-validates-as-email\" aria-required=\"true\" aria-invalid=\"false\" value=\"\" type=\"email\" name=\"your-email\" \/><\/span>\n<\/p>\n<p>Assunto\n<\/p>\n<p><span class=\"wpcf7-form-control-wrap\" data-name=\"your-subject\"><input size=\"40\" maxlength=\"400\" class=\"wpcf7-form-control wpcf7-text\" aria-invalid=\"false\" value=\"\" type=\"text\" name=\"your-subject\" \/><\/span>\n<\/p>\n<p>Sua mensagem\n<\/p>\n<p><span class=\"wpcf7-form-control-wrap\" data-name=\"your-message\"><textarea cols=\"40\" rows=\"10\" maxlength=\"2000\" class=\"wpcf7-form-control wpcf7-textarea\" aria-invalid=\"false\" name=\"your-message\"><\/textarea><\/span>\n<\/p>\n<p><input class=\"wpcf7-form-control wpcf7-submit has-spinner\" type=\"submit\" value=\"Enviar\" \/>\n<\/p><p style=\"display: none !important;\" class=\"akismet-fields-container\" data-prefix=\"_wpcf7_ak_\"><label>&#916;<textarea name=\"_wpcf7_ak_hp_textarea\" cols=\"45\" rows=\"8\" maxlength=\"100\"><\/textarea><\/label><input type=\"hidden\" id=\"ak_js_1\" name=\"_wpcf7_ak_js\" value=\"224\"\/><script>document.getElementById( \"ak_js_1\" ).setAttribute( \"value\", ( new Date() ).getTime() );<\/script><\/p><div class=\"wpcf7-response-output\" aria-hidden=\"true\"><\/div>\n<\/form>\n<\/div>\n<\/div>\n","protected":false},"excerpt":{"rendered":"<p>Prof. Dr. Ant\u00f4nio Maur\u00edcio Medeiros Alves UFPel &#8211; Universidade Federal de Pelotas Faculdade de Educa\u00e7\u00e3o &#8211; FaE Departamento de Ensino &#8211; DE Fone +55 xx (53) 3284-5533\/(53) 3284-5538 Cel +55 xx (53) 98123-7700 Rua Coronel Alberto Rosa, 154 &#8211; Centro Pelotas &#8211; RS &#8211; CEP 96010-770, BRASIL e-mail: alves.antoniomauricio@gmail.com Se preferir envie sua mensagem por &hellip; <\/p>\n<p><a class=\"more-link btn\" href=\"https:\/\/wp.ufpel.edu.br\/antoniomauricio\/contato\/\">Continue lendo<\/a><\/p>\n","protected":false},"author":481,"featured_media":0,"parent":0,"menu_order":2,"comment_status":"closed","ping_status":"closed","template":"","meta":{"footnotes":""},"class_list":["post-28","page","type-page","status-publish","hentry","nodate","item-wrap"],"_links":{"self":[{"href":"https:\/\/wp.ufpel.edu.br\/antoniomauricio\/wp-json\/wp\/v2\/pages\/28","targetHints":{"allow":["GET"]}}],"collection":[{"href":"https:\/\/wp.ufpel.edu.br\/antoniomauricio\/wp-json\/wp\/v2\/pages"}],"about":[{"href":"https:\/\/wp.ufpel.edu.br\/antoniomauricio\/wp-json\/wp\/v2\/types\/page"}],"author":[{"embeddable":true,"href":"https:\/\/wp.ufpel.edu.br\/antoniomauricio\/wp-json\/wp\/v2\/users\/481"}],"replies":[{"embeddable":true,"href":"https:\/\/wp.ufpel.edu.br\/antoniomauricio\/wp-json\/wp\/v2\/comments?post=28"}],"version-history":[{"count":8,"href":"https:\/\/wp.ufpel.edu.br\/antoniomauricio\/wp-json\/wp\/v2\/pages\/28\/revisions"}],"predecessor-version":[{"id":345,"href":"https:\/\/wp.ufpel.edu.br\/antoniomauricio\/wp-json\/wp\/v2\/pages\/28\/revisions\/345"}],"wp:attachment":[{"href":"https:\/\/wp.ufpel.edu.br\/antoniomauricio\/wp-json\/wp\/v2\/media?parent=28"}],"curies":[{"name":"wp","href":"https:\/\/api.w.org\/{rel}","templated":true}]}}