{"id":26,"date":"2015-02-11T15:52:18","date_gmt":"2015-02-11T17:52:18","guid":{"rendered":"https:\/\/wp.ufpel.edu.br\/antoniomauricio\/?page_id=26"},"modified":"2020-04-15T15:24:25","modified_gmt":"2020-04-15T18:24:25","slug":"quem-sou-eu","status":"publish","type":"page","link":"https:\/\/wp.ufpel.edu.br\/antoniomauricio\/quem-sou-eu\/","title":{"rendered":"Quem sou eu"},"content":{"rendered":"<p><a href=\"https:\/\/wp.ufpel.edu.br\/antoniomauricio\/files\/2015\/02\/foto.jpg\"><img loading=\"lazy\" decoding=\"async\" class=\"alignnone size-medium wp-image-53\" src=\"https:\/\/wp.ufpel.edu.br\/antoniomauricio\/files\/2015\/02\/foto-318x318.jpg\" alt=\"foto\" width=\"318\" height=\"318\" srcset=\"https:\/\/wp.ufpel.edu.br\/antoniomauricio\/files\/2015\/02\/foto-318x318.jpg 318w, https:\/\/wp.ufpel.edu.br\/antoniomauricio\/files\/2015\/02\/foto-159x159.jpg 159w, https:\/\/wp.ufpel.edu.br\/antoniomauricio\/files\/2015\/02\/foto.jpg 686w\" sizes=\"auto, (max-width: 318px) 100vw, 318px\" \/><\/a><\/p>\n<p><span class=\"Apple-converted-space\">Possui Licenciatura Plena em Matem\u00e1tica pela Universidade Cat\u00f3lica de Pelotas (1996) e Gradua\u00e7\u00e3o em Pedagogia pelo Centro Universit\u00e1rio Internacional &#8211; UNINTER (2018). Especializa\u00e7\u00e3o em Educa\u00e7\u00e3o Matem\u00e1tica (1997), pela mesma universidade, Mestrado (2005) e Doutorado (2013) em Educa\u00e7\u00e3o pela Universidade Federal de Pelotas. Professor Adjunto dessa mesma universidade (UFPEL), lotado no Departamento de Ensino (DE) da Faculdade de Educa\u00e7\u00e3o (FaE). Atua como docente do Curso de Pedagogia, na \u00e1rea de Ensino de Matem\u00e1tica e nos Programas de P\u00f3s-Gradua\u00e7\u00e3o em Ensino de Ci\u00eancias e Matem\u00e1tica &#8211; Mestrado Profissional (PPGECM) da FaE\/UFPel e Mestrado (acad\u00eamico) em Educa\u00e7\u00e3o Matem\u00e1tica (PPGEM) do IFM\/UFPel. Pertence aos grupos de pesquisa cadastrados no CNPq, HISALES &#8211; Hist\u00f3ria da Alfabetiza\u00e7\u00e3o, Leitura, Escrita e dos Livros Escolares (FaE\/UFPel), GEEMAI &#8211; Grupo de Estudos sobre Educa\u00e7\u00e3o Matem\u00e1tica com \u00eanfase nos Anos Iniciais (FaE\/UFPEL), do qual \u00e9 L\u00edder e GHEMAT &#8211; Grupo de Pesquisa de Hist\u00f3ria da Educa\u00e7\u00e3o Matem\u00e1tica no Brasil. \u00c9 s\u00f3cio da Sociedade Brasileira de Educa\u00e7\u00e3o Matem\u00e1tica (SBEM) e membro do GT01 &#8211; Matem\u00e1tica na Educa\u00e7\u00e3o Infantil e nos Anos Iniciais do Ensino Fundamental. Tem experi\u00eancia na \u00e1rea da educa\u00e7\u00e3o, com \u00eanfase em Ensino de Matem\u00e1tica, atuando principalmente nas seguintes \u00e1reas: forma\u00e7\u00e3o de professores, educa\u00e7\u00e3o a dist\u00e2ncia, alfabetiza\u00e7\u00e3o matem\u00e1tica, numeramento, pr\u00e1tica e metodologia de ensino de matem\u00e1tica, livros did\u00e1ticos e ensino de Matem\u00e1tica nos Anos Iniciais, Hist\u00f3ria da Educa\u00e7\u00e3o Matem\u00e1tica. Atuou como coordenador de Colegiado do Curso de Licenciatura em Matem\u00e1tica (CLM\/UFPel) e do Projeto Pacto Nacional pela Alfabetiza\u00e7\u00e3o na Idade Certa e, tamb\u00e9m, como avaliador do Programa Nacional do Livro Did\u00e1tico &#8211; PNLD. Atualmente \u00e9 Chefe do N\u00facleo de Licenciaturas e Est\u00e1gios, da Pr\u00f3-Reitoria de Ensino (NULIC\/PRE\/UFPel)<\/span><\/p>\n<p><a href=\"http:\/\/lattes.cnpq.br\/3704006449718179\" target=\"_blank\" rel=\"noopener noreferrer\">Curr\u00edculo Lattes<\/a><\/p>\n<p><a href=\"https:\/\/orcid.org\/0000-0001-5857-4283\" target=\"_blank\" rel=\"noopener noreferrer\">ORCID<\/a><\/p>\n","protected":false},"excerpt":{"rendered":"<p>Possui Licenciatura Plena em Matem\u00e1tica pela Universidade Cat\u00f3lica de Pelotas (1996) e Gradua\u00e7\u00e3o em Pedagogia pelo Centro Universit\u00e1rio Internacional &#8211; UNINTER (2018). Especializa\u00e7\u00e3o em Educa\u00e7\u00e3o Matem\u00e1tica (1997), pela mesma universidade, Mestrado (2005) e Doutorado (2013) em Educa\u00e7\u00e3o pela Universidade Federal de Pelotas. Professor Adjunto dessa mesma universidade (UFPEL), lotado no Departamento de Ensino (DE) da &hellip; <\/p>\n<p><a class=\"more-link btn\" href=\"https:\/\/wp.ufpel.edu.br\/antoniomauricio\/quem-sou-eu\/\">Continue lendo<\/a><\/p>\n","protected":false},"author":481,"featured_media":0,"parent":0,"menu_order":1,"comment_status":"closed","ping_status":"closed","template":"","meta":{"footnotes":""},"class_list":["post-26","page","type-page","status-publish","hentry","nodate","item-wrap"],"_links":{"self":[{"href":"https:\/\/wp.ufpel.edu.br\/antoniomauricio\/wp-json\/wp\/v2\/pages\/26","targetHints":{"allow":["GET"]}}],"collection":[{"href":"https:\/\/wp.ufpel.edu.br\/antoniomauricio\/wp-json\/wp\/v2\/pages"}],"about":[{"href":"https:\/\/wp.ufpel.edu.br\/antoniomauricio\/wp-json\/wp\/v2\/types\/page"}],"author":[{"embeddable":true,"href":"https:\/\/wp.ufpel.edu.br\/antoniomauricio\/wp-json\/wp\/v2\/users\/481"}],"replies":[{"embeddable":true,"href":"https:\/\/wp.ufpel.edu.br\/antoniomauricio\/wp-json\/wp\/v2\/comments?post=26"}],"version-history":[{"count":10,"href":"https:\/\/wp.ufpel.edu.br\/antoniomauricio\/wp-json\/wp\/v2\/pages\/26\/revisions"}],"predecessor-version":[{"id":363,"href":"https:\/\/wp.ufpel.edu.br\/antoniomauricio\/wp-json\/wp\/v2\/pages\/26\/revisions\/363"}],"wp:attachment":[{"href":"https:\/\/wp.ufpel.edu.br\/antoniomauricio\/wp-json\/wp\/v2\/media?parent=26"}],"curies":[{"name":"wp","href":"https:\/\/api.w.org\/{rel}","templated":true}]}}