{"id":230,"date":"2018-09-17T16:11:20","date_gmt":"2018-09-17T19:11:20","guid":{"rendered":"https:\/\/wp.ufpel.edu.br\/antoniomauricio\/?page_id=230"},"modified":"2018-10-05T16:55:47","modified_gmt":"2018-10-05T19:55:47","slug":"pibid-ufpel","status":"publish","type":"page","link":"https:\/\/wp.ufpel.edu.br\/antoniomauricio\/publicacoes\/pibid-ufpel\/","title":{"rendered":"Publica\u00e7\u00f5es PIBID-UFPel"},"content":{"rendered":"<p>Nesse espa\u00e7o est\u00e3o disponibilizadas diferentes publica\u00e7\u00f5es do PIBID\/UFPel<\/p>\n<p><a href=\"https:\/\/wp.ufpel.edu.br\/antoniomauricio\/files\/2018\/09\/Contribui\u00e7\u00f5es-pibid-ufpel-E-book.pdf\">ALVES, Antonio Mauricio Medeiros &amp; SILVEIRA, Denise. PIBID-UFPEL: um olhar para o subprojeto Matem\u00e1tica nos Anos Iniciais. In: LEITE, Vanessa Caldeira et al.\u00a0<strong>Contribui\u00e7\u00f5es Pibid-Ufpel: inova\u00e7\u00f5es, desafios e realidades das diferentes \u00e1reas do conhecimento [e-book]. S\u00e3o Leopoldo: Oikos, 2018. p.63-76.<\/strong><\/a><\/p>\n<p><a href=\"https:\/\/wp.ufpel.edu.br\/antoniomauricio\/files\/2018\/09\/Pibid-UFPel-A-inicia\u00e7\u00e3o-a-doc\u00eancia-E-book.pdf\">PARNOFF, Leticia Klein &amp; ALVES, Antonio Mauricio Medeiros . A import\u00e2ncia da Matem\u00e1tica nos Anos Iniciais sob o olhar do PIBID. In: LEITE, Vanessa Caldeira et al.\u00a0<strong>Pibid-Ufpel: a inicia\u00e7\u00e3o \u00e0 doc\u00eancia sob o olhar de sujeito de diferentes \u00e1reas do conhecimento [e-book]. S\u00e3o Leopoldo: Oikos, 2018. p.184-190.<\/strong><\/a><\/p>\n","protected":false},"excerpt":{"rendered":"<p>Nesse espa\u00e7o est\u00e3o disponibilizadas diferentes publica\u00e7\u00f5es do PIBID\/UFPel ALVES, Antonio Mauricio Medeiros &amp; SILVEIRA, Denise. PIBID-UFPEL: um olhar para o subprojeto Matem\u00e1tica nos Anos Iniciais. In: LEITE, Vanessa Caldeira et al.\u00a0Contribui\u00e7\u00f5es Pibid-Ufpel: inova\u00e7\u00f5es, desafios e realidades das diferentes \u00e1reas do conhecimento [e-book]. S\u00e3o Leopoldo: Oikos, 2018. p.63-76. PARNOFF, Leticia Klein &amp; ALVES, Antonio Mauricio Medeiros &hellip; <\/p>\n<p><a class=\"more-link btn\" href=\"https:\/\/wp.ufpel.edu.br\/antoniomauricio\/publicacoes\/pibid-ufpel\/\">Continue lendo<\/a><\/p>\n","protected":false},"author":481,"featured_media":0,"parent":143,"menu_order":0,"comment_status":"closed","ping_status":"closed","template":"","meta":{"footnotes":""},"class_list":["post-230","page","type-page","status-publish","hentry","nodate","item-wrap"],"_links":{"self":[{"href":"https:\/\/wp.ufpel.edu.br\/antoniomauricio\/wp-json\/wp\/v2\/pages\/230","targetHints":{"allow":["GET"]}}],"collection":[{"href":"https:\/\/wp.ufpel.edu.br\/antoniomauricio\/wp-json\/wp\/v2\/pages"}],"about":[{"href":"https:\/\/wp.ufpel.edu.br\/antoniomauricio\/wp-json\/wp\/v2\/types\/page"}],"author":[{"embeddable":true,"href":"https:\/\/wp.ufpel.edu.br\/antoniomauricio\/wp-json\/wp\/v2\/users\/481"}],"replies":[{"embeddable":true,"href":"https:\/\/wp.ufpel.edu.br\/antoniomauricio\/wp-json\/wp\/v2\/comments?post=230"}],"version-history":[{"count":4,"href":"https:\/\/wp.ufpel.edu.br\/antoniomauricio\/wp-json\/wp\/v2\/pages\/230\/revisions"}],"predecessor-version":[{"id":238,"href":"https:\/\/wp.ufpel.edu.br\/antoniomauricio\/wp-json\/wp\/v2\/pages\/230\/revisions\/238"}],"up":[{"embeddable":true,"href":"https:\/\/wp.ufpel.edu.br\/antoniomauricio\/wp-json\/wp\/v2\/pages\/143"}],"wp:attachment":[{"href":"https:\/\/wp.ufpel.edu.br\/antoniomauricio\/wp-json\/wp\/v2\/media?parent=230"}],"curies":[{"name":"wp","href":"https:\/\/api.w.org\/{rel}","templated":true}]}}