{"id":175,"date":"2017-11-08T01:19:02","date_gmt":"2017-11-08T03:19:02","guid":{"rendered":"https:\/\/wp.ufpel.edu.br\/antoniomauricio\/?page_id=175"},"modified":"2017-11-08T01:20:03","modified_gmt":"2017-11-08T03:20:03","slug":"pibid-subprojeto-matematica-nos-anos-iniciais","status":"publish","type":"page","link":"https:\/\/wp.ufpel.edu.br\/antoniomauricio\/pibid-subprojeto-matematica-nos-anos-iniciais\/","title":{"rendered":"PIBID"},"content":{"rendered":"<p>PIBID &#8211; Subprojeto Matem\u00e1tica nos Anos Iniciais<\/p>\n<p>O Programa Institucional de Bolsas de Inicia\u00e7\u00e3o a Doc\u00eancia \u2013 PIBID inclui o subprojeto \u201cMatem\u00e1tica nos Anos Iniciais\u201d que tem entre seus objetivos o desenvolvimento de materiais did\u00e1ticos manipul\u00e1veis que desenvolvam as habilidades b\u00e1sicas para o estudo de Matem\u00e1tica, tais como seria\u00e7\u00e3o, classifica\u00e7\u00e3o, correspond\u00eancia, equival\u00eancia, conserva\u00e7\u00e3o do n\u00famero, entre outras, que possibilitem a inser\u00e7\u00e3o no debate a respeito da atua\u00e7\u00e3o matem\u00e1tica dos professores dos anos iniciais do ensino fundamental.<br \/>\nImportante destacar a cria\u00e7\u00e3o de grupos de estudos, formados por pibidianos, coordenadores de \u00e1rea e supervisores visando o incentivo ao uso de materiais concretos no ensino de Matem\u00e1tica nos anos iniciais.<br \/>\nNeste projeto desenvolvemos atividades de \u00e1rea e atividades interdisciplinares, as quais s\u00e3o aplicadas nas escolas atendidas pelo projeto.<\/p>\n<p>Visitem o blog do projeto, clicando <a href=\"http:\/\/pibidmatematicaufpel.blogspot.com.br\/\">AQUI<\/a>!<\/p>\n","protected":false},"excerpt":{"rendered":"<p>PIBID &#8211; Subprojeto Matem\u00e1tica nos Anos Iniciais O Programa Institucional de Bolsas de Inicia\u00e7\u00e3o a Doc\u00eancia \u2013 PIBID inclui o subprojeto \u201cMatem\u00e1tica nos Anos Iniciais\u201d que tem entre seus objetivos o desenvolvimento de materiais did\u00e1ticos manipul\u00e1veis que desenvolvam as habilidades b\u00e1sicas para o estudo de Matem\u00e1tica, tais como seria\u00e7\u00e3o, classifica\u00e7\u00e3o, correspond\u00eancia, equival\u00eancia, conserva\u00e7\u00e3o do n\u00famero, &hellip; <\/p>\n<p><a class=\"more-link btn\" href=\"https:\/\/wp.ufpel.edu.br\/antoniomauricio\/pibid-subprojeto-matematica-nos-anos-iniciais\/\">Continue lendo<\/a><\/p>\n","protected":false},"author":481,"featured_media":0,"parent":0,"menu_order":6,"comment_status":"closed","ping_status":"closed","template":"","meta":{"footnotes":""},"class_list":["post-175","page","type-page","status-publish","hentry","nodate","item-wrap"],"_links":{"self":[{"href":"https:\/\/wp.ufpel.edu.br\/antoniomauricio\/wp-json\/wp\/v2\/pages\/175","targetHints":{"allow":["GET"]}}],"collection":[{"href":"https:\/\/wp.ufpel.edu.br\/antoniomauricio\/wp-json\/wp\/v2\/pages"}],"about":[{"href":"https:\/\/wp.ufpel.edu.br\/antoniomauricio\/wp-json\/wp\/v2\/types\/page"}],"author":[{"embeddable":true,"href":"https:\/\/wp.ufpel.edu.br\/antoniomauricio\/wp-json\/wp\/v2\/users\/481"}],"replies":[{"embeddable":true,"href":"https:\/\/wp.ufpel.edu.br\/antoniomauricio\/wp-json\/wp\/v2\/comments?post=175"}],"version-history":[{"count":2,"href":"https:\/\/wp.ufpel.edu.br\/antoniomauricio\/wp-json\/wp\/v2\/pages\/175\/revisions"}],"predecessor-version":[{"id":177,"href":"https:\/\/wp.ufpel.edu.br\/antoniomauricio\/wp-json\/wp\/v2\/pages\/175\/revisions\/177"}],"wp:attachment":[{"href":"https:\/\/wp.ufpel.edu.br\/antoniomauricio\/wp-json\/wp\/v2\/media?parent=175"}],"curies":[{"name":"wp","href":"https:\/\/api.w.org\/{rel}","templated":true}]}}