{"id":160,"date":"2017-11-08T00:40:09","date_gmt":"2017-11-08T02:40:09","guid":{"rendered":"https:\/\/wp.ufpel.edu.br\/antoniomauricio\/?page_id=160"},"modified":"2025-09-09T19:57:13","modified_gmt":"2025-09-09T22:57:13","slug":"cadernos-pnaic-2014-mec","status":"publish","type":"page","link":"https:\/\/wp.ufpel.edu.br\/antoniomauricio\/publicacoes\/cadernos-pnaic-2014-mec\/","title":{"rendered":"Cadernos PNAIC 2014 &#8211; Produzidos pelo MEC"},"content":{"rendered":"<p><a href=\"https:\/\/wp.ufpel.edu.br\/antoniomauricio\/files\/2017\/11\/0_Apresenta\u00e7ao_pg001-072.pdf\">0_Apresenta\u00e7\u00e3o<\/a><\/p>\n<p><a href=\"https:\/\/wp.ufpel.edu.br\/antoniomauricio\/files\/2017\/11\/1_Caderno-1_pg001-072.pdf\">1_Caderno 1<\/a><\/p>\n<p><a href=\"https:\/\/wp.ufpel.edu.br\/antoniomauricio\/files\/2017\/11\/2_Caderno-2_pg001-088.pdf\">2_Caderno 2<\/a><\/p>\n<p><a href=\"https:\/\/wp.ufpel.edu.br\/antoniomauricio\/files\/2017\/11\/3_Caderno-3_pg001-088.pdf\">3_Caderno 3<\/a><\/p>\n<p><a href=\"https:\/\/wp.ufpel.edu.br\/antoniomauricio\/files\/2017\/11\/4_Caderno-4_pg001-088.pdf\">4_Caderno 4<\/a><\/p>\n<p><a href=\"https:\/\/wp.ufpel.edu.br\/antoniomauricio\/files\/2017\/11\/5_Caderno-5_pg001-096.pdf\">5_Caderno 5<\/a><\/p>\n<p><a href=\"https:\/\/wp.ufpel.edu.br\/antoniomauricio\/files\/2017\/11\/6_Caderno-6_pg001-080.pdf\">6_Caderno 6<\/a><\/p>\n<p><a href=\"https:\/\/wp.ufpel.edu.br\/antoniomauricio\/files\/2017\/11\/7_Caderno-7-pg001-080.pdf\">7_Caderno 7<\/a><\/p>\n<p><a href=\"https:\/\/wp.ufpel.edu.br\/antoniomauricio\/files\/2017\/11\/8_Caderno-8_pg001-080.pdf\">8_Caderno 8<\/a><\/p>\n<p><a href=\"https:\/\/wp.ufpel.edu.br\/antoniomauricio\/files\/2017\/11\/9_Campo-pg001-064.pdf\">9_Campo<\/a><\/p>\n<p><a href=\"https:\/\/wp.ufpel.edu.br\/antoniomauricio\/files\/2017\/11\/10_Educ-Incl_pg001-096.pdf\">10_Educa\u00e7\u00e3o Inclusiva<\/a><\/p>\n<p><a href=\"https:\/\/wp.ufpel.edu.br\/antoniomauricio\/files\/2017\/11\/11_Caderno-jogos_pg001-072.pdf\">11_Caderno jogos<\/a><\/p>\n<p><a href=\"https:\/\/wp.ufpel.edu.br\/antoniomauricio\/files\/2017\/11\/12_Jogos-Encarte_pg001-120.pdf\">12_Jogos Encarte<\/a><\/p>\n<p><a href=\"https:\/\/wp.ufpel.edu.br\/antoniomauricio\/files\/2025\/09\/Livro_A-organizacao-do-trabalho-escolar.pdf\">Caderno 04 &#8211; 2015 &#8211; Organiza\u00e7\u00e3o do trabalho escolar<\/a><\/p>\n<p>&nbsp;<\/p>\n<p>&nbsp;<\/p>\n","protected":false},"excerpt":{"rendered":"<p>0_Apresenta\u00e7\u00e3o 1_Caderno 1 2_Caderno 2 3_Caderno 3 4_Caderno 4 5_Caderno 5 6_Caderno 6 7_Caderno 7 8_Caderno 8 9_Campo 10_Educa\u00e7\u00e3o Inclusiva 11_Caderno jogos 12_Jogos Encarte Caderno 04 &#8211; 2015 &#8211; Organiza\u00e7\u00e3o do trabalho escolar &nbsp; &nbsp;<\/p>\n","protected":false},"author":481,"featured_media":0,"parent":143,"menu_order":0,"comment_status":"closed","ping_status":"closed","template":"","meta":{"footnotes":""},"class_list":["post-160","page","type-page","status-publish","hentry","nodate","item-wrap"],"_links":{"self":[{"href":"https:\/\/wp.ufpel.edu.br\/antoniomauricio\/wp-json\/wp\/v2\/pages\/160","targetHints":{"allow":["GET"]}}],"collection":[{"href":"https:\/\/wp.ufpel.edu.br\/antoniomauricio\/wp-json\/wp\/v2\/pages"}],"about":[{"href":"https:\/\/wp.ufpel.edu.br\/antoniomauricio\/wp-json\/wp\/v2\/types\/page"}],"author":[{"embeddable":true,"href":"https:\/\/wp.ufpel.edu.br\/antoniomauricio\/wp-json\/wp\/v2\/users\/481"}],"replies":[{"embeddable":true,"href":"https:\/\/wp.ufpel.edu.br\/antoniomauricio\/wp-json\/wp\/v2\/comments?post=160"}],"version-history":[{"count":4,"href":"https:\/\/wp.ufpel.edu.br\/antoniomauricio\/wp-json\/wp\/v2\/pages\/160\/revisions"}],"predecessor-version":[{"id":564,"href":"https:\/\/wp.ufpel.edu.br\/antoniomauricio\/wp-json\/wp\/v2\/pages\/160\/revisions\/564"}],"up":[{"embeddable":true,"href":"https:\/\/wp.ufpel.edu.br\/antoniomauricio\/wp-json\/wp\/v2\/pages\/143"}],"wp:attachment":[{"href":"https:\/\/wp.ufpel.edu.br\/antoniomauricio\/wp-json\/wp\/v2\/media?parent=160"}],"curies":[{"name":"wp","href":"https:\/\/api.w.org\/{rel}","templated":true}]}}