{"id":15,"date":"2015-02-11T15:32:51","date_gmt":"2015-02-11T17:32:51","guid":{"rendered":"https:\/\/wp.ufpel.edu.br\/antoniomauricio\/?page_id=15"},"modified":"2020-02-06T10:18:16","modified_gmt":"2020-02-06T13:18:16","slug":"lema-i","status":"publish","type":"page","link":"https:\/\/wp.ufpel.edu.br\/antoniomauricio\/disciplinas\/licenciatura-em-matematica\/lema-i\/","title":{"rendered":"LEMA I"},"content":{"rendered":"<p><a href=\"https:\/\/wp.ufpel.edu.br\/antoniomauricio\/files\/2015\/02\/LOGO_LEMA.jpg\"><img loading=\"lazy\" decoding=\"async\" class=\"alignnone size-medium wp-image-39\" src=\"https:\/\/wp.ufpel.edu.br\/antoniomauricio\/files\/2015\/02\/LOGO_LEMA-424x160.jpg\" alt=\"LOGO_LEMA\" width=\"424\" height=\"160\" srcset=\"https:\/\/wp.ufpel.edu.br\/antoniomauricio\/files\/2015\/02\/LOGO_LEMA-424x160.jpg 424w, https:\/\/wp.ufpel.edu.br\/antoniomauricio\/files\/2015\/02\/LOGO_LEMA-212x80.jpg 212w\" sizes=\"auto, (max-width: 424px) 100vw, 424px\" \/><\/a><\/p>\n<p><a href=\"https:\/\/wp.ufpel.edu.br\/antoniomauricio\/files\/2015\/02\/Blocos_Logicos_LEMA.pptx\">Blocos L\u00f3<\/a><a href=\"https:\/\/wp.ufpel.edu.br\/antoniomauricio\/files\/2015\/02\/Blocos_Logicos_LEMA.pptx\">gicos (PPT)<\/a><\/p>\n<p><a href=\"https:\/\/wp.ufpel.edu.br\/antoniomauricio\/files\/2015\/02\/Tangram_LEMA.pptx\">Tangram (PPT)<\/a><\/p>\n<p><a href=\"https:\/\/wp.ufpel.edu.br\/antoniomauricio\/files\/2015\/02\/Abaco_LEMA.ppt\">\u00c1baco (PPT)<\/a><\/p>\n<p><a href=\"https:\/\/wp.ufpel.edu.br\/antoniomauricio\/files\/2015\/02\/Material_Cuisenaire_LEMA.ppt\">Material Cuisenaire (PPT)<\/a><\/p>\n<p><a href=\"https:\/\/wp.ufpel.edu.br\/antoniomauricio\/files\/2015\/02\/Material_-Dourado_LEMA.ppt\">Material Dourado (PPT)<\/a><\/p>\n<p><a href=\"https:\/\/wp.ufpel.edu.br\/antoniomauricio\/files\/2015\/02\/TorreHanoi_LEMA.pptx\">Torre de Han\u00f3i (PPT)<\/a><\/p>\n<p><a href=\"https:\/\/wp.ufpel.edu.br\/antoniomauricio\/files\/2015\/02\/Discos_Fracoesmauricio.ppt\">Discos de Fra\u00e7\u00f5es (PPT)<\/a><\/p>\n<p>&nbsp;<\/p>\n","protected":false},"excerpt":{"rendered":"<p>Blocos L\u00f3gicos (PPT) Tangram (PPT) \u00c1baco (PPT) Material Cuisenaire (PPT) Material Dourado (PPT) Torre de Han\u00f3i (PPT) Discos de Fra\u00e7\u00f5es (PPT) &nbsp;<\/p>\n","protected":false},"author":481,"featured_media":0,"parent":13,"menu_order":0,"comment_status":"closed","ping_status":"closed","template":"","meta":{"footnotes":""},"class_list":["post-15","page","type-page","status-publish","hentry","nodate","item-wrap"],"_links":{"self":[{"href":"https:\/\/wp.ufpel.edu.br\/antoniomauricio\/wp-json\/wp\/v2\/pages\/15","targetHints":{"allow":["GET"]}}],"collection":[{"href":"https:\/\/wp.ufpel.edu.br\/antoniomauricio\/wp-json\/wp\/v2\/pages"}],"about":[{"href":"https:\/\/wp.ufpel.edu.br\/antoniomauricio\/wp-json\/wp\/v2\/types\/page"}],"author":[{"embeddable":true,"href":"https:\/\/wp.ufpel.edu.br\/antoniomauricio\/wp-json\/wp\/v2\/users\/481"}],"replies":[{"embeddable":true,"href":"https:\/\/wp.ufpel.edu.br\/antoniomauricio\/wp-json\/wp\/v2\/comments?post=15"}],"version-history":[{"count":4,"href":"https:\/\/wp.ufpel.edu.br\/antoniomauricio\/wp-json\/wp\/v2\/pages\/15\/revisions"}],"predecessor-version":[{"id":40,"href":"https:\/\/wp.ufpel.edu.br\/antoniomauricio\/wp-json\/wp\/v2\/pages\/15\/revisions\/40"}],"up":[{"embeddable":true,"href":"https:\/\/wp.ufpel.edu.br\/antoniomauricio\/wp-json\/wp\/v2\/pages\/13"}],"wp:attachment":[{"href":"https:\/\/wp.ufpel.edu.br\/antoniomauricio\/wp-json\/wp\/v2\/media?parent=15"}],"curies":[{"name":"wp","href":"https:\/\/api.w.org\/{rel}","templated":true}]}}