{"id":143,"date":"2017-11-08T00:10:44","date_gmt":"2017-11-08T02:10:44","guid":{"rendered":"https:\/\/wp.ufpel.edu.br\/antoniomauricio\/?page_id=143"},"modified":"2018-10-05T16:51:51","modified_gmt":"2018-10-05T19:51:51","slug":"publicacoes","status":"publish","type":"page","link":"https:\/\/wp.ufpel.edu.br\/antoniomauricio\/publicacoes\/","title":{"rendered":"Publica\u00e7\u00f5es"},"content":{"rendered":"<p>Acesse aqui minhas produ\u00e7\u00f5es<\/p>\n","protected":false},"excerpt":{"rendered":"<p>Acesse aqui minhas produ\u00e7\u00f5es<\/p>\n","protected":false},"author":481,"featured_media":0,"parent":0,"menu_order":4,"comment_status":"closed","ping_status":"closed","template":"","meta":{"footnotes":""},"class_list":["post-143","page","type-page","status-publish","hentry","nodate","item-wrap"],"_links":{"self":[{"href":"https:\/\/wp.ufpel.edu.br\/antoniomauricio\/wp-json\/wp\/v2\/pages\/143","targetHints":{"allow":["GET"]}}],"collection":[{"href":"https:\/\/wp.ufpel.edu.br\/antoniomauricio\/wp-json\/wp\/v2\/pages"}],"about":[{"href":"https:\/\/wp.ufpel.edu.br\/antoniomauricio\/wp-json\/wp\/v2\/types\/page"}],"author":[{"embeddable":true,"href":"https:\/\/wp.ufpel.edu.br\/antoniomauricio\/wp-json\/wp\/v2\/users\/481"}],"replies":[{"embeddable":true,"href":"https:\/\/wp.ufpel.edu.br\/antoniomauricio\/wp-json\/wp\/v2\/comments?post=143"}],"version-history":[{"count":3,"href":"https:\/\/wp.ufpel.edu.br\/antoniomauricio\/wp-json\/wp\/v2\/pages\/143\/revisions"}],"predecessor-version":[{"id":147,"href":"https:\/\/wp.ufpel.edu.br\/antoniomauricio\/wp-json\/wp\/v2\/pages\/143\/revisions\/147"}],"wp:attachment":[{"href":"https:\/\/wp.ufpel.edu.br\/antoniomauricio\/wp-json\/wp\/v2\/media?parent=143"}],"curies":[{"name":"wp","href":"https:\/\/api.w.org\/{rel}","templated":true}]}}