{"id":120,"date":"2017-11-01T22:37:10","date_gmt":"2017-11-02T00:37:10","guid":{"rendered":"https:\/\/wp.ufpel.edu.br\/antoniomauricio\/?page_id=120"},"modified":"2021-03-11T22:26:50","modified_gmt":"2021-03-12T01:26:50","slug":"e-book-pnaic","status":"publish","type":"page","link":"https:\/\/wp.ufpel.edu.br\/antoniomauricio\/publicacoes\/e-book-pnaic\/","title":{"rendered":"Cole\u00e7\u00e3o PNAIC-UFPel (e-book)"},"content":{"rendered":"<p><a href=\"https:\/\/wp.ufpel.edu.br\/antoniomauricio\/files\/2019\/04\/web-FAU-6-.pdf\">Cole\u00e7\u00e3o PNAIC-UFPEL vol. 6 &#8211; Desafios da gest\u00e3o da forma\u00e7\u00e3o docente no \u00e2mbito do Pacto Nacional pela Alfabetiza\u00e7\u00e3o na Idade Certa<\/a>\u00a0 (ALVES, Ant\u00f4nio Maur\u00edcio Medeiros, OLIVEIRA, Caroline Terra de, FERREIRA, Carmen Regina Gon\u00e7alves (Org.). <a href=\"https:\/\/wp.ufpel.edu.br\/antoniomauricio\/files\/2019\/04\/web-FAU-6-.pdf\">D<\/a>esafios da gest\u00e3o da forma\u00e7\u00e3o docente no \u00e2mbito do Pacto Nacional pela Alfabetiza\u00e7\u00e3o na Idade Certa PNAIC (2013-2108): Porto Alegre: Evangraf, VOL. 6, 2019. 252 p.)<\/p>\n<p>C<a href=\"https:\/\/wp.ufpel.edu.br\/antoniomauricio\/files\/2021\/03\/VOLUME-5-PNAIC-UFPEL-O-PNAIC-ENQUANTO-POLITICA-PUBLICA.pdf\">ole\u00e7\u00e3o PNAIC-UFPEL vol. 5 &#8211; O PNAIC enquanto pol\u00edtica p\u00fablica e as m\u00faltiplas possibilidades de trabalho pedag\u00f3gico <\/a>\u00a0 (ALVES, Ant\u00f4nio Maur\u00edcio Medeiros, OLIVEIRA, Caroline Terra de, FERREIRA, Carmen Regina Gon\u00e7alves (Org.). O PNAIC enquanto pol\u00edtica p\u00fablica e as m\u00faltiplas possibilidades de trabalho pedag\u00f3gico com as crian\u00e7as da educa\u00e7\u00e3o infantil ao ciclo de alfabetiza\u00e7\u00e3o: Porto Alegre: Evangraf, VOL. 5, 2021. 288 p.)<\/p>\n<p><a href=\"https:\/\/wp.ufpel.edu.br\/antoniomauricio\/files\/2018\/05\/VOLUME-4-PNAIC-UFPEL-DOCENCIA-E-PLANEJAMENTO.pdf\">Cole\u00e7\u00e3o PNAIC-UFPEL vol. 4\u00a0&#8211; Doc\u00eancia e Planejamento<\/a><a href=\"https:\/\/wp.ufpel.edu.br\/antoniomauricio\/files\/2018\/05\/VOLUME-4-PNAIC-UFPEL-DOCENCIA-E-PLANEJAMENTO.pdf\">\u00a0<\/a>(N\u00d6RNBERG, Marta; MIRANDA, Ana Ruth Moresco; PORTO, Gilceane Caetano (Org.). Doc\u00eancia e planejamento: a\u00e7\u00e3o pedag\u00f3gica no ciclo de alfabetiza\u00e7\u00e3o: Porto Alegre: Evangraf, VOL.4, 2018. 352 p.)<\/p>\n<p><a href=\"https:\/\/wp.ufpel.edu.br\/antoniomauricio\/files\/2017\/11\/VOLUME-3-PNAIC-UFPEL-PRATICAS-DE-FORMACAO-E-DE-ENSINO-WEB.pdf\">Cole\u00e7\u00e3o PNAIC-UFPEL vol. 3 \u2013 Pr\u00e1ticas de forma\u00e7\u00e3o e de ensino no ciclo de alfabetiza\u00e7\u00e3o<\/a> (FERREIRA, Carmen R; N\u00d6RNBERG, Marta; ALVES, Ant\u00f4nio Maur\u00edcio M. (Org.) Pr\u00e1ticas de forma\u00e7\u00e3o e de ensino no ciclo de alfabetiza\u00e7\u00e3o: Relatos de experi\u00eancias de orientadoras de estudo do PNAIC-UFPEL. Porto Alegre: Evangraf, VOL. 3, 2017.\u00a0 215 p.)<\/p>\n<p><a href=\"https:\/\/wp.ufpel.edu.br\/antoniomauricio\/files\/2018\/02\/VOLUME-2-PNAIC-UFPEL-PLANEJAMENTO-E-REGISTRO-WEB.pdf\">Cole\u00e7\u00e3o PNAIC-UFPEL vol. 2 \u2013 O planejamento e a pr\u00e1tica do registro em contexto de forma\u00e7\u00e3o continuada<\/a>\u00a0(N\u00d6RNBERG, Marta; OLIVEIRA, Caroline Terra de, FERREIRA, Carmen Regina Gon\u00e7alves; ALVES, Ant\u00f4nio Maur\u00edcio Medeiros (Org.). O planejamento e a pr\u00e1tica do registro em contexto de forma\u00e7\u00e3o continuada: Porto Alegre: Evangraf, VOL.2, 2018. 248 p.)<\/p>\n<p><a href=\"https:\/\/wp.ufpel.edu.br\/antoniomauricio\/files\/2018\/10\/VOLUME-1-PNAIC-UFPEL-ALFABETIZA\u00c7\u00c3O-E-\u00c1REAS-DO-CONHECIMENTO-WEB.pdf\">Cole\u00e7\u00e3o PNAIC-UFPEL vol. 1 \u2013Alfabetiza\u00e7\u00e3o e \u00e1reas do conhecimento: ensino, aprendizagem e\u00a0forma\u00e7\u00e3o de\u00a0professores<\/a> (\u00a0N\u00d6RNBERG, Marta; FERREIRA, Carmen R; ALVES, Ant\u00f4nio Maur\u00edcio M.;\u00a0OLIVEIRA, Caroline Terra (org.).\u00a0Alfabetiza\u00e7\u00e3o e \u00e1reas do conhecimento: ensino, aprendizagem e\u00a0forma\u00e7\u00e3o de\u00a0professores:\u00a0Porto Alegre: Evangraf, VOL.1, 2018. 320 p.)<\/p>\n<p><a href=\"https:\/\/wp.ufpel.edu.br\/antoniomauricio\/files\/2020\/05\/2018-DIGITAL-Direitos-de-Aprendizagem-no-Ciclo-de-Alfabetiza\u00e7\u00e3o.pdf\">Caderno compilado dos Direitos de Aprendizagem no Ciclo de Alfabetiza\u00e7\u00e3o &#8211; PNAIC. <\/a>\u00a0(Equipe PNAIC-UFPEL, 2018)<\/p>\n","protected":false},"excerpt":{"rendered":"<p>Cole\u00e7\u00e3o PNAIC-UFPEL vol. 6 &#8211; Desafios da gest\u00e3o da forma\u00e7\u00e3o docente no \u00e2mbito do Pacto Nacional pela Alfabetiza\u00e7\u00e3o na Idade Certa\u00a0 (ALVES, Ant\u00f4nio Maur\u00edcio Medeiros, OLIVEIRA, Caroline Terra de, FERREIRA, Carmen Regina Gon\u00e7alves (Org.). Desafios da gest\u00e3o da forma\u00e7\u00e3o docente no \u00e2mbito do Pacto Nacional pela Alfabetiza\u00e7\u00e3o na Idade Certa PNAIC (2013-2108): Porto Alegre: Evangraf, &hellip; <\/p>\n<p><a class=\"more-link btn\" href=\"https:\/\/wp.ufpel.edu.br\/antoniomauricio\/publicacoes\/e-book-pnaic\/\">Continue lendo<\/a><\/p>\n","protected":false},"author":481,"featured_media":0,"parent":143,"menu_order":0,"comment_status":"closed","ping_status":"closed","template":"","meta":{"footnotes":""},"class_list":["post-120","page","type-page","status-publish","hentry","nodate","item-wrap"],"_links":{"self":[{"href":"https:\/\/wp.ufpel.edu.br\/antoniomauricio\/wp-json\/wp\/v2\/pages\/120","targetHints":{"allow":["GET"]}}],"collection":[{"href":"https:\/\/wp.ufpel.edu.br\/antoniomauricio\/wp-json\/wp\/v2\/pages"}],"about":[{"href":"https:\/\/wp.ufpel.edu.br\/antoniomauricio\/wp-json\/wp\/v2\/types\/page"}],"author":[{"embeddable":true,"href":"https:\/\/wp.ufpel.edu.br\/antoniomauricio\/wp-json\/wp\/v2\/users\/481"}],"replies":[{"embeddable":true,"href":"https:\/\/wp.ufpel.edu.br\/antoniomauricio\/wp-json\/wp\/v2\/comments?post=120"}],"version-history":[{"count":15,"href":"https:\/\/wp.ufpel.edu.br\/antoniomauricio\/wp-json\/wp\/v2\/pages\/120\/revisions"}],"predecessor-version":[{"id":400,"href":"https:\/\/wp.ufpel.edu.br\/antoniomauricio\/wp-json\/wp\/v2\/pages\/120\/revisions\/400"}],"up":[{"embeddable":true,"href":"https:\/\/wp.ufpel.edu.br\/antoniomauricio\/wp-json\/wp\/v2\/pages\/143"}],"wp:attachment":[{"href":"https:\/\/wp.ufpel.edu.br\/antoniomauricio\/wp-json\/wp\/v2\/media?parent=120"}],"curies":[{"name":"wp","href":"https:\/\/api.w.org\/{rel}","templated":true}]}}