{"id":106,"date":"2017-06-07T12:07:54","date_gmt":"2017-06-07T15:07:54","guid":{"rendered":"https:\/\/wp.ufpel.edu.br\/antoniomauricio\/?page_id=106"},"modified":"2021-08-26T09:36:18","modified_gmt":"2021-08-26T12:36:18","slug":"videos","status":"publish","type":"page","link":"https:\/\/wp.ufpel.edu.br\/antoniomauricio\/videos\/","title":{"rendered":"V\u00eddeos"},"content":{"rendered":"<p>Aqui disponibilizamos links de alguns v\u00eddeos introdut\u00f3rios produzidos para o CLMD\/UFPel (Curso de Licenciatura em Matem\u00e1tica a Dist\u00e2ncia):<\/p>\n<p><a href=\"https:\/\/www.youtube.com\/watch?v=UDsei16ClP8\" target=\"_blank\" rel=\"noopener noreferrer\">Alfabetiza\u00e7\u00e3o Matem\u00e1tica<\/a><\/p>\n<p><a href=\"https:\/\/www.youtube.com\/watch?v=eNqFI0to4lk\" target=\"_blank\" rel=\"noopener noreferrer\">Literatura Infantil e ensino de Matem\u00e1tica<\/a><\/p>\n<p><a href=\"https:\/\/www.youtube.com\/watch?v=MQXHbeRCipQ&amp;t=6s\" target=\"_blank\" rel=\"noopener noreferrer\">Tangram<\/a><\/p>\n<p><a href=\"https:\/\/www.youtube.com\/watch?v=eOiF_9SnBjg\" target=\"_blank\" rel=\"noopener noreferrer\">Blocos L\u00f3gicos<\/a><\/p>\n<p><a href=\"https:\/\/www.youtube.com\/watch?v=qI2h3n3CMF0&amp;t=40s\" target=\"_blank\" rel=\"noopener noreferrer\">Material Dourado<\/a><\/p>\n<p><a href=\"https:\/\/youtu.be\/5H8gqvRYn2g\">Resolu\u00e7\u00e3o de Problemas na Educa\u00e7\u00e3o Infantil e nos Anos Iniciais<\/a><\/p>\n<p>Se gostou e quiser assistir outros v\u00eddeos, produzidos para atividades de ensino e extens\u00e3o, nos siga no canal do youtube, basta dar play na imagem abaixo:<\/p>\n<p><a href=\"https:\/\/www.youtube.com\/channel\/UCoL187Ht2-eeWdWLa-J-QDA\"><img loading=\"lazy\" decoding=\"async\" class=\"alignnone wp-image-367\" src=\"https:\/\/wp.ufpel.edu.br\/antoniomauricio\/files\/2020\/05\/images.jpg\" alt=\"\" width=\"168\" height=\"94\" srcset=\"https:\/\/wp.ufpel.edu.br\/antoniomauricio\/files\/2020\/05\/images.jpg 300w, https:\/\/wp.ufpel.edu.br\/antoniomauricio\/files\/2020\/05\/images-212x119.jpg 212w\" sizes=\"auto, (max-width: 168px) 100vw, 168px\" \/><\/a><\/p>\n<p>&nbsp;<\/p>\n<p>&nbsp;<\/p>\n<p>&nbsp;<\/p>\n","protected":false},"excerpt":{"rendered":"<p>Aqui disponibilizamos links de alguns v\u00eddeos introdut\u00f3rios produzidos para o CLMD\/UFPel (Curso de Licenciatura em Matem\u00e1tica a Dist\u00e2ncia): Alfabetiza\u00e7\u00e3o Matem\u00e1tica Literatura Infantil e ensino de Matem\u00e1tica Tangram Blocos L\u00f3gicos Material Dourado Resolu\u00e7\u00e3o de Problemas na Educa\u00e7\u00e3o Infantil e nos Anos Iniciais Se gostou e quiser assistir outros v\u00eddeos, produzidos para atividades de ensino e extens\u00e3o, &hellip; <\/p>\n<p><a class=\"more-link btn\" href=\"https:\/\/wp.ufpel.edu.br\/antoniomauricio\/videos\/\">Continue lendo<\/a><\/p>\n","protected":false},"author":481,"featured_media":0,"parent":0,"menu_order":3,"comment_status":"closed","ping_status":"closed","template":"","meta":{"footnotes":""},"class_list":["post-106","page","type-page","status-publish","hentry","nodate","item-wrap"],"_links":{"self":[{"href":"https:\/\/wp.ufpel.edu.br\/antoniomauricio\/wp-json\/wp\/v2\/pages\/106","targetHints":{"allow":["GET"]}}],"collection":[{"href":"https:\/\/wp.ufpel.edu.br\/antoniomauricio\/wp-json\/wp\/v2\/pages"}],"about":[{"href":"https:\/\/wp.ufpel.edu.br\/antoniomauricio\/wp-json\/wp\/v2\/types\/page"}],"author":[{"embeddable":true,"href":"https:\/\/wp.ufpel.edu.br\/antoniomauricio\/wp-json\/wp\/v2\/users\/481"}],"replies":[{"embeddable":true,"href":"https:\/\/wp.ufpel.edu.br\/antoniomauricio\/wp-json\/wp\/v2\/comments?post=106"}],"version-history":[{"count":8,"href":"https:\/\/wp.ufpel.edu.br\/antoniomauricio\/wp-json\/wp\/v2\/pages\/106\/revisions"}],"predecessor-version":[{"id":414,"href":"https:\/\/wp.ufpel.edu.br\/antoniomauricio\/wp-json\/wp\/v2\/pages\/106\/revisions\/414"}],"wp:attachment":[{"href":"https:\/\/wp.ufpel.edu.br\/antoniomauricio\/wp-json\/wp\/v2\/media?parent=106"}],"curies":[{"name":"wp","href":"https:\/\/api.w.org\/{rel}","templated":true}]}}