{"id":152,"date":"2020-10-14T15:27:37","date_gmt":"2020-10-14T18:27:37","guid":{"rendered":"https:\/\/wp.ufpel.edu.br\/anepomucenoc\/?page_id=152"},"modified":"2020-10-14T15:57:17","modified_gmt":"2020-10-14T18:57:17","slug":"sobre","status":"publish","type":"page","link":"https:\/\/wp.ufpel.edu.br\/anepomucenoc\/sobre\/","title":{"rendered":"Sobre"},"content":{"rendered":"<p>2020 \u00e9 o ano que marca o centen\u00e1rio de morte do compositor brasileiro Alberto Nepomuceno. Nascido em 6 de julho de 1864, na cidade de Fortaleza (Cear\u00e1), e falecido em 16 de outubro de 1920, aos 56 anos de idade, sua trajet\u00f3ria art\u00edstica mostra o seu engajamento a quest\u00f5es prementes da <em>Belle \u00c9poque<\/em> brasileira. Embora tradicionalmente sua posi\u00e7\u00e3o seja relativizada, considerado passadista, rom\u00e2ntico, pr\u00e9-nacionalista, eventualmente p\u00f3s-rom\u00e2ntico, seu v\u00ednculo \u00e0 m\u00fasica do futuro, ao modernismo, ou mesmo ao nacionalismo devem ser considerados. Ali\u00e1s, engajamento parece mesmo ser a palavra adequada. Engajamento, enquanto a\u00e7\u00e3o ideologicamente volunt\u00e1ria, est\u00e1 na raiz do que Walter Frisch (2005) define por modernismo. Mais ainda, segundo Bostein, a \u201ccr\u00edtica tanto aos padr\u00f5es culturais da \u00e9poca, quanto ao uso social da m\u00fasica foram os carros-chefe do Modernismo antes do emprego de inova\u00e7\u00f5es t\u00e9cnicas\u201d (Botstein, 2001: 869).<\/p>\n<p>Pois estas atitudes estiveram presentes na vida de Nepomuceno: a pesquisa folcl\u00f3rica ou mesmo sua grande contribui\u00e7\u00e3o na can\u00e7\u00e3o em portugu\u00eas, como busca de uma identidade musical brasileira; as reformas do ensino musical, do per\u00edodo em que fora diretor do Instituto Nacional de M\u00fasica; seu envolvimento com a mem\u00f3ria musical de Jos\u00e9 Maur\u00edcio Nunes Garcia; seu comprometimento com a fun\u00e7\u00e3o social do artista, demonstrada tanto em eventos em benef\u00edcio a institui\u00e7\u00f5es de caridade e desvalidos, quanto atrav\u00e9s de sua obra. Entretanto, tal envolvimento n\u00e3o significava abstrair a m\u00fasica nacional daquela que era considerada o grande exemplo art\u00edstico. Com isto, tem-se uma p\u00e1lida dimens\u00e3o da complexidade das a\u00e7\u00f5es de Alberto Nepomuceno e torna-se premente a necessidade de revisit\u00e1-lo e, assim, rever os conceitos que os cercam frente aqueles cristalizados a seu respeito.<\/p>\n<p>Com o intuito de homenagear a mem\u00f3ria desse compositor e professor, o Grupo de Pesquisa Estudos Interdisciplinares em Ci\u00eancias Musicais, da UFPel, o CESEM-Polit\u00e9cnico do Porto e o Grupo de Pesquisa \u201cPolo Caravelas Brasil\u201d do PPGM da UFRJ promovem o Simp\u00f3sio Internacional Alberto Nepomuceno. Se a proposta inicial definia sua realiza\u00e7\u00e3o na Escola Superior de M\u00fasica e Artes do Espet\u00e1culo (ESMAE), na cidade do Porto, Portugal, com atividades art\u00edsticas, o atual momento de crise na sa\u00fade p\u00fablica mundial acarretou altera\u00e7\u00f5es que modificaram seu formato sem prejudicar a sua realiza\u00e7\u00e3o.<\/p>\n<p>Os trabalhos aqui selecionados demonstram o acerto na manuten\u00e7\u00e3o do evento e apresentam a atualidade das pesquisas sobre Alberto Nepomuceno, projetando novas perspectivas que espera-se atinjam os tratados de composi\u00e7\u00e3o e de hist\u00f3ria da m\u00fasica brasileira.<\/p>\n<p><strong>Refer\u00eancias<\/strong><\/p>\n<p>BOTSTEIN, Leon. Modernism. IN: SADIE, Stanley, org. The New Grove Dictionary of Music and Musicians. London: MacMillan Publisher Limited, 2001. v.16, p.868-874.<\/p>\n<p>FRISCH, Walter. German Modernism. Berkeley, Los Angeles: University of California Press, 2005.<\/p>\n<p>&nbsp;<\/p>\n<p>Prof. Dr. Luiz Guilherme Goldberg<br \/>\nProf\u00aa Dr\u00aa Ana Maria Liberal<br \/>\nProf. Dr. Alberto Pacheco<br \/>\nComiss\u00e3o Organizadora<\/p>\n","protected":false},"excerpt":{"rendered":"<p>2020 \u00e9 o ano que marca o centen\u00e1rio de morte do compositor brasileiro Alberto Nepomuceno. Nascido em 6 de julho de 1864, na cidade de Fortaleza (Cear\u00e1), e falecido em 16 de outubro de 1920, aos 56 anos de idade, sua trajet\u00f3ria art\u00edstica mostra o seu engajamento a quest\u00f5es prementes da Belle \u00c9poque brasileira. Embora [&hellip;]<\/p>\n","protected":false},"author":980,"featured_media":0,"parent":0,"menu_order":1,"comment_status":"closed","ping_status":"closed","template":"","meta":{"footnotes":""},"class_list":["post-152","page","type-page","status-publish","hentry"],"jetpack_sharing_enabled":true,"jetpack_likes_enabled":true,"_links":{"self":[{"href":"https:\/\/wp.ufpel.edu.br\/anepomucenoc\/wp-json\/wp\/v2\/pages\/152","targetHints":{"allow":["GET"]}}],"collection":[{"href":"https:\/\/wp.ufpel.edu.br\/anepomucenoc\/wp-json\/wp\/v2\/pages"}],"about":[{"href":"https:\/\/wp.ufpel.edu.br\/anepomucenoc\/wp-json\/wp\/v2\/types\/page"}],"author":[{"embeddable":true,"href":"https:\/\/wp.ufpel.edu.br\/anepomucenoc\/wp-json\/wp\/v2\/users\/980"}],"replies":[{"embeddable":true,"href":"https:\/\/wp.ufpel.edu.br\/anepomucenoc\/wp-json\/wp\/v2\/comments?post=152"}],"version-history":[{"count":1,"href":"https:\/\/wp.ufpel.edu.br\/anepomucenoc\/wp-json\/wp\/v2\/pages\/152\/revisions"}],"predecessor-version":[{"id":154,"href":"https:\/\/wp.ufpel.edu.br\/anepomucenoc\/wp-json\/wp\/v2\/pages\/152\/revisions\/154"}],"wp:attachment":[{"href":"https:\/\/wp.ufpel.edu.br\/anepomucenoc\/wp-json\/wp\/v2\/media?parent=152"}],"curies":[{"name":"wp","href":"https:\/\/api.w.org\/{rel}","templated":true}]}}