{"id":86,"date":"2021-11-25T16:26:15","date_gmt":"2021-11-25T19:26:15","guid":{"rendered":"https:\/\/wp.ufpel.edu.br\/anatoacupuntura\/?page_id=86"},"modified":"2022-11-10T09:33:11","modified_gmt":"2022-11-10T12:33:11","slug":"ryodoraku","status":"publish","type":"page","link":"https:\/\/wp.ufpel.edu.br\/anatoacupuntura\/anatomopics\/ryodoraku\/","title":{"rendered":"Ryodoraku"},"content":{"rendered":"<p>Uma das publica\u00e7\u00f5es recentes podem vir a colaborar ainda mais com compreens\u00f5es sobre o M\u00e9todo Ryodoraku:<\/p>\n<h3><a href=\"https:\/\/periodicos.ufpel.edu.br\/ojs2\/index.php\/enfermagem\/article\/view\/3464\">&gt;&gt;Acupuntura nas s\u00edndromes fibromi\u00e1lgicas: di\u00e1logos poss\u00edveis com a neurometria Ryodoraku<\/a><\/h3>\n<h3><a href=\"https:\/\/revista.pgsskroton.com\/index.php\/renc\/article\/view\/2481\/0\">&gt;&gt; Possibilidade de interven\u00e7\u00e3o da acupuntura nos transtornos somatoformes e nos dist\u00farbios funcionais digestivos: di\u00e1logos e sobreposi\u00e7\u00f5es<\/a><\/h3>\n<p><img loading=\"lazy\" decoding=\"async\" class=\"alignnone size-medium wp-image-63\" src=\"https:\/\/wp.ufpel.edu.br\/anatoacupuntura\/files\/2021\/11\/prof.matues-400x71.jpg\" alt=\"\" width=\"400\" height=\"71\" srcset=\"https:\/\/wp.ufpel.edu.br\/anatoacupuntura\/files\/2021\/11\/prof.matues-400x71.jpg 400w, https:\/\/wp.ufpel.edu.br\/anatoacupuntura\/files\/2021\/11\/prof.matues.jpg 611w\" sizes=\"auto, (max-width: 400px) 100vw, 400px\" \/><\/p>\n<p>Links importantes:<\/p>\n<p><a href=\"http:\/\/www.terapiadobem.com.br\/\">Terapia do Bem<\/a><\/p>\n<p><a href=\"https:\/\/www.ryodoraku.com.mx\/\"><img loading=\"lazy\" decoding=\"async\" class=\"alignnone size-medium wp-image-87\" src=\"https:\/\/wp.ufpel.edu.br\/anatoacupuntura\/files\/2021\/11\/ryodoraku-400x91.jpg\" alt=\"\" width=\"400\" height=\"91\" srcset=\"https:\/\/wp.ufpel.edu.br\/anatoacupuntura\/files\/2021\/11\/ryodoraku-400x91.jpg 400w, https:\/\/wp.ufpel.edu.br\/anatoacupuntura\/files\/2021\/11\/ryodoraku-619x141.jpg 619w, https:\/\/wp.ufpel.edu.br\/anatoacupuntura\/files\/2021\/11\/ryodoraku.jpg 627w\" sizes=\"auto, (max-width: 400px) 100vw, 400px\" \/><\/a><\/p>\n<p><a href=\"https:\/\/jsrm.gr.jp\/index_e\/\"><img loading=\"lazy\" decoding=\"async\" class=\"alignnone size-medium wp-image-238\" src=\"https:\/\/wp.ufpel.edu.br\/anatoacupuntura\/files\/2022\/11\/japan-400x72.jpg\" alt=\"\" width=\"400\" height=\"72\" srcset=\"https:\/\/wp.ufpel.edu.br\/anatoacupuntura\/files\/2022\/11\/japan-400x72.jpg 400w, https:\/\/wp.ufpel.edu.br\/anatoacupuntura\/files\/2022\/11\/japan.jpg 403w\" sizes=\"auto, (max-width: 400px) 100vw, 400px\" \/><\/a><\/p>\n<p><a href=\"http:\/\/www.jsnr-net.jp\/index.html\"><img loading=\"lazy\" decoding=\"async\" class=\"alignnone size-full wp-image-240\" src=\"https:\/\/wp.ufpel.edu.br\/anatoacupuntura\/files\/2022\/11\/ja.png\" alt=\"\" width=\"359\" height=\"67\" \/><\/a><\/p>\n<ul>\n<li>Sociedade japonesa de Neurologia\u00a0<a href=\"http:\/\/www.neurology-jp.org\/\" target=\"_blank\" rel=\"noopener\">http:\/\/www.neurology-jp.org\/<\/a><\/li>\n<li>Sociedade de Neuroci\u00eancia do Jap\u00e3o\u00a0<a href=\"http:\/\/www.jnss.org\/\" target=\"_blank\" rel=\"noopener\">http:\/\/www.jnss.org\/<\/a><\/li>\n<li>Sociedade japonesa de Neuroterap\u00eautica\u00a0<a href=\"http:\/\/www.jsnt.gr.jp\/\" target=\"_blank\" rel=\"noopener\">http:\/\/www.jsnt.gr.jp\/<\/a><\/li>\n<li>Sociedade japonesa de Neurofisiologia Cl\u00ednica\u00a0<a href=\"http:\/\/jscn.umin.ac.jp\/\" target=\"_blank\" rel=\"noopener\">http:\/\/jscn.umin.ac.jp\/<\/a><\/li>\n<li>Sociedade Internacional do Sistema Nervoso Aut\u00f4nomo (ISAN) <a href=\"http:\/\/www.isanweb.org\/\" target=\"_blank\" rel=\"noopener\">http:\/\/www.isanweb.org\/<\/a><\/li>\n<li>Associa\u00e7\u00e3o japonesa de Sociedades de Neuroci\u00eancia\u00a0<a href=\"http:\/\/www.brainscience-union.jp\/\" target=\"_blank\" rel=\"noopener\">http:\/\/www.brainscience-union.jp\/<\/a><\/li>\n<li>Voc\u00ea sabe! Ci\u00eancia cerebral<br \/>\n<a href=\"http:\/\/www.brainscience-union.jp\/trivia\" target=\"_blank\" rel=\"noopener\">http:\/\/www.brainscience-union.jp\/trivia<\/a><\/li>\n<\/ul>\n","protected":false},"excerpt":{"rendered":"<p>Uma das publica\u00e7\u00f5es recentes podem vir a colaborar ainda mais com compreens\u00f5es sobre o M\u00e9todo Ryodoraku: &gt;&gt;Acupuntura nas s\u00edndromes fibromi\u00e1lgicas: di\u00e1logos poss\u00edveis com a neurometria Ryodoraku &gt;&gt; Possibilidade de interven\u00e7\u00e3o da acupuntura nos transtornos somatoformes e nos dist\u00farbios funcionais digestivos: di\u00e1logos e sobreposi\u00e7\u00f5es Links importantes: Terapia do Bem Sociedade japonesa de Neurologia\u00a0http:\/\/www.neurology-jp.org\/ Sociedade de Neuroci\u00eancia [&hellip;]<\/p>\n","protected":false},"author":350,"featured_media":0,"parent":33,"menu_order":0,"comment_status":"closed","ping_status":"closed","template":"","meta":{"footnotes":""},"class_list":["post-86","page","type-page","status-publish","hentry"],"jetpack-related-posts":[],"jetpack_sharing_enabled":true,"_links":{"self":[{"href":"https:\/\/wp.ufpel.edu.br\/anatoacupuntura\/wp-json\/wp\/v2\/pages\/86","targetHints":{"allow":["GET"]}}],"collection":[{"href":"https:\/\/wp.ufpel.edu.br\/anatoacupuntura\/wp-json\/wp\/v2\/pages"}],"about":[{"href":"https:\/\/wp.ufpel.edu.br\/anatoacupuntura\/wp-json\/wp\/v2\/types\/page"}],"author":[{"embeddable":true,"href":"https:\/\/wp.ufpel.edu.br\/anatoacupuntura\/wp-json\/wp\/v2\/users\/350"}],"replies":[{"embeddable":true,"href":"https:\/\/wp.ufpel.edu.br\/anatoacupuntura\/wp-json\/wp\/v2\/comments?post=86"}],"version-history":[{"count":10,"href":"https:\/\/wp.ufpel.edu.br\/anatoacupuntura\/wp-json\/wp\/v2\/pages\/86\/revisions"}],"predecessor-version":[{"id":241,"href":"https:\/\/wp.ufpel.edu.br\/anatoacupuntura\/wp-json\/wp\/v2\/pages\/86\/revisions\/241"}],"up":[{"embeddable":true,"href":"https:\/\/wp.ufpel.edu.br\/anatoacupuntura\/wp-json\/wp\/v2\/pages\/33"}],"wp:attachment":[{"href":"https:\/\/wp.ufpel.edu.br\/anatoacupuntura\/wp-json\/wp\/v2\/media?parent=86"}],"curies":[{"name":"wp","href":"https:\/\/api.w.org\/{rel}","templated":true}]}}