{"id":67,"date":"2021-11-25T15:43:13","date_gmt":"2021-11-25T18:43:13","guid":{"rendered":"https:\/\/wp.ufpel.edu.br\/anatoacupuntura\/?page_id=67"},"modified":"2025-05-08T09:36:31","modified_gmt":"2025-05-08T12:36:31","slug":"anatoacupunture-project","status":"publish","type":"page","link":"https:\/\/wp.ufpel.edu.br\/anatoacupuntura\/anatoacupunture-project\/","title":{"rendered":"AnatoAcupuntura"},"content":{"rendered":"<p>Bem-vindo ao Website AnatoAcupuntura!<\/p>\n<p>Assim como os rios trafegam no corpo Terra, o projeto AnatoAcupuntura instiga-nos a perceber ainda mais a base anatomocl\u00ednica presente nos pontos, canais e meridianos que tamb\u00e9m circulam no corpo humano. A inspira\u00e7\u00e3o nessa similitude perfaz cada momento em que estivermos integrados na riqueza e complexidade que albergam a perspectiva aqui, cientificamente evocada, anatomicamente vivida e integralmente experienciada na sa\u00fade humana.<\/p>\n<p><em>Prof. Dr. Mateus C.\u00a0 \u00a0<\/em><\/p>\n<p><a href=\"https:\/\/wp.ufpel.edu.br\/anatoacupuntura\/files\/2021\/11\/prof.matues.jpg\"><img loading=\"lazy\" decoding=\"async\" class=\"alignnone wp-image-63\" src=\"https:\/\/wp.ufpel.edu.br\/anatoacupuntura\/files\/2021\/11\/prof.matues.jpg\" alt=\"\" width=\"611\" height=\"109\" srcset=\"https:\/\/wp.ufpel.edu.br\/anatoacupuntura\/files\/2021\/11\/prof.matues.jpg 611w, https:\/\/wp.ufpel.edu.br\/anatoacupuntura\/files\/2021\/11\/prof.matues-400x71.jpg 400w\" sizes=\"auto, (max-width: 611px) 100vw, 611px\" \/><\/a><\/p>\n<p><a href=\"https:\/\/wp.ufpel.edu.br\/anatoacupuntura\/files\/2021\/11\/anato_acupuntura_esquema_projeto.jpg\" target=\"_blank\" rel=\"noopener\"><img loading=\"lazy\" decoding=\"async\" class=\"alignnone wp-image-132\" src=\"https:\/\/wp.ufpel.edu.br\/anatoacupuntura\/files\/2021\/11\/anato_acupuntura_esquema_projeto-400x180.jpg\" alt=\"\" width=\"400\" height=\"180\" srcset=\"https:\/\/wp.ufpel.edu.br\/anatoacupuntura\/files\/2021\/11\/anato_acupuntura_esquema_projeto-400x180.jpg 400w, https:\/\/wp.ufpel.edu.br\/anatoacupuntura\/files\/2021\/11\/anato_acupuntura_esquema_projeto-768x346.jpg 768w, https:\/\/wp.ufpel.edu.br\/anatoacupuntura\/files\/2021\/11\/anato_acupuntura_esquema_projeto-619x279.jpg 619w, https:\/\/wp.ufpel.edu.br\/anatoacupuntura\/files\/2021\/11\/anato_acupuntura_esquema_projeto.jpg 952w\" sizes=\"auto, (max-width: 400px) 100vw, 400px\" \/><\/a><\/p>\n","protected":false},"excerpt":{"rendered":"<p>Bem-vindo ao Website AnatoAcupuntura! Assim como os rios trafegam no corpo Terra, o projeto AnatoAcupuntura instiga-nos a perceber ainda mais a base anatomocl\u00ednica presente nos pontos, canais e meridianos que tamb\u00e9m circulam no corpo humano. A inspira\u00e7\u00e3o nessa similitude perfaz cada momento em que estivermos integrados na riqueza e complexidade que albergam a perspectiva aqui, [&hellip;]<\/p>\n","protected":false},"author":350,"featured_media":0,"parent":0,"menu_order":2,"comment_status":"closed","ping_status":"closed","template":"","meta":{"footnotes":""},"class_list":["post-67","page","type-page","status-publish","hentry"],"jetpack-related-posts":[],"jetpack_sharing_enabled":true,"_links":{"self":[{"href":"https:\/\/wp.ufpel.edu.br\/anatoacupuntura\/wp-json\/wp\/v2\/pages\/67","targetHints":{"allow":["GET"]}}],"collection":[{"href":"https:\/\/wp.ufpel.edu.br\/anatoacupuntura\/wp-json\/wp\/v2\/pages"}],"about":[{"href":"https:\/\/wp.ufpel.edu.br\/anatoacupuntura\/wp-json\/wp\/v2\/types\/page"}],"author":[{"embeddable":true,"href":"https:\/\/wp.ufpel.edu.br\/anatoacupuntura\/wp-json\/wp\/v2\/users\/350"}],"replies":[{"embeddable":true,"href":"https:\/\/wp.ufpel.edu.br\/anatoacupuntura\/wp-json\/wp\/v2\/comments?post=67"}],"version-history":[{"count":17,"href":"https:\/\/wp.ufpel.edu.br\/anatoacupuntura\/wp-json\/wp\/v2\/pages\/67\/revisions"}],"predecessor-version":[{"id":404,"href":"https:\/\/wp.ufpel.edu.br\/anatoacupuntura\/wp-json\/wp\/v2\/pages\/67\/revisions\/404"}],"wp:attachment":[{"href":"https:\/\/wp.ufpel.edu.br\/anatoacupuntura\/wp-json\/wp\/v2\/media?parent=67"}],"curies":[{"name":"wp","href":"https:\/\/api.w.org\/{rel}","templated":true}]}}