{"id":547,"date":"2026-03-03T16:45:26","date_gmt":"2026-03-03T19:45:26","guid":{"rendered":"https:\/\/wp.ufpel.edu.br\/anatoacupuntura\/?page_id=547"},"modified":"2026-03-11T18:55:10","modified_gmt":"2026-03-11T21:55:10","slug":"sleep-anatoacupuntura-2026-acupuntura-para-a-saude-do-sono","status":"publish","type":"page","link":"https:\/\/wp.ufpel.edu.br\/anatoacupuntura\/anatomopics\/acupuntura\/sleep-anatoacupuntura-2026-acupuntura-para-a-saude-do-sono\/","title":{"rendered":"&#8216;Sleep AnatoAcupuntura&#8217; 2026 &#8211; acupuntura para a sa\u00fade do sono"},"content":{"rendered":"<h2>&#8216;Sleep AnatoAcupuntura&#8217;<\/h2>\n<p>No controle do ciclo circadiano, h\u00e1 a regula\u00e7\u00e3o do ciclo vig\u00edlia\u2013sono e a gera\u00e7\u00e3o de sono que ocorrem no SNC. Embora possa parecer um comportamento simples, j\u00e1 que ocorre todos os dias, os processos biol\u00f3gicos e bioqu\u00edmicos respons\u00e1veis por desencadear o sono normal ou a vig\u00edlia s\u00e3o complexos e envolvem diversas estruturas encef\u00e1licas e diferentes vias de sinaliza\u00e7\u00e3o de neurotransmissores, bem como outras mol\u00e9culas.<\/p>\n<p>Preocupados com os dist\u00farbios do sono cada vez mais frequentes e poss\u00edveis de serem acompanhados complementarmente nas PICS, o AnatoAcupuntura est\u00e1 iniciando uma iniciativa com atendimentos de Acupuntura em parceria ao projeto PIC-RAS UFPel com direcionamento para pessoas com dist\u00farbios do sono, particularmente para quem j\u00e1 est\u00e1 tendo acompanhamento multiprofissional de sa\u00fade nessa situa\u00e7\u00e3o.<\/p>\n<p>Considera\u00e7\u00f5es sobre o sono normal &#8211; clica na imagem abaixo para ampliar o referencial em estudo:<\/p>\n<p><a href=\"https:\/\/labanatoin.ufpel.edu.br\/anatomia_sono_normal\/anatomia_sono_normal.html\" rel=\"attachment wp-att-553\"><img loading=\"lazy\" decoding=\"async\" class=\"alignnone size-medium wp-image-553\" src=\"https:\/\/wp.ufpel.edu.br\/anatoacupuntura\/files\/2026\/03\/mapa_anatoc-400x81.jpg\" alt=\"\" width=\"400\" height=\"81\" srcset=\"https:\/\/wp.ufpel.edu.br\/anatoacupuntura\/files\/2026\/03\/mapa_anatoc-400x81.jpg 400w, https:\/\/wp.ufpel.edu.br\/anatoacupuntura\/files\/2026\/03\/mapa_anatoc-1024x208.jpg 1024w, https:\/\/wp.ufpel.edu.br\/anatoacupuntura\/files\/2026\/03\/mapa_anatoc-768x156.jpg 768w, https:\/\/wp.ufpel.edu.br\/anatoacupuntura\/files\/2026\/03\/mapa_anatoc-619x126.jpg 619w, https:\/\/wp.ufpel.edu.br\/anatoacupuntura\/files\/2026\/03\/mapa_anatoc.jpg 1072w\" sizes=\"auto, (max-width: 400px) 100vw, 400px\" \/><\/a><\/p>\n<p>Caso haja interesse em ser participante para atendimentos espec\u00edficos nessa situa\u00e7\u00e3o em dist\u00farbios do sono, preencha o formul\u00e1rio a seguir com as informa\u00e7\u00f5es necess\u00e1rias. Dessa forma, podemos nos organizar melhor, entrar em contato e agendarmos avalia\u00e7\u00e3o.<\/p>\n\n<div class=\"wpcf7 no-js\" id=\"wpcf7-f573-o1\" lang=\"pt-BR\" dir=\"ltr\" data-wpcf7-id=\"573\">\n<div class=\"screen-reader-response\"><p role=\"status\" aria-live=\"polite\" aria-atomic=\"true\"><\/p> <ul><\/ul><\/div>\n<form action=\"\/anatoacupuntura\/wp-json\/wp\/v2\/pages\/547#wpcf7-f573-o1\" method=\"post\" class=\"wpcf7-form init\" aria-label=\"Formul\u00e1rios de contato\" novalidate=\"novalidate\" data-status=\"init\">\n<fieldset class=\"hidden-fields-container\"><input type=\"hidden\" name=\"_wpcf7\" value=\"573\" \/><input type=\"hidden\" name=\"_wpcf7_version\" value=\"6.1.4\" \/><input type=\"hidden\" name=\"_wpcf7_locale\" value=\"pt_BR\" \/><input type=\"hidden\" name=\"_wpcf7_unit_tag\" value=\"wpcf7-f573-o1\" \/><input type=\"hidden\" name=\"_wpcf7_container_post\" value=\"0\" \/><input type=\"hidden\" name=\"_wpcf7_posted_data_hash\" value=\"\" \/><input type=\"hidden\" name=\"_wpcf7cf_hidden_group_fields\" value=\"[]\" \/><input type=\"hidden\" name=\"_wpcf7cf_hidden_groups\" value=\"[]\" \/><input type=\"hidden\" name=\"_wpcf7cf_visible_groups\" value=\"[]\" \/><input type=\"hidden\" name=\"_wpcf7cf_repeaters\" value=\"[]\" \/><input type=\"hidden\" name=\"_wpcf7cf_steps\" value=\"{}\" \/><input type=\"hidden\" name=\"_wpcf7cf_options\" value=\"{&quot;form_id&quot;:573,&quot;conditions&quot;:[],&quot;settings&quot;:{&quot;animation&quot;:&quot;yes&quot;,&quot;animation_intime&quot;:200,&quot;animation_outtime&quot;:200,&quot;conditions_ui&quot;:&quot;normal&quot;,&quot;notice_dismissed&quot;:false}}\" \/>\n<\/fieldset>\n<p><label> Seu nome<br \/>\n<span class=\"wpcf7-form-control-wrap\" data-name=\"your-name\"><input size=\"40\" maxlength=\"400\" class=\"wpcf7-form-control wpcf7-text wpcf7-validates-as-required\" autocomplete=\"name\" aria-required=\"true\" aria-invalid=\"false\" value=\"\" type=\"text\" name=\"your-name\" \/><\/span> <\/label>\n<\/p>\n<p><label> Seu e-mail<br \/>\n<span class=\"wpcf7-form-control-wrap\" data-name=\"your-email\"><input size=\"40\" maxlength=\"400\" class=\"wpcf7-form-control wpcf7-email wpcf7-validates-as-required wpcf7-text wpcf7-validates-as-email\" autocomplete=\"email\" aria-required=\"true\" aria-invalid=\"false\" value=\"\" type=\"email\" name=\"your-email\" \/><\/span> <\/label>\n<\/p>\n<p><label> Preencha com os dias da semana e turno poss\u00edveis para voc\u00ea e coloca n\u00famero de telefone para contato:<br \/>\n<span class=\"wpcf7-form-control-wrap\" data-name=\"your-subject\"><input size=\"40\" maxlength=\"400\" class=\"wpcf7-form-control wpcf7-text wpcf7-validates-as-required\" aria-required=\"true\" aria-invalid=\"false\" value=\"\" type=\"text\" name=\"your-subject\" \/><\/span> <\/label>\n<\/p>\n<p><label> Sua mensagem com motiva\u00e7\u00e3o para o atendimento pretendido. Tamb\u00e9m, descreva se h\u00e1 acompanhamento m\u00e9dico ou multiprofissional, se h\u00e1 diagn\u00f3stico e\/ou exames, entre outras informa\u00e7\u00f5es. (opcional)<br \/>\n<span class=\"wpcf7-form-control-wrap\" data-name=\"your-message\"><textarea cols=\"40\" rows=\"10\" maxlength=\"2000\" class=\"wpcf7-form-control wpcf7-textarea\" aria-invalid=\"false\" name=\"your-message\"><\/textarea><\/span> <\/label>\n<\/p>\n<p><input class=\"wpcf7-form-control wpcf7-submit has-spinner\" type=\"submit\" value=\"Enviar\" \/>\n<\/p>\n<p>Este formul\u00e1rio usa Akismet para reduzir spam. <a target=\"_blank\" rel=\"nofollow noopener\" href=\"https:\/\/akismet.com\/privacy\/\">Descubra como seus dados s\u00e3o processados.<\/a>\n<\/p><p style=\"display: none !important;\" class=\"akismet-fields-container\" data-prefix=\"_wpcf7_ak_\"><label>&#916;<textarea name=\"_wpcf7_ak_hp_textarea\" cols=\"45\" rows=\"8\" maxlength=\"100\"><\/textarea><\/label><input type=\"hidden\" id=\"ak_js_1\" name=\"_wpcf7_ak_js\" value=\"126\"\/><script>document.getElementById( \"ak_js_1\" ).setAttribute( \"value\", ( new Date() ).getTime() );<\/script><\/p><div class=\"wpcf7-response-output\" aria-hidden=\"true\"><\/div>\n<\/form>\n<\/div>\n\n<p><a href=\"https:\/\/wp.ufpel.edu.br\/anatoacupuntura\/pagina-exemplo\/anatomia_acupuntura\/#main\" rel=\"attachment wp-att-19\"><img loading=\"lazy\" decoding=\"async\" class=\"alignnone size-full wp-image-19\" src=\"https:\/\/wp.ufpel.edu.br\/anatoacupuntura\/files\/2021\/11\/anatomia_acupuntura.jpg\" alt=\"\" width=\"246\" height=\"206\" \/><\/a><a href=\"https:\/\/labanatoin.ufpel.edu.br\/projeto_pic_ras\/pic_ras_2025_ufpel\/projeto_pic_ras_ufpel_2025.html\" rel=\"attachment wp-att-274\"><img loading=\"lazy\" decoding=\"async\" class=\"alignnone size-full wp-image-274\" src=\"https:\/\/wp.ufpel.edu.br\/anatoacupuntura\/files\/2023\/05\/pe.jpg\" alt=\"\" width=\"233\" height=\"229\" \/><\/a><\/p>\n","protected":false},"excerpt":{"rendered":"<p>&#8216;Sleep AnatoAcupuntura&#8217; No controle do ciclo circadiano, h\u00e1 a regula\u00e7\u00e3o do ciclo vig\u00edlia\u2013sono e a gera\u00e7\u00e3o de sono que ocorrem no SNC. Embora possa parecer um comportamento simples, j\u00e1 que ocorre todos os dias, os processos biol\u00f3gicos e bioqu\u00edmicos respons\u00e1veis por desencadear o sono normal ou a vig\u00edlia s\u00e3o complexos e envolvem diversas estruturas encef\u00e1licas [&hellip;]<\/p>\n","protected":false},"author":350,"featured_media":0,"parent":92,"menu_order":2,"comment_status":"closed","ping_status":"closed","template":"","meta":{"footnotes":""},"class_list":["post-547","page","type-page","status-publish","hentry"],"jetpack-related-posts":[],"jetpack_sharing_enabled":true,"_links":{"self":[{"href":"https:\/\/wp.ufpel.edu.br\/anatoacupuntura\/wp-json\/wp\/v2\/pages\/547","targetHints":{"allow":["GET"]}}],"collection":[{"href":"https:\/\/wp.ufpel.edu.br\/anatoacupuntura\/wp-json\/wp\/v2\/pages"}],"about":[{"href":"https:\/\/wp.ufpel.edu.br\/anatoacupuntura\/wp-json\/wp\/v2\/types\/page"}],"author":[{"embeddable":true,"href":"https:\/\/wp.ufpel.edu.br\/anatoacupuntura\/wp-json\/wp\/v2\/users\/350"}],"replies":[{"embeddable":true,"href":"https:\/\/wp.ufpel.edu.br\/anatoacupuntura\/wp-json\/wp\/v2\/comments?post=547"}],"version-history":[{"count":3,"href":"https:\/\/wp.ufpel.edu.br\/anatoacupuntura\/wp-json\/wp\/v2\/pages\/547\/revisions"}],"predecessor-version":[{"id":596,"href":"https:\/\/wp.ufpel.edu.br\/anatoacupuntura\/wp-json\/wp\/v2\/pages\/547\/revisions\/596"}],"up":[{"embeddable":true,"href":"https:\/\/wp.ufpel.edu.br\/anatoacupuntura\/wp-json\/wp\/v2\/pages\/92"}],"wp:attachment":[{"href":"https:\/\/wp.ufpel.edu.br\/anatoacupuntura\/wp-json\/wp\/v2\/media?parent=547"}],"curies":[{"name":"wp","href":"https:\/\/api.w.org\/{rel}","templated":true}]}}