{"id":33,"date":"2021-11-25T15:04:30","date_gmt":"2021-11-25T18:04:30","guid":{"rendered":"https:\/\/wp.ufpel.edu.br\/anatoacupuntura\/?page_id=33"},"modified":"2026-03-03T17:09:06","modified_gmt":"2026-03-03T20:09:06","slug":"anatomopics","status":"publish","type":"page","link":"https:\/\/wp.ufpel.edu.br\/anatoacupuntura\/anatomopics\/","title":{"rendered":"AnatomoPICS"},"content":{"rendered":"<p><strong>Anatomocl\u00ednica e Pr\u00e1ticas Integrativas e Complementares em Sa\u00fade<\/strong><\/p>\n<p><a href=\"https:\/\/cabsin.org.br\/membros\/\"><img loading=\"lazy\" decoding=\"async\" class=\"alignnone size-full wp-image-34\" src=\"https:\/\/wp.ufpel.edu.br\/anatoacupuntura\/files\/2021\/11\/cabsin.jpg\" alt=\"\" width=\"234\" height=\"103\" \/><\/a><\/p>\n<p><a href=\"https:\/\/cam-europe.eu\/\"><img loading=\"lazy\" decoding=\"async\" class=\"alignnone size-full wp-image-35\" src=\"https:\/\/wp.ufpel.edu.br\/anatoacupuntura\/files\/2021\/11\/eurocam.jpg\" alt=\"\" width=\"321\" height=\"326\" \/><\/a><\/p>\n<p><a href=\"https:\/\/labanatoin.ufpel.edu.br\/acupontos_revisao_anatomica_2025_1\/pontos_anatomicos_revisao_anatomica_anatoacupuntura_2025.html\">pontos_anatomicos_revisao_anatomica_anatoacupuntura_2025.html<\/a><\/p>\n<p><a href=\"https:\/\/labanatoin.ufpel.edu.br\/jing_qi_anatoacupuntura\/formacao_reparticao_jing_qi.html\">Jing_Qi_fluxo_Anatoacupuntura<\/a><\/p>\n<p><a href=\"https:\/\/labanatoin.ufpel.edu.br\/anatomia_sono_normal\/anatomia_sono_normal.html\">Considera\u00e7\u00f5es Anatomia do sono normal<\/a><\/p>\n","protected":false},"excerpt":{"rendered":"<p>Anatomocl\u00ednica e Pr\u00e1ticas Integrativas e Complementares em Sa\u00fade pontos_anatomicos_revisao_anatomica_anatoacupuntura_2025.html Jing_Qi_fluxo_Anatoacupuntura Considera\u00e7\u00f5es Anatomia do sono normal<\/p>\n","protected":false},"author":350,"featured_media":0,"parent":0,"menu_order":3,"comment_status":"closed","ping_status":"closed","template":"","meta":{"footnotes":""},"class_list":["post-33","page","type-page","status-publish","hentry"],"jetpack-related-posts":[],"jetpack_sharing_enabled":true,"_links":{"self":[{"href":"https:\/\/wp.ufpel.edu.br\/anatoacupuntura\/wp-json\/wp\/v2\/pages\/33","targetHints":{"allow":["GET"]}}],"collection":[{"href":"https:\/\/wp.ufpel.edu.br\/anatoacupuntura\/wp-json\/wp\/v2\/pages"}],"about":[{"href":"https:\/\/wp.ufpel.edu.br\/anatoacupuntura\/wp-json\/wp\/v2\/types\/page"}],"author":[{"embeddable":true,"href":"https:\/\/wp.ufpel.edu.br\/anatoacupuntura\/wp-json\/wp\/v2\/users\/350"}],"replies":[{"embeddable":true,"href":"https:\/\/wp.ufpel.edu.br\/anatoacupuntura\/wp-json\/wp\/v2\/comments?post=33"}],"version-history":[{"count":4,"href":"https:\/\/wp.ufpel.edu.br\/anatoacupuntura\/wp-json\/wp\/v2\/pages\/33\/revisions"}],"predecessor-version":[{"id":559,"href":"https:\/\/wp.ufpel.edu.br\/anatoacupuntura\/wp-json\/wp\/v2\/pages\/33\/revisions\/559"}],"wp:attachment":[{"href":"https:\/\/wp.ufpel.edu.br\/anatoacupuntura\/wp-json\/wp\/v2\/media?parent=33"}],"curies":[{"name":"wp","href":"https:\/\/api.w.org\/{rel}","templated":true}]}}