{"id":227,"date":"2022-05-16T18:01:12","date_gmt":"2022-05-16T21:01:12","guid":{"rendered":"https:\/\/wp.ufpel.edu.br\/anatoacupuntura\/?page_id=227"},"modified":"2026-05-09T13:25:37","modified_gmt":"2026-05-09T16:25:37","slug":"meridianos","status":"publish","type":"page","link":"https:\/\/wp.ufpel.edu.br\/anatoacupuntura\/anatoacupunture-project\/anatomia\/meridianos\/","title":{"rendered":"Meridianos_mapanatoclin"},"content":{"rendered":"<p>Mapas conceituais anatomocl\u00ednicos em meridianos:<\/p>\n<p><a href=\"http:\/\/labanatoin.ufpel.edu.br\/anatoacupuntura_id\/anatoacupuntura_id.html\">Meridiano Intestino Delgado<\/a><\/p>\n<p><a href=\"https:\/\/labanatoin.ufpel.edu.br\/acupontos_revisao_anatomica_2025_1\/pontos_anatomicos_revisao_anatomica_anatoacupuntura_2025.html\">Acupontos importantes para revis\u00e3o anat\u00f4mica<\/a><\/p>\n<p><a href=\"https:\/\/pt.scribd.com\/document\/325726872\/aula-pontos-gerais-acupuntura-FINALALUNOS-pdf\">Principais Pontos de Acupuntura UNIFESP | PDF |\u00a0<\/a><\/p>\n","protected":false},"excerpt":{"rendered":"<p>Mapas conceituais anatomocl\u00ednicos em meridianos: Meridiano Intestino Delgado Acupontos importantes para revis\u00e3o anat\u00f4mica Principais Pontos de Acupuntura UNIFESP | PDF |\u00a0<\/p>\n","protected":false},"author":350,"featured_media":0,"parent":106,"menu_order":1,"comment_status":"closed","ping_status":"closed","template":"","meta":{"footnotes":""},"class_list":["post-227","page","type-page","status-publish","hentry"],"jetpack-related-posts":[],"jetpack_sharing_enabled":true,"_links":{"self":[{"href":"https:\/\/wp.ufpel.edu.br\/anatoacupuntura\/wp-json\/wp\/v2\/pages\/227","targetHints":{"allow":["GET"]}}],"collection":[{"href":"https:\/\/wp.ufpel.edu.br\/anatoacupuntura\/wp-json\/wp\/v2\/pages"}],"about":[{"href":"https:\/\/wp.ufpel.edu.br\/anatoacupuntura\/wp-json\/wp\/v2\/types\/page"}],"author":[{"embeddable":true,"href":"https:\/\/wp.ufpel.edu.br\/anatoacupuntura\/wp-json\/wp\/v2\/users\/350"}],"replies":[{"embeddable":true,"href":"https:\/\/wp.ufpel.edu.br\/anatoacupuntura\/wp-json\/wp\/v2\/comments?post=227"}],"version-history":[{"count":4,"href":"https:\/\/wp.ufpel.edu.br\/anatoacupuntura\/wp-json\/wp\/v2\/pages\/227\/revisions"}],"predecessor-version":[{"id":649,"href":"https:\/\/wp.ufpel.edu.br\/anatoacupuntura\/wp-json\/wp\/v2\/pages\/227\/revisions\/649"}],"up":[{"embeddable":true,"href":"https:\/\/wp.ufpel.edu.br\/anatoacupuntura\/wp-json\/wp\/v2\/pages\/106"}],"wp:attachment":[{"href":"https:\/\/wp.ufpel.edu.br\/anatoacupuntura\/wp-json\/wp\/v2\/media?parent=227"}],"curies":[{"name":"wp","href":"https:\/\/api.w.org\/{rel}","templated":true}]}}