{"id":110,"date":"2021-11-25T16:54:34","date_gmt":"2021-11-25T19:54:34","guid":{"rendered":"https:\/\/wp.ufpel.edu.br\/anatoacupuntura\/?page_id=110"},"modified":"2021-11-26T14:11:16","modified_gmt":"2021-11-26T17:11:16","slug":"o-sistema-vascular-primo-como-um-novo-sistema-anatomico","status":"publish","type":"page","link":"https:\/\/wp.ufpel.edu.br\/anatoacupuntura\/anatoacupunture-project\/anatomia\/o-sistema-vascular-primo-como-um-novo-sistema-anatomico\/","title":{"rendered":"O Sistema Vascular Primo como um Novo Sistema Anat\u00f4mico"},"content":{"rendered":"<p><a href=\"https:\/\/www.sciencedirect.com\/science\/article\/pii\/S2005290113002082\">O Sistema Vascular Primo como um Novo Sistema Anat\u00f4mico<\/a><\/p>\n<p>A\u00a0<a class=\"topic-link\" title=\"Learn more about Oriental Medicine from ScienceDirect's AI-generated Topic Pages\" href=\"https:\/\/www.sciencedirect.com\/topics\/medicine-and-dentistry\/oriental-medicine\">medicina oriental<\/a>\u00a0tradicional tem uma exist\u00eancia bem sucedida h\u00e1 muito tempo e\u00a0forneceu caminhos funcionais para a cura da doen\u00e7a. No entanto, alguns cientistas n\u00e3o aceitam\u00a0<a class=\"topic-link\" title=\"Learn more about Auriculotherapy from ScienceDirect's AI-generated Topic Pages\" href=\"https:\/\/www.sciencedirect.com\/topics\/medicine-and-dentistry\/auriculotherapy\">acupuntura, <\/a>principalmente porque o sistema\u00a0<a class=\"topic-link\" title=\"Learn more about Meridian System from ScienceDirect's AI-generated Topic Pages\" href=\"https:\/\/www.sciencedirect.com\/topics\/medicine-and-dentistry\/meridian-system\">meridiano<\/a> n\u00e3o tem uma base anat\u00f4mica f\u00edsica. No in\u00edcio da d\u00e9cada de 1960, apenas uma hip\u00f3tese foi proposta para explicar a base anat\u00f4mica dos meridianos.<\/p>\n<h2 id=\"sectitle0025\" class=\"u-h3 u-margin-l-top u-margin-xs-bottom\">Hip\u00f3tese de Bong-Han Kim<\/h2>\n<p id=\"p0035\">Na d\u00e9cada de 1960, o professor Bong-Han Kim descreveu um novo sistema anat\u00f4mico que correspondia aos antigos meridianos de\u00a0<a class=\"topic-link\" title=\"Learn more about Auriculotherapy from ScienceDirect's AI-generated Topic Pages\" href=\"https:\/\/www.sciencedirect.com\/topics\/medicine-and-dentistry\/auriculotherapy\">acupuntura.<\/a>\u00a0Ele apresentou cinco artigos descrevendo n\u00f3s e dutos que correspondiam a pontos acupunctural e meridianos, e ele chamou os n\u00f3s e dutos em homenagem ao seu pr\u00f3prio nome: corpuscles bonghan e dutos bonghan. Kim usou v\u00e1rios m\u00e9todos experimentais, como m\u00e9todos anat\u00f4micos, m\u00e9todos histol\u00f3gicos,\u00a0<a class=\"topic-link\" title=\"Learn more about Autoradiograph from ScienceDirect's AI-generated Topic Pages\" href=\"https:\/\/www.sciencedirect.com\/topics\/medicine-and-dentistry\/autoradiograph\">radioautografia,<\/a>\u00a0<a class=\"topic-link\" title=\"Learn more about Histochemistry from ScienceDirect's AI-generated Topic Pages\" href=\"https:\/\/www.sciencedirect.com\/topics\/medicine-and-dentistry\/histochemistry\">m\u00e9todos histoqu\u00edmicos, m\u00e9todos<\/a>de colora\u00e7\u00e3o azul &#8220;misteriosos&#8221; e\u00a0<a class=\"topic-link\" title=\"Learn more about Dosimetry from ScienceDirect's AI-generated Topic Pages\" href=\"https:\/\/www.sciencedirect.com\/topics\/medicine-and-dentistry\/dosimetry\">dosimetria <\/a>radioativa.\u00a0Ele alegou ter encontrado o substrato f\u00edsico de pontos de\u00a0<a class=\"topic-link\" title=\"Learn more about Acupuncture Point from ScienceDirect's AI-generated Topic Pages\" href=\"https:\/\/www.sciencedirect.com\/topics\/medicine-and-dentistry\/acupuncture-point\">acupuntura<\/a>\u00a0e meridianos, incluindo alguns pontos novos que eram diferentes dos pontos cl\u00e1ssicos de acupuntura. Aceitamos as descobertas de Kim apenas como uma hip\u00f3tese devido \u00e0 falta de descri\u00e7\u00f5es detalhadas dos m\u00e9todos e dos protocolos cient\u00edficos que ele usou para suas investiga\u00e7\u00f5es. Por causa dessa defici\u00eancia nos relat\u00f3rios de Kim, suas reivindica\u00e7\u00f5es servem apenas para apresentar a ideia principal sobre a exist\u00eancia de um novo sistema anat\u00f4mico que corresponda ao\u00a0<a class=\"topic-link\" title=\"Learn more about Meridian System from ScienceDirect's AI-generated Topic Pages\" href=\"https:\/\/www.sciencedirect.com\/topics\/medicine-and-dentistry\/meridian-system\">sistema meridiano.<\/a><\/p>\n<p id=\"p0040\">Apesar disso, as descobertas de Kim (at\u00e9 recentemente) n\u00e3o atra\u00edram muita aten\u00e7\u00e3o e foram esquecidas por muitos anos. Suas alega\u00e7\u00f5es podem ser coletivamente conhecidas como a &#8220;hip\u00f3tese de Bong-Han Kim&#8221;. Os principais pontos da hip\u00f3tese s\u00e3o os seguintes: (1) o PVS \u00e9 um sistema morfol\u00f3gico funcional independente; (2) os PVs superficiais e os PVs extravasculares est\u00e3o conectados por n\u00f3s superficiais; (3) os PVs profundos s\u00e3o conectados por PVs intravasculares, PNs profundos e n\u00f3s de \u00f3rg\u00e3os; (4) os PNs superficiais t\u00eam uma camada muscular e v\u00e1rias c\u00e9lulas dentro, e sua estrutura \u00e9 diferente das PNs profundas; e (5) os PNs t\u00eam\u00a0<a class=\"topic-link\" title=\"Learn more about Nucleic Acid from ScienceDirect's AI-generated Topic Pages\" href=\"https:\/\/www.sciencedirect.com\/topics\/medicine-and-dentistry\/nucleic-acid\">diferentes tipos de \u00e1cidos nucleicos, <\/a>principalmente DNA.<\/p>\n<p>Usando diferentes abordagens experimentais nos \u00faltimos 10 anos, o n\u00famero de artigos cient\u00edficos que relatam a descoberta de diferentes evid\u00eancias anat\u00f4micas e fisiol\u00f3gicas confirmando a exist\u00eancia de uma base anat\u00f4mica para o sistema meridiano aumentou. A ci\u00eancia morfol\u00f3gica \u00e9 muito desafiada a oferecer uma nova teoria biom\u00e9dica que explique a poss\u00edvel exist\u00eancia de novos sistemas corporais, como o sistema\u00a0<a class=\"topic-link\" title=\"Learn more about Vascular System from ScienceDirect's AI-generated Topic Pages\" href=\"https:\/\/www.sciencedirect.com\/topics\/medicine-and-dentistry\/vascular-system\">vascular<\/a>\u00a0primo\u00a0(PVS). O PVS \u00e9 um sistema at\u00e9 ent\u00e3o desconhecido que integra as caracter\u00edsticas dos\u00a0<a class=\"topic-link\" title=\"Learn more about Endocrine System from ScienceDirect's AI-generated Topic Pages\" href=\"https:\/\/www.sciencedirect.com\/topics\/medicine-and-dentistry\/endocrine-system\">sistemas<\/a>cardiovascular, nervoso, imunol\u00f3gico ehormonal. Tamb\u00e9m fornece um substrato f\u00edsico para os\u00a0<a class=\"topic-link\" title=\"Learn more about Acupuncture Point from ScienceDirect's AI-generated Topic Pages\" href=\"https:\/\/www.sciencedirect.com\/topics\/medicine-and-dentistry\/acupuncture-point\">pontos de acupuntura<\/a>\u00a0e meridianos. Os an\u00fancios da arquiteta morfol\u00f3gica e a fun\u00e7\u00e3o do PVS mudaram fundamentalmente a compreens\u00e3o b\u00e1sica da biologia e da medicina porque o PVS est\u00e1 envolvido no desenvolvimento e nas fun\u00e7\u00f5es dos organismos vivos. Propomos uma nova vis\u00e3o da base anat\u00f4mica para o PVS e a energia vital &#8211; chamada &#8220;<em>Qi<\/em>&#8221; como uma onda eletromagn\u00e9tica que est\u00e1 envolvida muito de perto com o DNA no PVS. O DNA fornece informa\u00e7\u00f5es gen\u00e9ticas e funciona como um armazenamento de informa\u00e7\u00f5es que podem ser obtidas a partir dos <a class=\"topic-link\" title=\"Learn more about Electromagnetic Field from ScienceDirect's AI-generated Topic Pages\" href=\"https:\/\/www.sciencedirect.com\/topics\/medicine-and-dentistry\/electromagnetic-field\">campos eletromagn\u00e9ticos<\/a>\u00a0do ambiente. O PVS \u00e9 o sistema de comunica\u00e7\u00e3o entre organismos vivos e o meio ambiente, e est\u00e1 no n\u00edvel mais baixo da vida. A teoria do PVS pode ser uma boa base para formar um novo ponto de vista da teoria evolutiva de Darwin. Descobertas na teoria morfol\u00f3gica \u2014 como descobertas em rela\u00e7\u00e3o ao PVS \u2014 n\u00e3o s\u00e3o feitas desde o s\u00e9culo XVIII. Por essa raz\u00e3o, o PVS precisa de mais aten\u00e7\u00e3o.<\/p>\n<p>Todos os resultados relativos ao PVS foram publicados em revistas cient\u00edficas internacionais como: <em>Anatomical Record Part B: The New Anatomist<\/em>;\u00a0<em>Microscopy Research and Technique<\/em>;\u00a0<em>Naturwissenschaften<\/em>;\u00a0<em>Lymphatic Research and Biology<\/em>;\u00a0<em>Applied Physics Letters<\/em>;\u00a0<em>Current Applied Physics<\/em>;\u00a0<em>Journal of Biomedical Optics<\/em>;\u00a0<em><a class=\"topic-link\" title=\"Learn more about Microcirculation from ScienceDirect's AI-generated Topic Pages\" href=\"https:\/\/www.sciencedirect.com\/topics\/medicine-and-dentistry\/microcirculation\">Microcirculation<\/a><\/em>;\u00a0<em>New Journal of Physics<\/em>;\u00a0<em>Cardiology<\/em>;\u00a0<em>Lymphology<\/em>;\u00a0<em>Journal of Health Science<\/em>;\u00a0<em>Biologia<\/em>;\u00a0<em>PLoS One<\/em>; and\u00a0<em>Journal of International Society of Life Information Science<\/em>.<\/p>\n<p>O Sistema Primo Vascular consiste em uma densa rede de vasos primos (PVs) e nodos primos (PNs) que \u00e9 distribu\u00edda por todo o corpo. O PVs \u00e9 a base anat\u00f4mica f\u00edsica do sistema meridiano, consubstanciando sistemas superficiais e profundos interconectados.<\/p>\n","protected":false},"excerpt":{"rendered":"<p>O Sistema Vascular Primo como um Novo Sistema Anat\u00f4mico A\u00a0medicina oriental\u00a0tradicional tem uma exist\u00eancia bem sucedida h\u00e1 muito tempo e\u00a0forneceu caminhos funcionais para a cura da doen\u00e7a. No entanto, alguns cientistas n\u00e3o aceitam\u00a0acupuntura, principalmente porque o sistema\u00a0meridiano n\u00e3o tem uma base anat\u00f4mica f\u00edsica. No in\u00edcio da d\u00e9cada de 1960, apenas uma hip\u00f3tese foi proposta para [&hellip;]<\/p>\n","protected":false},"author":350,"featured_media":0,"parent":106,"menu_order":2,"comment_status":"closed","ping_status":"closed","template":"","meta":{"footnotes":""},"class_list":["post-110","page","type-page","status-publish","hentry"],"jetpack-related-posts":[],"jetpack_sharing_enabled":true,"_links":{"self":[{"href":"https:\/\/wp.ufpel.edu.br\/anatoacupuntura\/wp-json\/wp\/v2\/pages\/110","targetHints":{"allow":["GET"]}}],"collection":[{"href":"https:\/\/wp.ufpel.edu.br\/anatoacupuntura\/wp-json\/wp\/v2\/pages"}],"about":[{"href":"https:\/\/wp.ufpel.edu.br\/anatoacupuntura\/wp-json\/wp\/v2\/types\/page"}],"author":[{"embeddable":true,"href":"https:\/\/wp.ufpel.edu.br\/anatoacupuntura\/wp-json\/wp\/v2\/users\/350"}],"replies":[{"embeddable":true,"href":"https:\/\/wp.ufpel.edu.br\/anatoacupuntura\/wp-json\/wp\/v2\/comments?post=110"}],"version-history":[{"count":5,"href":"https:\/\/wp.ufpel.edu.br\/anatoacupuntura\/wp-json\/wp\/v2\/pages\/110\/revisions"}],"predecessor-version":[{"id":130,"href":"https:\/\/wp.ufpel.edu.br\/anatoacupuntura\/wp-json\/wp\/v2\/pages\/110\/revisions\/130"}],"up":[{"embeddable":true,"href":"https:\/\/wp.ufpel.edu.br\/anatoacupuntura\/wp-json\/wp\/v2\/pages\/106"}],"wp:attachment":[{"href":"https:\/\/wp.ufpel.edu.br\/anatoacupuntura\/wp-json\/wp\/v2\/media?parent=110"}],"curies":[{"name":"wp","href":"https:\/\/api.w.org\/{rel}","templated":true}]}}