{"id":106,"date":"2021-11-25T16:50:42","date_gmt":"2021-11-25T19:50:42","guid":{"rendered":"https:\/\/wp.ufpel.edu.br\/anatoacupuntura\/?page_id=106"},"modified":"2025-05-10T11:12:58","modified_gmt":"2025-05-10T14:12:58","slug":"anatomia","status":"publish","type":"page","link":"https:\/\/wp.ufpel.edu.br\/anatoacupuntura\/anatoacupunture-project\/anatomia\/","title":{"rendered":"Anatomia"},"content":{"rendered":"<h3>Compreens\u00f5es iniciais<\/h3>\n<p>A &#8216;AnatoAcupuntura&#8217; surge como um projeto visando integrar ensino, pesquisa e extens\u00e3o no transcorrer do processamento dos desdobramentos iniciais propostos. Inicialmente, pretende dialogar o aprofundamento dos estudos e pesquisas em Anatomia envolvendo com os conhecimentos em Acupuntura para melhor entender mecanismos anat\u00f4micos com potenciais rotas terap\u00eauticas complementares em sa\u00fade. A necessidade dessa perspectiva \u2018AnatoAcupuntura\u2019 permitiu perceber uma considera\u00e7\u00e3o inicial a ser observada. Que a vis\u00e3o sist\u00eamica e regional em anatomia humana pode contribuir sobremaneira para qualificar ainda mais em di\u00e1logos cient\u00edficos a perspectiva sist\u00eamica em Acupuntura e as finalidades complementares em sa\u00fade que esta pr\u00e1tica milenar em sa\u00fade j\u00e1 pretende desenvolver nas rotinas e protocolos em sa\u00fade.<\/p>\n<p><a href=\"https:\/\/wp.ufpel.edu.br\/anatoacupuntura\/files\/2021\/11\/anato_acupuntura_esquema_projeto.jpg\"><img loading=\"lazy\" decoding=\"async\" class=\"alignnone wp-image-132\" src=\"https:\/\/wp.ufpel.edu.br\/anatoacupuntura\/files\/2021\/11\/anato_acupuntura_esquema_projeto.jpg\" alt=\"\" width=\"952\" height=\"429\" srcset=\"https:\/\/wp.ufpel.edu.br\/anatoacupuntura\/files\/2021\/11\/anato_acupuntura_esquema_projeto.jpg 952w, https:\/\/wp.ufpel.edu.br\/anatoacupuntura\/files\/2021\/11\/anato_acupuntura_esquema_projeto-400x180.jpg 400w, https:\/\/wp.ufpel.edu.br\/anatoacupuntura\/files\/2021\/11\/anato_acupuntura_esquema_projeto-768x346.jpg 768w, https:\/\/wp.ufpel.edu.br\/anatoacupuntura\/files\/2021\/11\/anato_acupuntura_esquema_projeto-619x279.jpg 619w\" sizes=\"auto, (max-width: 952px) 100vw, 952px\" \/><\/a><\/p>\n<p><a href=\"https:\/\/institucional.ufpel.edu.br\/projetos\/id\/u4447\">\u2018AnatoAcupuncture\u2019 : points, channels and meridians in Acupuncture in dialogues and possibilities with Anatomy | Federal University of Pelotas<\/a><\/p>\n","protected":false},"excerpt":{"rendered":"<p>Compreens\u00f5es iniciais A &#8216;AnatoAcupuntura&#8217; surge como um projeto visando integrar ensino, pesquisa e extens\u00e3o no transcorrer do processamento dos desdobramentos iniciais propostos. Inicialmente, pretende dialogar o aprofundamento dos estudos e pesquisas em Anatomia envolvendo com os conhecimentos em Acupuntura para melhor entender mecanismos anat\u00f4micos com potenciais rotas terap\u00eauticas complementares em sa\u00fade. A necessidade dessa perspectiva [&hellip;]<\/p>\n","protected":false},"author":350,"featured_media":0,"parent":67,"menu_order":0,"comment_status":"closed","ping_status":"closed","template":"","meta":{"footnotes":""},"class_list":["post-106","page","type-page","status-publish","hentry"],"jetpack-related-posts":[],"jetpack_sharing_enabled":true,"_links":{"self":[{"href":"https:\/\/wp.ufpel.edu.br\/anatoacupuntura\/wp-json\/wp\/v2\/pages\/106","targetHints":{"allow":["GET"]}}],"collection":[{"href":"https:\/\/wp.ufpel.edu.br\/anatoacupuntura\/wp-json\/wp\/v2\/pages"}],"about":[{"href":"https:\/\/wp.ufpel.edu.br\/anatoacupuntura\/wp-json\/wp\/v2\/types\/page"}],"author":[{"embeddable":true,"href":"https:\/\/wp.ufpel.edu.br\/anatoacupuntura\/wp-json\/wp\/v2\/users\/350"}],"replies":[{"embeddable":true,"href":"https:\/\/wp.ufpel.edu.br\/anatoacupuntura\/wp-json\/wp\/v2\/comments?post=106"}],"version-history":[{"count":10,"href":"https:\/\/wp.ufpel.edu.br\/anatoacupuntura\/wp-json\/wp\/v2\/pages\/106\/revisions"}],"predecessor-version":[{"id":435,"href":"https:\/\/wp.ufpel.edu.br\/anatoacupuntura\/wp-json\/wp\/v2\/pages\/106\/revisions\/435"}],"up":[{"embeddable":true,"href":"https:\/\/wp.ufpel.edu.br\/anatoacupuntura\/wp-json\/wp\/v2\/pages\/67"}],"wp:attachment":[{"href":"https:\/\/wp.ufpel.edu.br\/anatoacupuntura\/wp-json\/wp\/v2\/media?parent=106"}],"curies":[{"name":"wp","href":"https:\/\/api.w.org\/{rel}","templated":true}]}}