{"id":104,"date":"2021-11-25T16:50:11","date_gmt":"2021-11-25T19:50:11","guid":{"rendered":"https:\/\/wp.ufpel.edu.br\/anatoacupuntura\/?page_id=104"},"modified":"2021-11-25T16:50:59","modified_gmt":"2021-11-25T19:50:59","slug":"primo-vascular-system","status":"publish","type":"page","link":"https:\/\/wp.ufpel.edu.br\/anatoacupuntura\/anatoacupunture-project\/anatomia\/primo-vascular-system\/","title":{"rendered":"Primo Vascular System"},"content":{"rendered":"<h1 class=\"content-title\"><a href=\"https:\/\/www.ncbi.nlm.nih.gov\/pmc\/articles\/PMC3793287\/\">Sistema Vascular Primo: Passado, Presente e Futuro<\/a><\/h1>\n<div id=\"ui-ncbiinpagenav-1\" class=\"jig-ncbiinpagenav\" data-jigconfig=\"smoothScroll: false, allHeadingLevels: ['h2'], headingExclude: ':hidden,.nomenu'\">\n<div id=\"idm140349778599168\" class=\"tsec sec\">\n<p id=\"__p1\" class=\"p p-first\">O que \u00e9 o Sistema Vascular Primo (PVS)? Vamos fazer uma viagem pela medicina oriental em uma m\u00e1quina do tempo. Ao longo dos \u00faltimos 2000 anos, a acupuntura e moxibus\u00e7\u00e3o na medicina chinesa foram desenvolvidas com base no conceito do sistema meridiano; no entanto, a realidade anat\u00f4mica do sistema meridiano tem sido controversa em v\u00e1rios aspectos. Ainda hoje, o sistema meridiano ainda est\u00e1 sendo investigado com estruturas anat\u00f4micas bem conhecidas. Entre eles, os tecidos conjuntivos chamados sistema f\u00e1scia s\u00e3o representativos para os quais a fun\u00e7\u00e3o putativa do sistema meridiano foi estabelecida e \u00e9 compreendida [<a id=\"__tag_666101017\" class=\" bibr popnode tag_hotlink tag_tooltip\" role=\"button\" href=\"https:\/\/www.ncbi.nlm.nih.gov\/pmc\/articles\/PMC3793287\/#B1\">1<\/a>].<\/p>\n<p id=\"__p2\">Uma vis\u00e3o fundamental sobre o sistema meridiano de acupuntura e suas novas estruturas anat\u00f4micas foi concebida por Kim na d\u00e9cada de 1960 [<a class=\" bibr popnode\" role=\"button\" href=\"https:\/\/www.ncbi.nlm.nih.gov\/pmc\/articles\/PMC3793287\/#B2\">2<\/a>]. De acordo com sua ideia, o sistema meridiano tem o papel de circular micropart\u00edculas de DNA, denominadas &#8220;Sinais&#8221;, com v\u00e1rios horm\u00f4nios independentemente dos sistemas cardiovascular e linf\u00e1tico. Na d\u00e9cada de 1970, Fujiwara tentou duplicar e verificar as descobertas de Kim; no entanto, suas obras tamb\u00e9m foram negligenciadas [<a class=\" bibr popnode\" role=\"button\" href=\"https:\/\/www.ncbi.nlm.nih.gov\/pmc\/articles\/PMC3793287\/#B3\">3<\/a>]. Desde 2002, o grupo de Soh na Universidade Nacional de Seul, Rep\u00fablica da Coreia, tenta verificar as descobertas do trabalho de Bonghan Kim, e eles encontraram muitas evid\u00eancias sugerindo que as ideias de Bonghan Kim sobre o sistema meridiano de acupuntura s\u00e3o razo\u00e1veis [<a id=\"__tag_666101016\" class=\" bibr popnode tag_hotlink tag_tooltip\" role=\"button\" href=\"https:\/\/www.ncbi.nlm.nih.gov\/pmc\/articles\/PMC3793287\/#B4\">4<\/a>].<\/p>\n<p id=\"__p3\">Atualmente, o que estudamos sobre o PVS? para responder a essa pergunta e para uma vis\u00e3o dos trabalhos atuais sobre este novo sistema, temos uma nova edi\u00e7\u00e3o especial, o Primo Vascular System, no qual publicamos v\u00e1rios artigos de pesquisa e alguns artigos de revis\u00e3o. Os trabalhos de pesquisa podem ser classificados como aqueles diretamente relacionados \u00e0 fun\u00e7\u00e3o de PVS e aqueles com foco na descoberta desse novo PVS. Artigos representativos na categoria anterior s\u00e3o o trabalho de c\u00e9lulas-tronco do grupo C. H. Leem\u00a0<em>&#8220;Express\u00e3o de marcadores de c\u00e9lulas-tronco no vaso primo de rato&#8221;,<\/em>\u00a0e K.-S. Obra de c\u00e9lulas endoteliais do grupo Soh\u00a0<em>&#8220;Descoberta de propriedades endot\u00e9lio e mesenquimal de vasos primo na mesenteria.&#8221;<\/em>\u00a0Nesta \u00faltima categoria est\u00e3o os trabalhos do laborat\u00f3rio Y. H. Ryu\u00a0<em>&#8220;Sistema vascular primo acompanhando um vaso sangu\u00edneo do tecido tumoral e um m\u00e9todo para distingui-lo do sangue ou do sistema linf\u00e1tico&#8221;<\/em>\u00a0Equipe m\u00e9dica de S. Z. Yoon\u00a0<em>&#8220;Composi\u00e7\u00e3o da matriz extracelular de estruturas linf\u00e1ticas novas roscas: \u00e9 queratina?&#8221;<\/em>\u00a0e B.-C. O laborat\u00f3rio de Lee\u00a0<em>&#8220;Evid\u00eancias para o sistema vascular primo acima da epicardia de cora\u00e7\u00f5es de ratos.&#8221;<\/em>\u00a0Al\u00e9m disso, uma equipe chinesa liderada por X. Jing publicou uma ideia muito significativa de que o PVS poderia representar artefatos a partir de condi\u00e7\u00f5es patol\u00f3gicas\u00a0<em>&#8220;Pesquisa preliminar da rela\u00e7\u00e3o entre peritonite aguda e navios primo cel\u00edacos&#8221;,<\/em>\u00a0mas outra equipe chinesa liderada pela W.-B. Zhang sugeriu atrav\u00e9s do tratamento de heparina que o PVS pode ter estruturas anat\u00f4micas reais\u00a0<em>&#8220;Estudo sobre a forma\u00e7\u00e3o de nova estrutura threadlike atrav\u00e9s de inje\u00e7\u00e3o intravenosa de heparina em ratos e observa\u00e7\u00e3o refinada em miniporcos.&#8221;<\/em>\u00a0Com base nesses dados, reconhecidamente, atualmente, para que o PVS seja absolutamente estabelecido, \u00e9 necess\u00e1rio um interc\u00e2mbio internacional.<\/p>\n<p id=\"__p4\">Por outro lado, entre artigos de pesquisa controversos, publicamos alguns artigos de revis\u00e3o nos quais dever\u00edamos prestar mais aten\u00e7\u00e3o a duas equipes, k.-S. Soh e B. Zhu&#8217;s (<em>&#8220;50 anos de teoria bong-han e 10 anos de sistema vascular primo&#8221;<\/em>\u00a0e\u00a0<em>&#8220;Revis\u00e3o hist\u00f3rica sobre pesquisas sobre o &#8220;sistema Bonghan&#8221; na China&#8221;<\/em>). Atrav\u00e9s de seus artigos de revis\u00e3o, mesmo iniciante em PVS poderia descobrir a caracter\u00edstica geral do PVS. Especialmente para o hist\u00f3rico de pesquisa do PVS recomendamos um artigo de revis\u00e3o de Kim [<a id=\"__tag_666101015\" class=\" bibr popnode tag_hotlink tag_tooltip\" role=\"button\" href=\"https:\/\/www.ncbi.nlm.nih.gov\/pmc\/articles\/PMC3793287\/#B5\">5<\/a>] em revista relacionada \u00e0 ECAM, Journal of Acupuncture e Meridian Studies. Tamb\u00e9m sugerimos que os pesquisadores prestem aten\u00e7\u00e3o a dois artigos de revis\u00e3o: um deles \u00e9 a abordagem de J. Jeon sobre a rela\u00e7\u00e3o entre a hist\u00f3ria do sistema meridiano de acupuntura e pvs\u00a0<em>&#8220;Os significados e perspectivas do sistema vascular primo do ponto de vista do contexto hist\u00f3rico&#8221;.<\/em>\u00a0O outro \u00e9 uma nova vis\u00e3o sobre a fun\u00e7\u00e3o do PVS como sistema de circula\u00e7\u00e3o de part\u00edculas de DNA sugerido por S. Z. Yoon\u00a0<em>&#8220;Em dire\u00e7\u00e3o a uma teoria do sistema vascular primo: um sistema circulat\u00f3rio hipot\u00e9tico no n\u00edvel subcelular.&#8221;<\/em><\/p>\n<p id=\"__p5\">No futuro, o que estudaremos sobre o PVS? Com base em nossas longas carreiras de pesquisa, n\u00f3s editores sugerimos as seguintes \u00e1reas de estudo para estabelecer um consenso unificado internacional para o novo sistema que \u00e9 chamado de Sistema Vascular Primo:<\/p>\n<ol class=\"enumerated\">\n<li>\n<p id=\"__p6\">o estabelecimento do Sistema Vascular Primo em termos de um novo sistema de circula\u00e7\u00e3o,<\/p>\n<\/li>\n<li>\n<p id=\"__p7\">o conceito de &#8220;Sanal&#8221; e a rela\u00e7\u00e3o entre c\u00e9lulas-tronco e Sanals,<\/p>\n<\/li>\n<li>\n<p id=\"__p8\">o envolvimento de Sanals na met\u00e1stase do c\u00e2ncer,<\/p>\n<\/li>\n<li>\n<p id=\"__p9\">O potencial do PVS no c\u00e9rebro para diagnosticar e tratar doen\u00e7as cerebrais degenerativas.<\/p>\n<\/li>\n<\/ol>\n<p>&nbsp;<\/p>\n<p id=\"__p10\">Agora vamos pensar em &#8220;tempo&#8221; deixando a m\u00e1quina do tempo. O tempo realmente flui em apenas uma dire\u00e7\u00e3o, em dire\u00e7\u00e3o ao futuro! Assim, nossas mentes de pesquisa devem ser direcionadas para al\u00e9m do passado e do presente e para o futuro. Com esfor\u00e7os gratuitos e dedicados para a medicina hol\u00edstica orientada para o homem, devemos ser capazes de construir uma medicina alternativa real baseada em evid\u00eancias. Dadas as circunst\u00e2ncias atuais, um novo conceito de circula\u00e7\u00e3o, o Sistema Vascular Primo, est\u00e1 esperando que estabele\u00e7amos plenamente seu potencial para beneficiar toda a humanidade de maneiras n\u00e3o conhecidas anteriormente.<\/p>\n<p>&nbsp;<\/p>\n<div class=\"half_rhythm\"><em>Byung-Cheon Lee<\/em><\/div>\n<div class=\"half_rhythm\"><em>Walter J. Akers<\/em><\/div>\n<div class=\"half_rhythm\"><em>Xianghong Jing<\/em><\/div>\n<div class=\"half_rhythm\"><em>M. Isabel Miguel Perez<\/em><\/div>\n<div class=\"half_rhythm\"><em>Yeonhee Ryu<\/em><\/div>\n<p>&nbsp;<\/p>\n<\/div>\n<div id=\"idm140349780490416\" class=\"tsec sec\">\n<div class=\"goto jig-ncbiinpagenav-goto-container\"><span role=\"menubar\"><a class=\"tgt_dark page-toc-label jig-ncbiinpagenav-goto-heading\" title=\"Go to other sections in this page\" role=\"menuitem\" href=\"https:\/\/www.ncbi.nlm.nih.gov\/pmc\/articles\/PMC3793287\/#\">Ir para artigo<\/a><\/span><\/div>\n<h2 id=\"idm140349780490416title\" class=\"head no_bottom_margin ui-helper-clearfix\">Refer\u00eancias<\/h2>\n<div id=\"reference-list\" class=\"ref-list-sec sec\">\n<div id=\"B1\" class=\"ref-cit-blk half_rhythm\">1.\u00a0<span class=\"element-citation\">Langevin HM, Yandow JA. Rela\u00e7\u00e3o de pontos de acupuntura e meridianos com planos de tecido conjuntivo.\u00a0<span class=\"ref-journal\"><em>Registro Anat\u00f4mico<\/em>.<\/span>\u00a02002;\u00a0<span class=\"ref-vol\">269<\/span>(6):257-265.\u00a0[<a href=\"https:\/\/www.ncbi.nlm.nih.gov\/pubmed\/12467083\">PubMed<\/a>]\u00a0<span class=\"nowrap\">[Google<a role=\"button\" href=\"https:\/\/scholar.google.com\/scholar_lookup?journal=Anatomical+Record&amp;title=Relationship+of+acupuncture+points+and+meridians+to+connective+tissue+planes&amp;author=HM+Langevin&amp;author=JA+Yandow&amp;volume=269&amp;issue=6&amp;publication_year=2002&amp;pages=257-265&amp;pmid=12467083&amp;\" target=\"_blank\" rel=\"noopener noreferrer\">Scholar<\/a>]<\/span><\/span><\/div>\n<div id=\"B2\" class=\"ref-cit-blk half_rhythm\">2.\u00a0<span class=\"element-citation\">Kim BH. O sistema Kyungrak.\u00a0<span class=\"ref-journal\"><em>Journal of Jo Sun Medicine<\/em>.<\/span>\u00a01965;\u00a0<span class=\"ref-vol\">108<\/span>:1-38.\u00a0<span class=\"nowrap\">[Google<a role=\"button\" href=\"https:\/\/scholar.google.com\/scholar_lookup?journal=Journal+of+Jo+Sun+Medicine&amp;title=The+Kyungrak+system&amp;author=BH+Kim&amp;volume=108&amp;publication_year=1965&amp;pages=1-38&amp;\" target=\"_blank\" rel=\"noopener noreferrer\">Scholar<\/a>]<\/span><\/span><\/div>\n<div id=\"B3\" class=\"ref-cit-blk half_rhythm\">3.\u00a0<span class=\"element-citation\">Fujiwara S, Yu SB. &#8216;Teoria de Bonghan&#8217; estudos morfol\u00f3gicos.\u00a0<span class=\"ref-journal\"><em>Igaku No Ayumi.<\/em><\/span>\u00a01967;\u00a0<span class=\"ref-vol\">60<\/span>:567-577.\u00a0<span class=\"nowrap\">[Google<a role=\"button\" href=\"https:\/\/scholar.google.com\/scholar_lookup?journal=Igaku+No+Ayumi&amp;title=%E2%80%98Bonghan+theory%E2%80%99+morphological+studies&amp;author=S+Fujiwara&amp;author=SB+Yu&amp;volume=60&amp;publication_year=1967&amp;pages=567-577&amp;\" target=\"_blank\" rel=\"noopener noreferrer\">Scholar<\/a>]<\/span><\/span><\/div>\n<div id=\"B4\" class=\"ref-cit-blk half_rhythm\">4.\u00a0<span class=\"element-citation\">Soh K-S. Sistema circulat\u00f3rio bonghan como uma extens\u00e3o de meridianos de acupuntura.\u00a0<span class=\"ref-journal\"><em>Journal of Acupuncture and Meridian Studies<\/em>.<\/span>\u00a02009;\u00a0<span class=\"ref-vol\">2<\/span>(2):93-106.\u00a0[<a href=\"https:\/\/www.ncbi.nlm.nih.gov\/pubmed\/20633480\">PubMed<\/a>]\u00a0<span class=\"nowrap\">[Google<a role=\"button\" href=\"https:\/\/scholar.google.com\/scholar_lookup?journal=Journal+of+Acupuncture+and+Meridian+Studies&amp;title=Bonghan+circulatory+system+as+an+extension+of+acupuncture+meridians&amp;author=K-S+Soh&amp;volume=2&amp;issue=2&amp;publication_year=2009&amp;pages=93-106&amp;pmid=20633480&amp;\" target=\"_blank\" rel=\"noopener noreferrer\">Scholar<\/a>]<\/span><\/span><\/div>\n<div id=\"B5\" class=\"ref-cit-blk half_rhythm\">5.\u00a0<span class=\"element-citation\">Kim HG. Pesquisa formativa sobre o sistema vascular primo e aceita\u00e7\u00e3o pela comunidade cient\u00edfica coreana: a lacuna entre a ci\u00eancia b\u00e1sica criativa e a tecnologia de converg\u00eancia pr\u00e1tica.\u00a0<span class=\"ref-journal\"><em>Journal of Acupuncture and Meridian Studies<\/em>.<\/span>\u00a02013\u00a0[<a href=\"https:\/\/www.ncbi.nlm.nih.gov\/pubmed\/24290796\">PubMed<\/a>]\u00a0<span class=\"nowrap\">[ Google<a role=\"button\" href=\"https:\/\/scholar.google.com\/scholar_lookup?journal=Journal+of+Acupuncture+and+Meridian+Studies&amp;title=Formative+research+on+the+primo+vascular+system+and+acceptance+by+the+Korean+scientific+community:+the+gap+between+creative+basic+science+and+practical+convergence+technology&amp;author=HG+Kim&amp;publication_year=2013&amp;\" target=\"_blank\" rel=\"noopener noreferrer\">Scholar<\/a>]<\/span><\/span><\/div>\n<\/div>\n<\/div>\n<\/div>\n<div class=\"courtesy-note whole_rhythm small\">\n<hr \/>\n<div class=\"half_rhythm\">Artigos da\u00a0<span class=\"acknowledgment-journal-title\">Medicina Complementar e Alternativa baseada em Evid\u00eancias : eCAM<\/span>\u00a0s\u00e3o fornecidos aqui cortesia da\u00a0<strong>Hindawi Limited<\/strong><\/div>\n<\/div>\n","protected":false},"excerpt":{"rendered":"<p>Sistema Vascular Primo: Passado, Presente e Futuro O que \u00e9 o Sistema Vascular Primo (PVS)? Vamos fazer uma viagem pela medicina oriental em uma m\u00e1quina do tempo. Ao longo dos \u00faltimos 2000 anos, a acupuntura e moxibus\u00e7\u00e3o na medicina chinesa foram desenvolvidas com base no conceito do sistema meridiano; no entanto, a realidade anat\u00f4mica do [&hellip;]<\/p>\n","protected":false},"author":350,"featured_media":0,"parent":106,"menu_order":1,"comment_status":"closed","ping_status":"closed","template":"","meta":{"footnotes":""},"class_list":["post-104","page","type-page","status-publish","hentry"],"jetpack-related-posts":[],"jetpack_sharing_enabled":true,"_links":{"self":[{"href":"https:\/\/wp.ufpel.edu.br\/anatoacupuntura\/wp-json\/wp\/v2\/pages\/104","targetHints":{"allow":["GET"]}}],"collection":[{"href":"https:\/\/wp.ufpel.edu.br\/anatoacupuntura\/wp-json\/wp\/v2\/pages"}],"about":[{"href":"https:\/\/wp.ufpel.edu.br\/anatoacupuntura\/wp-json\/wp\/v2\/types\/page"}],"author":[{"embeddable":true,"href":"https:\/\/wp.ufpel.edu.br\/anatoacupuntura\/wp-json\/wp\/v2\/users\/350"}],"replies":[{"embeddable":true,"href":"https:\/\/wp.ufpel.edu.br\/anatoacupuntura\/wp-json\/wp\/v2\/comments?post=104"}],"version-history":[{"count":2,"href":"https:\/\/wp.ufpel.edu.br\/anatoacupuntura\/wp-json\/wp\/v2\/pages\/104\/revisions"}],"predecessor-version":[{"id":109,"href":"https:\/\/wp.ufpel.edu.br\/anatoacupuntura\/wp-json\/wp\/v2\/pages\/104\/revisions\/109"}],"up":[{"embeddable":true,"href":"https:\/\/wp.ufpel.edu.br\/anatoacupuntura\/wp-json\/wp\/v2\/pages\/106"}],"wp:attachment":[{"href":"https:\/\/wp.ufpel.edu.br\/anatoacupuntura\/wp-json\/wp\/v2\/media?parent=104"}],"curies":[{"name":"wp","href":"https:\/\/api.w.org\/{rel}","templated":true}]}}