{"id":2690,"date":"2025-10-28T16:24:38","date_gmt":"2025-10-28T19:24:38","guid":{"rendered":"https:\/\/wp.ufpel.edu.br\/alm\/?page_id=2690"},"modified":"2025-10-28T16:24:38","modified_gmt":"2025-10-28T19:24:38","slug":"extensao-e-educacao-ambiental","status":"publish","type":"page","link":"https:\/\/wp.ufpel.edu.br\/alm\/?page_id=2690","title":{"rendered":"Extens\u00e3o e Educa\u00e7\u00e3o Ambiental"},"content":{"rendered":"","protected":false},"excerpt":{"rendered":"","protected":false},"author":193,"featured_media":0,"parent":0,"menu_order":0,"comment_status":"closed","ping_status":"closed","template":"","meta":{"footnotes":""},"class_list":["post-2690","page","type-page","status-publish","hentry"],"_links":{"self":[{"href":"https:\/\/wp.ufpel.edu.br\/alm\/index.php?rest_route=\/wp\/v2\/pages\/2690","targetHints":{"allow":["GET"]}}],"collection":[{"href":"https:\/\/wp.ufpel.edu.br\/alm\/index.php?rest_route=\/wp\/v2\/pages"}],"about":[{"href":"https:\/\/wp.ufpel.edu.br\/alm\/index.php?rest_route=\/wp\/v2\/types\/page"}],"author":[{"embeddable":true,"href":"https:\/\/wp.ufpel.edu.br\/alm\/index.php?rest_route=\/wp\/v2\/users\/193"}],"replies":[{"embeddable":true,"href":"https:\/\/wp.ufpel.edu.br\/alm\/index.php?rest_route=%2Fwp%2Fv2%2Fcomments&post=2690"}],"version-history":[{"count":1,"href":"https:\/\/wp.ufpel.edu.br\/alm\/index.php?rest_route=\/wp\/v2\/pages\/2690\/revisions"}],"predecessor-version":[{"id":2693,"href":"https:\/\/wp.ufpel.edu.br\/alm\/index.php?rest_route=\/wp\/v2\/pages\/2690\/revisions\/2693"}],"wp:attachment":[{"href":"https:\/\/wp.ufpel.edu.br\/alm\/index.php?rest_route=%2Fwp%2Fv2%2Fmedia&parent=2690"}],"curies":[{"name":"wp","href":"https:\/\/api.w.org\/{rel}","templated":true}]}}