{"id":7,"date":"2013-04-17T09:56:08","date_gmt":"2013-04-17T12:56:08","guid":{"rendered":"https:\/\/wp.ufpel.edu.br\/alinepaliga\/?page_id=7"},"modified":"2020-03-10T11:56:25","modified_gmt":"2020-03-10T14:56:25","slug":"calendario","status":"publish","type":"page","link":"https:\/\/wp.ufpel.edu.br\/alinepaliga\/calendario\/","title":{"rendered":"-Calend\u00e1rio-"},"content":{"rendered":"<p>Veja o Calend\u00e1rio Acad\u00eamico aqui:<\/p>\n<blockquote class=\"wp-embedded-content\" data-secret=\"OHXJhBmACn\"><p><a href=\"https:\/\/wp.ufpel.edu.br\/cra\/calendario-academico-2020\/\">Calend\u00e1rio Acad\u00eamico 2020<\/a><\/p><\/blockquote>\n<p><iframe loading=\"lazy\" title=\"&#8220;Calend\u00e1rio Acad\u00eamico 2020&#8221; &#8212; Coordena\u00e7\u00e3o de Registros Acad\u00eamicos\" class=\"wp-embedded-content\" sandbox=\"allow-scripts\" security=\"restricted\" style=\"position: absolute; clip: rect(1px, 1px, 1px, 1px);\" src=\"https:\/\/wp.ufpel.edu.br\/cra\/calendario-academico-2020\/embed\/#?secret=OHXJhBmACn\" data-secret=\"OHXJhBmACn\" width=\"600\" height=\"338\" frameborder=\"0\" marginwidth=\"0\" marginheight=\"0\" scrolling=\"no\"><\/iframe><\/p>\n","protected":false},"excerpt":{"rendered":"<p>Veja o Calend\u00e1rio Acad\u00eamico aqui: Calend\u00e1rio Acad\u00eamico 2020<\/p>\n","protected":false},"author":238,"featured_media":0,"parent":0,"menu_order":0,"comment_status":"closed","ping_status":"closed","template":"","meta":{"footnotes":""},"class_list":["post-7","page","type-page","status-publish","hentry"],"_links":{"self":[{"href":"https:\/\/wp.ufpel.edu.br\/alinepaliga\/wp-json\/wp\/v2\/pages\/7","targetHints":{"allow":["GET"]}}],"collection":[{"href":"https:\/\/wp.ufpel.edu.br\/alinepaliga\/wp-json\/wp\/v2\/pages"}],"about":[{"href":"https:\/\/wp.ufpel.edu.br\/alinepaliga\/wp-json\/wp\/v2\/types\/page"}],"author":[{"embeddable":true,"href":"https:\/\/wp.ufpel.edu.br\/alinepaliga\/wp-json\/wp\/v2\/users\/238"}],"replies":[{"embeddable":true,"href":"https:\/\/wp.ufpel.edu.br\/alinepaliga\/wp-json\/wp\/v2\/comments?post=7"}],"version-history":[{"count":15,"href":"https:\/\/wp.ufpel.edu.br\/alinepaliga\/wp-json\/wp\/v2\/pages\/7\/revisions"}],"predecessor-version":[{"id":2256,"href":"https:\/\/wp.ufpel.edu.br\/alinepaliga\/wp-json\/wp\/v2\/pages\/7\/revisions\/2256"}],"wp:attachment":[{"href":"https:\/\/wp.ufpel.edu.br\/alinepaliga\/wp-json\/wp\/v2\/media?parent=7"}],"curies":[{"name":"wp","href":"https:\/\/api.w.org\/{rel}","templated":true}]}}