{"id":99,"date":"2026-03-21T11:49:24","date_gmt":"2026-03-21T14:49:24","guid":{"rendered":"https:\/\/wp.ufpel.edu.br\/alemao\/?page_id=99"},"modified":"2026-03-26T16:18:06","modified_gmt":"2026-03-26T19:18:06","slug":"materiais-didaticos-e-apoio-a-aprendizagem","status":"publish","type":"page","link":"https:\/\/wp.ufpel.edu.br\/alemao\/materiais-didaticos-e-apoio-a-aprendizagem\/","title":{"rendered":"Materiais did\u00e1ticos e apoio \u00e0 aprendizagem"},"content":{"rendered":"<ul>\n<li><a href=\"https:\/\/docs.ufpel.edu.br\/index.php\/s\/rHPoWuKeG90JmDS\"><span class=\"a_GcMg font-feature-liga-off font-feature-clig-off font-feature-calt-off text-decoration-none text-strikethrough-none\">Material elaborado para Disciplina de Est\u00e1gio de Reg\u00eancia em L\u00edngua Alem\u00e3 2025\/2<\/span><\/a><\/li>\n<\/ul>\n","protected":false},"excerpt":{"rendered":"<p>Material elaborado para Disciplina de Est\u00e1gio de Reg\u00eancia em L\u00edngua Alem\u00e3 2025\/2<\/p>\n","protected":false},"author":50,"featured_media":0,"parent":0,"menu_order":0,"comment_status":"closed","ping_status":"closed","template":"","meta":{"footnotes":""},"class_list":["post-99","page","type-page","status-publish","hentry","nodate","item-wrap"],"_links":{"self":[{"href":"https:\/\/wp.ufpel.edu.br\/alemao\/wp-json\/wp\/v2\/pages\/99","targetHints":{"allow":["GET"]}}],"collection":[{"href":"https:\/\/wp.ufpel.edu.br\/alemao\/wp-json\/wp\/v2\/pages"}],"about":[{"href":"https:\/\/wp.ufpel.edu.br\/alemao\/wp-json\/wp\/v2\/types\/page"}],"author":[{"embeddable":true,"href":"https:\/\/wp.ufpel.edu.br\/alemao\/wp-json\/wp\/v2\/users\/50"}],"replies":[{"embeddable":true,"href":"https:\/\/wp.ufpel.edu.br\/alemao\/wp-json\/wp\/v2\/comments?post=99"}],"version-history":[{"count":3,"href":"https:\/\/wp.ufpel.edu.br\/alemao\/wp-json\/wp\/v2\/pages\/99\/revisions"}],"predecessor-version":[{"id":136,"href":"https:\/\/wp.ufpel.edu.br\/alemao\/wp-json\/wp\/v2\/pages\/99\/revisions\/136"}],"wp:attachment":[{"href":"https:\/\/wp.ufpel.edu.br\/alemao\/wp-json\/wp\/v2\/media?parent=99"}],"curies":[{"name":"wp","href":"https:\/\/api.w.org\/{rel}","templated":true}]}}