{"id":128,"date":"2026-03-25T19:54:35","date_gmt":"2026-03-25T22:54:35","guid":{"rendered":"https:\/\/wp.ufpel.edu.br\/alemao\/?page_id=128"},"modified":"2026-03-25T19:55:20","modified_gmt":"2026-03-25T22:55:20","slug":"noticias","status":"publish","type":"page","link":"https:\/\/wp.ufpel.edu.br\/alemao\/noticias\/","title":{"rendered":"Not\u00edcias"},"content":{"rendered":"<p><em>Para mais not\u00edcias e registros, acesse o instagram do curso <a href=\"https:\/\/www.instagram.com\/letras_portuguesealemao_ufpel\/\">letras_portuguesealemao_ufpel<\/a><\/em><\/p>\n<p><img loading=\"lazy\" decoding=\"async\" class=\"aligncenter wp-image-130 size-full\" src=\"https:\/\/wp.ufpel.edu.br\/alemao\/files\/2026\/03\/Grupo_audi.jpeg\" alt=\"\" width=\"1156\" height=\"868\" srcset=\"https:\/\/wp.ufpel.edu.br\/alemao\/files\/2026\/03\/Grupo_audi.jpeg 1156w, https:\/\/wp.ufpel.edu.br\/alemao\/files\/2026\/03\/Grupo_audi-424x318.jpeg 424w, https:\/\/wp.ufpel.edu.br\/alemao\/files\/2026\/03\/Grupo_audi-212x159.jpeg 212w, https:\/\/wp.ufpel.edu.br\/alemao\/files\/2026\/03\/Grupo_audi-768x577.jpeg 768w, https:\/\/wp.ufpel.edu.br\/alemao\/files\/2026\/03\/Grupo_audi-750x563.jpeg 750w\" sizes=\"auto, (max-width: 1156px) 100vw, 1156px\" \/><\/p>\n<p><span style=\"font-size: 10pt;\">Professores alem\u00e3es Martin Pfeiffer (Potsdam), Aaron Schmidt-Riese (Doutorando\/Potsdam) e G\u00f6z Kaufmann (Freiburg)\u00a0junto do Coletivo Entre Vozes e Letras, representado por Carla Schneid, Gisleia Blank, Nair L\u00fcdtke ap\u00f3s assinatura de acordo de coopera\u00e7\u00e3o e visita \u00e0 UFPel (03\/03\/26).<\/span><\/p>\n<p><img loading=\"lazy\" decoding=\"async\" class=\"aligncenter wp-image-131 size-full\" src=\"https:\/\/wp.ufpel.edu.br\/alemao\/files\/2026\/03\/Grupo_Canal.jpeg\" alt=\"\" width=\"1156\" height=\"868\" srcset=\"https:\/\/wp.ufpel.edu.br\/alemao\/files\/2026\/03\/Grupo_Canal.jpeg 1156w, https:\/\/wp.ufpel.edu.br\/alemao\/files\/2026\/03\/Grupo_Canal-424x318.jpeg 424w, https:\/\/wp.ufpel.edu.br\/alemao\/files\/2026\/03\/Grupo_Canal-212x159.jpeg 212w, https:\/\/wp.ufpel.edu.br\/alemao\/files\/2026\/03\/Grupo_Canal-768x577.jpeg 768w, https:\/\/wp.ufpel.edu.br\/alemao\/files\/2026\/03\/Grupo_Canal-750x563.jpeg 750w\" sizes=\"auto, (max-width: 1156px) 100vw, 1156px\" \/><\/p>\n<p><span style=\"font-size: 10pt;\">Estudantes Riam, La\u00eds, Maria e Elinaldo e Docentes do Curso com os professores da Alemanha (03\/03\/26).<\/span><\/p>\n","protected":false},"excerpt":{"rendered":"<p>Para mais not\u00edcias e registros, acesse o instagram do curso letras_portuguesealemao_ufpel Professores alem\u00e3es Martin Pfeiffer (Potsdam), Aaron Schmidt-Riese (Doutorando\/Potsdam) e G\u00f6z Kaufmann (Freiburg)\u00a0junto do Coletivo Entre Vozes e Letras, representado por Carla Schneid, Gisleia Blank, Nair L\u00fcdtke ap\u00f3s assinatura de acordo de coopera\u00e7\u00e3o e visita \u00e0 UFPel (03\/03\/26). Estudantes Riam, La\u00eds, Maria e Elinaldo e &hellip; <\/p>\n<p><a class=\"more-link btn\" href=\"https:\/\/wp.ufpel.edu.br\/alemao\/noticias\/\">Continue lendo<\/a><\/p>\n","protected":false},"author":50,"featured_media":0,"parent":0,"menu_order":0,"comment_status":"closed","ping_status":"closed","template":"","meta":{"footnotes":""},"class_list":["post-128","page","type-page","status-publish","hentry","nodate","item-wrap"],"_links":{"self":[{"href":"https:\/\/wp.ufpel.edu.br\/alemao\/wp-json\/wp\/v2\/pages\/128","targetHints":{"allow":["GET"]}}],"collection":[{"href":"https:\/\/wp.ufpel.edu.br\/alemao\/wp-json\/wp\/v2\/pages"}],"about":[{"href":"https:\/\/wp.ufpel.edu.br\/alemao\/wp-json\/wp\/v2\/types\/page"}],"author":[{"embeddable":true,"href":"https:\/\/wp.ufpel.edu.br\/alemao\/wp-json\/wp\/v2\/users\/50"}],"replies":[{"embeddable":true,"href":"https:\/\/wp.ufpel.edu.br\/alemao\/wp-json\/wp\/v2\/comments?post=128"}],"version-history":[{"count":2,"href":"https:\/\/wp.ufpel.edu.br\/alemao\/wp-json\/wp\/v2\/pages\/128\/revisions"}],"predecessor-version":[{"id":134,"href":"https:\/\/wp.ufpel.edu.br\/alemao\/wp-json\/wp\/v2\/pages\/128\/revisions\/134"}],"wp:attachment":[{"href":"https:\/\/wp.ufpel.edu.br\/alemao\/wp-json\/wp\/v2\/media?parent=128"}],"curies":[{"name":"wp","href":"https:\/\/api.w.org\/{rel}","templated":true}]}}