{"id":109,"date":"2026-03-22T07:36:51","date_gmt":"2026-03-22T10:36:51","guid":{"rendered":"https:\/\/wp.ufpel.edu.br\/alemao\/?page_id=109"},"modified":"2026-03-22T22:26:16","modified_gmt":"2026-03-23T01:26:16","slug":"plano-de-acao-do-curso-2025-2030","status":"publish","type":"page","link":"https:\/\/wp.ufpel.edu.br\/alemao\/plano-de-acao-do-curso-2025-2030\/","title":{"rendered":"Plano de A\u00e7\u00e3o do Curso (2025-2030)"},"content":{"rendered":"<p><strong>Resumo do <em>Plano de A\u00e7\u00e3o do Curso de Letras \u2013 Portugu\u00eas e Alem\u00e3o (2025\u20132030)<\/em> da UFPel:<\/strong><\/p>\n<p><img loading=\"lazy\" decoding=\"async\" class=\"aligncenter wp-image-113 size-full\" src=\"https:\/\/wp.ufpel.edu.br\/alemao\/files\/2026\/03\/Plano-de-acao-02.png\" alt=\"\" width=\"1536\" height=\"1024\" srcset=\"https:\/\/wp.ufpel.edu.br\/alemao\/files\/2026\/03\/Plano-de-acao-02.png 1536w, https:\/\/wp.ufpel.edu.br\/alemao\/files\/2026\/03\/Plano-de-acao-02-424x283.png 424w, https:\/\/wp.ufpel.edu.br\/alemao\/files\/2026\/03\/Plano-de-acao-02-212x141.png 212w, https:\/\/wp.ufpel.edu.br\/alemao\/files\/2026\/03\/Plano-de-acao-02-768x512.png 768w, https:\/\/wp.ufpel.edu.br\/alemao\/files\/2026\/03\/Plano-de-acao-02-750x500.png 750w\" sizes=\"auto, (max-width: 1536px) 100vw, 1536px\" \/><\/p>\n<p><strong>&#x1f4ca; Gest\u00e3o<\/strong><\/p>\n<p><strong>Descri\u00e7\u00f5es:<\/strong><\/p>\n<ul>\n<li>Firmar acordos e contratos de coopera\u00e7\u00e3o com institui\u00e7\u00f5es brasileiras e estrangeiras (ex.: Alemanha).<\/li>\n<li>Mediar integra\u00e7\u00e3o de alunos com diferentes especificidades cognitivas e lingu\u00edsticas.<\/li>\n<li>Convocar e presidir reuni\u00f5es do Colegiado e NDE.<\/li>\n<li>Atualizar redes sociais e revitalizar o site oficial.<\/li>\n<li>Acompanhar egressos com comunica\u00e7\u00e3o de oportunidades.<\/li>\n<\/ul>\n<p><strong>Indicadores:<\/strong><\/p>\n<ul>\n<li>N\u00famero de contratos e acordos vigentes.<\/li>\n<li>N\u00famero de estudantes acolhidos\/reintegrados.<\/li>\n<li>Reuni\u00f5es individuais e coletivas realizadas.<\/li>\n<li>Pelo menos duas reuni\u00f5es de Colegiado e uma do NDE por semestre.<\/li>\n<li>Implementar bolsas de ensino e aumentar transpar\u00eancia das rotinas.<\/li>\n<\/ul>\n<p>&nbsp;<\/p>\n<p><strong>&#x1f4da; Ensino<\/strong><\/p>\n<p><strong>Descri\u00e7\u00f5es:<\/strong><\/p>\n<ul>\n<li>Fortalecer rela\u00e7\u00e3o com est\u00e1gios, extens\u00e3o e escolas parceiras.<\/li>\n<li>Promover recep\u00e7\u00e3o de ingressantes com pautas sobre \u00e9tica e responsabilidade.<\/li>\n<li>Realizar a\u00e7\u00f5es de coopera\u00e7\u00e3o interinstitucional e internacional (testes de profici\u00eancia, TANDEM, visitas t\u00e9cnicas, atividades remotas).<\/li>\n<li>Organizar anualmente a Semana da L\u00edngua Alem\u00e3 com participa\u00e7\u00e3o ativa dos estudantes.<\/li>\n<\/ul>\n<p><strong>Indicadores:<\/strong><\/p>\n<ul>\n<li>Visitas a escolas e projetos de ensino de alem\u00e3o.<\/li>\n<li>Amplia\u00e7\u00e3o de parcerias escolares.<\/li>\n<li>Reuni\u00f5es de acolhimento e confraterniza\u00e7\u00e3o natalina anual.<\/li>\n<li>Participa\u00e7\u00e3o ativa dos estudantes na Semana da L\u00edngua Alem\u00e3.<\/li>\n<\/ul>\n<p>&nbsp;<\/p>\n<p><strong>&#x1f52c; Pesquisa<\/strong><\/p>\n<p><strong>Descri\u00e7\u00f5es:<\/strong><\/p>\n<ul>\n<li>Mapear escolas com interesse no ensino de alem\u00e3o e pomerano.<\/li>\n<li>Levantar perfil sociolingu\u00edstico da comunidade escolar da regi\u00e3o.<\/li>\n<\/ul>\n<p><strong>Indicadores:<\/strong><\/p>\n<ul>\n<li>Produ\u00e7\u00e3o de mapa cartogr\u00e1fico das escolas interessadas\/ofertantes de alem\u00e3o e pomerano.<\/li>\n<li>Levantamento do repert\u00f3rio lingu\u00edstico dos estudantes da regi\u00e3o para embasar a\u00e7\u00f5es de ensino, pesquisa e extens\u00e3o.<\/li>\n<\/ul>\n<p>&nbsp;<\/p>\n<p><strong>&#x1f30d; Extens\u00e3o<\/strong><\/p>\n<p><strong>Descri\u00e7\u00f5es:<\/strong><\/p>\n<ul>\n<li>Construir e implementar oficinas e visitas \u00e0s comunidades do entorno da UFPel com participa\u00e7\u00e3o dos estudantes.<\/li>\n<\/ul>\n<p><strong>Indicadores:<\/strong><\/p>\n<ul>\n<li>Garantir participa\u00e7\u00e3o regular da coordena\u00e7\u00e3o, docentes e discentes em atividades ministradas pelos alunos em diferentes oportunidades.<\/li>\n<\/ul>\n<p>&nbsp;<\/p>\n<p>&nbsp;<\/p>\n","protected":false},"excerpt":{"rendered":"<p>Resumo do Plano de A\u00e7\u00e3o do Curso de Letras \u2013 Portugu\u00eas e Alem\u00e3o (2025\u20132030) da UFPel: &#x1f4ca; Gest\u00e3o Descri\u00e7\u00f5es: Firmar acordos e contratos de coopera\u00e7\u00e3o com institui\u00e7\u00f5es brasileiras e estrangeiras (ex.: Alemanha). Mediar integra\u00e7\u00e3o de alunos com diferentes especificidades cognitivas e lingu\u00edsticas. Convocar e presidir reuni\u00f5es do Colegiado e NDE. Atualizar redes sociais e revitalizar &hellip; <\/p>\n<p><a class=\"more-link btn\" href=\"https:\/\/wp.ufpel.edu.br\/alemao\/plano-de-acao-do-curso-2025-2030\/\">Continue lendo<\/a><\/p>\n","protected":false},"author":50,"featured_media":0,"parent":0,"menu_order":0,"comment_status":"closed","ping_status":"closed","template":"","meta":{"footnotes":""},"class_list":["post-109","page","type-page","status-publish","hentry","nodate","item-wrap"],"_links":{"self":[{"href":"https:\/\/wp.ufpel.edu.br\/alemao\/wp-json\/wp\/v2\/pages\/109","targetHints":{"allow":["GET"]}}],"collection":[{"href":"https:\/\/wp.ufpel.edu.br\/alemao\/wp-json\/wp\/v2\/pages"}],"about":[{"href":"https:\/\/wp.ufpel.edu.br\/alemao\/wp-json\/wp\/v2\/types\/page"}],"author":[{"embeddable":true,"href":"https:\/\/wp.ufpel.edu.br\/alemao\/wp-json\/wp\/v2\/users\/50"}],"replies":[{"embeddable":true,"href":"https:\/\/wp.ufpel.edu.br\/alemao\/wp-json\/wp\/v2\/comments?post=109"}],"version-history":[{"count":3,"href":"https:\/\/wp.ufpel.edu.br\/alemao\/wp-json\/wp\/v2\/pages\/109\/revisions"}],"predecessor-version":[{"id":117,"href":"https:\/\/wp.ufpel.edu.br\/alemao\/wp-json\/wp\/v2\/pages\/109\/revisions\/117"}],"wp:attachment":[{"href":"https:\/\/wp.ufpel.edu.br\/alemao\/wp-json\/wp\/v2\/media?parent=109"}],"curies":[{"name":"wp","href":"https:\/\/api.w.org\/{rel}","templated":true}]}}