{"id":103,"date":"2026-03-21T12:18:58","date_gmt":"2026-03-21T15:18:58","guid":{"rendered":"https:\/\/wp.ufpel.edu.br\/alemao\/?page_id=103"},"modified":"2026-03-21T12:22:47","modified_gmt":"2026-03-21T15:22:47","slug":"horarios-calendario-academico","status":"publish","type":"page","link":"https:\/\/wp.ufpel.edu.br\/alemao\/horarios-calendario-academico\/","title":{"rendered":"Hor\u00e1rios &#038; Calend\u00e1rio Acad\u00eamico"},"content":{"rendered":"<p><strong>CALEND\u00c1RIO ACAD\u00caMICO 2026<\/strong>\u00a0(<a href=\"https:\/\/wp.ufpel.edu.br\/cra\/calendarios-academicos\/calendario-academico-2026\/\">acesse aqui<\/a>)<\/p>\n<p><strong>HOR\u00c1RIOS E SALAS &#8211; 2026\/1<\/strong>\u00a0(<a href=\"https:\/\/docs.ufpel.edu.br\/index.php\/s\/1VY2k4244K6waES\">acesse aqui<\/a>)<\/p>\n","protected":false},"excerpt":{"rendered":"<p>CALEND\u00c1RIO ACAD\u00caMICO 2026\u00a0(acesse aqui) HOR\u00c1RIOS E SALAS &#8211; 2026\/1\u00a0(acesse aqui)<\/p>\n","protected":false},"author":50,"featured_media":0,"parent":0,"menu_order":0,"comment_status":"closed","ping_status":"closed","template":"","meta":{"footnotes":""},"class_list":["post-103","page","type-page","status-publish","hentry","nodate","item-wrap"],"_links":{"self":[{"href":"https:\/\/wp.ufpel.edu.br\/alemao\/wp-json\/wp\/v2\/pages\/103","targetHints":{"allow":["GET"]}}],"collection":[{"href":"https:\/\/wp.ufpel.edu.br\/alemao\/wp-json\/wp\/v2\/pages"}],"about":[{"href":"https:\/\/wp.ufpel.edu.br\/alemao\/wp-json\/wp\/v2\/types\/page"}],"author":[{"embeddable":true,"href":"https:\/\/wp.ufpel.edu.br\/alemao\/wp-json\/wp\/v2\/users\/50"}],"replies":[{"embeddable":true,"href":"https:\/\/wp.ufpel.edu.br\/alemao\/wp-json\/wp\/v2\/comments?post=103"}],"version-history":[{"count":3,"href":"https:\/\/wp.ufpel.edu.br\/alemao\/wp-json\/wp\/v2\/pages\/103\/revisions"}],"predecessor-version":[{"id":108,"href":"https:\/\/wp.ufpel.edu.br\/alemao\/wp-json\/wp\/v2\/pages\/103\/revisions\/108"}],"wp:attachment":[{"href":"https:\/\/wp.ufpel.edu.br\/alemao\/wp-json\/wp\/v2\/media?parent=103"}],"curies":[{"name":"wp","href":"https:\/\/api.w.org\/{rel}","templated":true}]}}