{"id":539,"date":"2016-06-19T14:29:10","date_gmt":"2016-06-19T17:29:10","guid":{"rendered":"https:\/\/wp.ufpel.edu.br\/agronomia\/?page_id=539"},"modified":"2016-06-19T21:41:03","modified_gmt":"2016-06-20T00:41:03","slug":"formulario-de-avaliacao","status":"publish","type":"page","link":"https:\/\/wp.ufpel.edu.br\/agronomia\/formulario-de-avaliacao\/","title":{"rendered":"Formul\u00e1rio de Avalia\u00e7\u00e3o do Colegiado"},"content":{"rendered":"<p>Dispon\u00edvel em:<\/p>\n<p>&nbsp;<\/p>\n<p><a href=\"https:\/\/docs.google.com\/forms\/d\/1kKPYjicJcP_jpT1p-xvk8KM3SYES6Hy8sBUT-dh_LQg\/viewform\">https:\/\/docs.google.com\/forms\/d\/1kKPYjicJcP_jpT1p-xvk8KM3SYES6Hy8sBUT-dh_LQg\/viewform<\/a><\/p>\n","protected":false},"excerpt":{"rendered":"<p>Dispon\u00edvel em: &nbsp; https:\/\/docs.google.com\/forms\/d\/1kKPYjicJcP_jpT1p-xvk8KM3SYES6Hy8sBUT-dh_LQg\/viewform<\/p>\n","protected":false},"author":363,"featured_media":0,"parent":0,"menu_order":0,"comment_status":"closed","ping_status":"closed","template":"","meta":{"jetpack_post_was_ever_published":false,"footnotes":""},"class_list":["post-539","page","type-page","status-publish","hentry"],"jetpack_sharing_enabled":true,"jetpack_shortlink":"https:\/\/wp.me\/P7oTE2-8H","jetpack-related-posts":[{"id":5346,"url":"https:\/\/wp.ufpel.edu.br\/agronomia\/projeto-pedagogico-do-curso-de-agronomiappc\/","url_meta":{"origin":539,"position":0},"title":"PPC","author":"colegiadofaem","date":"10\/03\/2026","format":false,"excerpt":"Projeto Pedag\u00f3gico do Curso(PPC) - Vers\u00e3o 2016 Proc._23110.002295_2017_63___Parte_I Proc._23110.002295_2017_63___Parte_II Proc._23110.002295_2017_63___Parte_III Proc._23110.002295_2017_63___Parte_IV Proc._23110.002295_2017_63___Parte_V Proc._23110.002295_2017_63___Parte_VI Proc._23110.002295_2017_63___Parte_VII Proc._23110.002295_2017_63___Parte_VIII","rel":"","context":"Post similar","block_context":{"text":"Post similar","link":""},"img":{"alt_text":"","src":"","width":0,"height":0},"classes":[]}],"_links":{"self":[{"href":"https:\/\/wp.ufpel.edu.br\/agronomia\/wp-json\/wp\/v2\/pages\/539","targetHints":{"allow":["GET"]}}],"collection":[{"href":"https:\/\/wp.ufpel.edu.br\/agronomia\/wp-json\/wp\/v2\/pages"}],"about":[{"href":"https:\/\/wp.ufpel.edu.br\/agronomia\/wp-json\/wp\/v2\/types\/page"}],"author":[{"embeddable":true,"href":"https:\/\/wp.ufpel.edu.br\/agronomia\/wp-json\/wp\/v2\/users\/363"}],"replies":[{"embeddable":true,"href":"https:\/\/wp.ufpel.edu.br\/agronomia\/wp-json\/wp\/v2\/comments?post=539"}],"version-history":[{"count":6,"href":"https:\/\/wp.ufpel.edu.br\/agronomia\/wp-json\/wp\/v2\/pages\/539\/revisions"}],"predecessor-version":[{"id":554,"href":"https:\/\/wp.ufpel.edu.br\/agronomia\/wp-json\/wp\/v2\/pages\/539\/revisions\/554"}],"wp:attachment":[{"href":"https:\/\/wp.ufpel.edu.br\/agronomia\/wp-json\/wp\/v2\/media?parent=539"}],"curies":[{"name":"wp","href":"https:\/\/api.w.org\/{rel}","templated":true}]}}