{"id":5384,"date":"2026-04-17T13:59:50","date_gmt":"2026-04-17T16:59:50","guid":{"rendered":"https:\/\/wp.ufpel.edu.br\/agronomia\/?page_id=5384"},"modified":"2026-04-17T14:14:10","modified_gmt":"2026-04-17T17:14:10","slug":"pre-requisito","status":"publish","type":"page","link":"https:\/\/wp.ufpel.edu.br\/agronomia\/pre-requisito\/","title":{"rendered":"Pr\u00e9-requisito"},"content":{"rendered":"<p><strong>Crit\u00e9rios para concess\u00e3o de quebras de pr\u00e9-requisitos<\/strong><\/p>\n<p>&nbsp;<\/p>\n<p><strong>1<\/strong>) Se o estudante estiver em condi\u00e7\u00e3o para realizar est\u00e1gio obrigat\u00f3rio no semestre seguinte \u00e0 solicita\u00e7\u00e3o da quebra;<\/p>\n<p><strong>2<\/strong>) Minimiza\u00e7\u00e3o do tempo de integraliza\u00e7\u00e3o de cr\u00e9ditos para estudantes que se encontrem em final de curso, isto \u00e9, que consigam concluir os cr\u00e9ditos em at\u00e9 dois semestres;<\/p>\n<p><strong>3<\/strong>) Estudantes que j\u00e1 tenham cursado a disciplina, com reprova\u00e7\u00e3o por notas, por duas vezes ou mais;<\/p>\n<p><strong>4)<\/strong> Topografia II para Hidr\u00e1ulica, devendo ter cursado F\u00edsica e Topografia I e<\/p>\n<p><strong>5<\/strong>) Estudantes que se encontrem em situa\u00e7\u00e3o de jubilamento.<\/p>\n","protected":false},"excerpt":{"rendered":"<p>Crit\u00e9rios para concess\u00e3o de quebras de pr\u00e9-requisitos &nbsp; 1) Se o estudante estiver em condi\u00e7\u00e3o para realizar est\u00e1gio obrigat\u00f3rio no semestre seguinte \u00e0 solicita\u00e7\u00e3o da quebra; 2) Minimiza\u00e7\u00e3o do tempo de integraliza\u00e7\u00e3o de cr\u00e9ditos para estudantes que se encontrem em final de curso, isto \u00e9, que consigam concluir os cr\u00e9ditos em at\u00e9 dois semestres; 3) [&hellip;]<\/p>\n","protected":false},"author":914,"featured_media":0,"parent":0,"menu_order":0,"comment_status":"closed","ping_status":"closed","template":"","meta":{"jetpack_post_was_ever_published":false,"footnotes":""},"class_list":["post-5384","page","type-page","status-publish","hentry"],"jetpack_sharing_enabled":true,"jetpack_shortlink":"https:\/\/wp.me\/P7oTE2-1oQ","jetpack-related-posts":[{"id":425,"url":"https:\/\/wp.ufpel.edu.br\/agronomia\/formularios\/","url_meta":{"origin":5384,"position":0},"title":"Formul\u00e1rios","author":"segeomatica","date":"15\/06\/2016","format":false,"excerpt":"Formul\u00e1rio de Solicita\u00e7\u00e3o de Quebra de Pr\u00e9-Requisito. Clique Aqui Formul\u00e1rio de Solicita\u00e7\u00e3o de RECURSO de Quebra de Pr\u00e9-Requisito. Clique Aqui Formul\u00e1rio de Solicita\u00e7\u00e3o de Revis\u00e3o de Desempenho Acad\u00eamico. Clique Aqui Formul\u00e1rio de Solicita\u00e7\u00e3o de Aproveitamento de Disciplinas Optativas. Clique Aqui Modelo de Atividades curricular vivencial (ACV). Clique Aqui Modelo de\u2026","rel":"","context":"Post similar","block_context":{"text":"Post similar","link":""},"img":{"alt_text":"","src":"","width":0,"height":0},"classes":[]}],"_links":{"self":[{"href":"https:\/\/wp.ufpel.edu.br\/agronomia\/wp-json\/wp\/v2\/pages\/5384","targetHints":{"allow":["GET"]}}],"collection":[{"href":"https:\/\/wp.ufpel.edu.br\/agronomia\/wp-json\/wp\/v2\/pages"}],"about":[{"href":"https:\/\/wp.ufpel.edu.br\/agronomia\/wp-json\/wp\/v2\/types\/page"}],"author":[{"embeddable":true,"href":"https:\/\/wp.ufpel.edu.br\/agronomia\/wp-json\/wp\/v2\/users\/914"}],"replies":[{"embeddable":true,"href":"https:\/\/wp.ufpel.edu.br\/agronomia\/wp-json\/wp\/v2\/comments?post=5384"}],"version-history":[{"count":3,"href":"https:\/\/wp.ufpel.edu.br\/agronomia\/wp-json\/wp\/v2\/pages\/5384\/revisions"}],"predecessor-version":[{"id":5388,"href":"https:\/\/wp.ufpel.edu.br\/agronomia\/wp-json\/wp\/v2\/pages\/5384\/revisions\/5388"}],"wp:attachment":[{"href":"https:\/\/wp.ufpel.edu.br\/agronomia\/wp-json\/wp\/v2\/media?parent=5384"}],"curies":[{"name":"wp","href":"https:\/\/api.w.org\/{rel}","templated":true}]}}