{"id":425,"date":"2016-06-15T10:25:28","date_gmt":"2016-06-15T13:25:28","guid":{"rendered":"https:\/\/wp.ufpel.edu.br\/agronomia\/?page_id=425"},"modified":"2026-04-30T14:33:05","modified_gmt":"2026-04-30T17:33:05","slug":"formularios","status":"publish","type":"page","link":"https:\/\/wp.ufpel.edu.br\/agronomia\/formularios\/","title":{"rendered":"Formul\u00e1rios"},"content":{"rendered":"<ul>\n<li>Formul\u00e1rio de Solicita\u00e7\u00e3o de Quebra de Pr\u00e9-Requisito. <a href=\"https:\/\/wp.ufpel.edu.br\/agronomia\/files\/2025\/08\/Requerimento-de-quebra-pre-requisito-2-2.docx\">Clique Aqui<\/a><\/li>\n<li>Formul\u00e1rio de Solicita\u00e7\u00e3o de RECURSO de Quebra de Pr\u00e9-Requisito. <a href=\"https:\/\/wp.ufpel.edu.br\/agronomia\/files\/2025\/07\/MODELO-DE-RECURSO-COCEPE.docx\">Clique Aqui<\/a><\/li>\n<li>Formul\u00e1rio de Solicita\u00e7\u00e3o de Revis\u00e3o de Desempenho Acad\u00eamico. <a href=\"https:\/\/wp.ufpel.edu.br\/agronomia\/files\/2025\/07\/Requerimento-revisao-desempenho.docx\">Clique Aqui<\/a><\/li>\n<li>Formul\u00e1rio de Solicita\u00e7\u00e3o de Aproveitamento de Disciplinas Optativas. <a href=\"https:\/\/wp.ufpel.edu.br\/agronomia\/files\/2025\/07\/Aproveitamento.doc\">Clique Aqui<\/a><\/li>\n<li>Modelo de Atividades curricular vivencial (ACV). <a href=\"https:\/\/wp.ufpel.edu.br\/agronomia\/files\/2025\/07\/Formulario-cadastro-ACV-1.docx\">Clique Aqui<\/a><\/li>\n<li>Modelo de Programas Educativos Complementares (PEC). <a href=\"https:\/\/wp.ufpel.edu.br\/agronomia\/files\/2025\/07\/PEC-1.doc\">Clique Aqui<\/a><\/li>\n<li>Modelo <span style=\"text-align: justify;\"> de atestado para comprova\u00e7\u00e3o de Horas complementares. <a href=\"https:\/\/wp.ufpel.edu.br\/agronomia\/files\/2025\/07\/modelo-atestado-atividades-complementares-1.docx\">Clique Aqui<\/a><\/span><\/li>\n<li>Modelo de Atestado PRAE para benef\u00edcio nas f\u00e9rias. <a href=\"https:\/\/wp.ufpel.edu.br\/agronomia\/files\/2025\/07\/Atestado-PRAE-1-2.docx\">Clique Aqui<\/a><\/li>\n<li>Termo de Autoriza\u00e7\u00e3o de Publica\u00e7\u00e3o do TCC. <a href=\"https:\/\/wp.ufpel.edu.br\/sisbi\/files\/2025\/08\/Termo-TCC-e-TCCP.pdf\">Clique Aqui<\/a><\/li>\n<li>Termo de Compromisso de Est\u00e1gio Obrigat\u00f3rio e N\u00e3o Obrigat\u00f3rio. <a href=\"https:\/\/wp.ufpel.edu.br\/agronomia\/files\/2026\/04\/Termo-de-Compromisso-1.doc\">Clique Aqui<\/a><\/li>\n<li>Ficha para Parecer do Profissional Supervisor de Est\u00e1gio Obrigat\u00f3rio. <a href=\"https:\/\/wp.ufpel.edu.br\/agronomia\/files\/2025\/07\/PROFISSIONAL-ORIENTADOR-1.doc\">Clique Aqui<\/a><\/li>\n<\/ul>\n","protected":false},"excerpt":{"rendered":"<p>Formul\u00e1rio de Solicita\u00e7\u00e3o de Quebra de Pr\u00e9-Requisito. Clique Aqui Formul\u00e1rio de Solicita\u00e7\u00e3o de RECURSO de Quebra de Pr\u00e9-Requisito. Clique Aqui Formul\u00e1rio de Solicita\u00e7\u00e3o de Revis\u00e3o de Desempenho Acad\u00eamico. Clique Aqui Formul\u00e1rio de Solicita\u00e7\u00e3o de Aproveitamento de Disciplinas Optativas. Clique Aqui Modelo de Atividades curricular vivencial (ACV). Clique Aqui Modelo de Programas Educativos Complementares (PEC). Clique [&hellip;]<\/p>\n","protected":false},"author":363,"featured_media":0,"parent":0,"menu_order":0,"comment_status":"closed","ping_status":"closed","template":"","meta":{"jetpack_post_was_ever_published":false,"footnotes":""},"class_list":["post-425","page","type-page","status-publish","hentry"],"jetpack_sharing_enabled":true,"jetpack_shortlink":"https:\/\/wp.me\/P7oTE2-6R","jetpack-related-posts":[{"id":5384,"url":"https:\/\/wp.ufpel.edu.br\/agronomia\/pre-requisito\/","url_meta":{"origin":425,"position":0},"title":"Pr\u00e9-requisito","author":"colegiadofaem","date":"17\/04\/2026","format":false,"excerpt":"Crit\u00e9rios para concess\u00e3o de quebras de pr\u00e9-requisitos \u00a0 1) Se o estudante estiver em condi\u00e7\u00e3o para realizar est\u00e1gio obrigat\u00f3rio no semestre seguinte \u00e0 solicita\u00e7\u00e3o da quebra; 2) Minimiza\u00e7\u00e3o do tempo de integraliza\u00e7\u00e3o de cr\u00e9ditos para estudantes que se encontrem em final de curso, isto \u00e9, que consigam concluir os cr\u00e9ditos\u2026","rel":"","context":"Post similar","block_context":{"text":"Post similar","link":""},"img":{"alt_text":"","src":"","width":0,"height":0},"classes":[]}],"_links":{"self":[{"href":"https:\/\/wp.ufpel.edu.br\/agronomia\/wp-json\/wp\/v2\/pages\/425","targetHints":{"allow":["GET"]}}],"collection":[{"href":"https:\/\/wp.ufpel.edu.br\/agronomia\/wp-json\/wp\/v2\/pages"}],"about":[{"href":"https:\/\/wp.ufpel.edu.br\/agronomia\/wp-json\/wp\/v2\/types\/page"}],"author":[{"embeddable":true,"href":"https:\/\/wp.ufpel.edu.br\/agronomia\/wp-json\/wp\/v2\/users\/363"}],"replies":[{"embeddable":true,"href":"https:\/\/wp.ufpel.edu.br\/agronomia\/wp-json\/wp\/v2\/comments?post=425"}],"version-history":[{"count":5,"href":"https:\/\/wp.ufpel.edu.br\/agronomia\/wp-json\/wp\/v2\/pages\/425\/revisions"}],"predecessor-version":[{"id":5394,"href":"https:\/\/wp.ufpel.edu.br\/agronomia\/wp-json\/wp\/v2\/pages\/425\/revisions\/5394"}],"wp:attachment":[{"href":"https:\/\/wp.ufpel.edu.br\/agronomia\/wp-json\/wp\/v2\/media?parent=425"}],"curies":[{"name":"wp","href":"https:\/\/api.w.org\/{rel}","templated":true}]}}