{"id":32,"date":"2016-03-31T14:51:36","date_gmt":"2016-03-31T17:51:36","guid":{"rendered":"https:\/\/wp.ufpel.edu.br\/agronomia\/?page_id=32"},"modified":"2019-07-24T09:21:46","modified_gmt":"2019-07-24T12:21:46","slug":"estagio-2","status":"publish","type":"page","link":"https:\/\/wp.ufpel.edu.br\/agronomia\/estagio-2\/","title":{"rendered":"Estagio"},"content":{"rendered":"<p>Segue abaixo link que disponibiliza o Termo de compromisso de est\u00e1gio, sendo a UFPel como institui\u00e7\u00e3o de ensino.<\/p>\n<p>https:\/\/wp.ufpel.edu.br\/cec\/pagina-exemplo\/<\/p>\n<p>&nbsp;<\/p>\n","protected":false},"excerpt":{"rendered":"<p>Segue abaixo link que disponibiliza o Termo de compromisso de est\u00e1gio, sendo a UFPel como institui\u00e7\u00e3o de ensino. https:\/\/wp.ufpel.edu.br\/cec\/pagina-exemplo\/ &nbsp;<\/p>\n","protected":false},"author":363,"featured_media":0,"parent":0,"menu_order":0,"comment_status":"closed","ping_status":"closed","template":"","meta":{"jetpack_post_was_ever_published":false,"footnotes":""},"class_list":["post-32","page","type-page","status-publish","hentry"],"jetpack_sharing_enabled":true,"jetpack_shortlink":"https:\/\/wp.me\/P7oTE2-w","jetpack-related-posts":[{"id":5384,"url":"https:\/\/wp.ufpel.edu.br\/agronomia\/pre-requisito\/","url_meta":{"origin":32,"position":0},"title":"Pr\u00e9-requisito","author":"colegiadofaem","date":"17\/04\/2026","format":false,"excerpt":"Crit\u00e9rios para concess\u00e3o de quebras de pr\u00e9-requisitos \u00a0 1) Se o estudante estiver em condi\u00e7\u00e3o para realizar est\u00e1gio obrigat\u00f3rio no semestre seguinte \u00e0 solicita\u00e7\u00e3o da quebra; 2) Minimiza\u00e7\u00e3o do tempo de integraliza\u00e7\u00e3o de cr\u00e9ditos para estudantes que se encontrem em final de curso, isto \u00e9, que consigam concluir os cr\u00e9ditos\u2026","rel":"","context":"Post similar","block_context":{"text":"Post similar","link":""},"img":{"alt_text":"","src":"","width":0,"height":0},"classes":[]}],"_links":{"self":[{"href":"https:\/\/wp.ufpel.edu.br\/agronomia\/wp-json\/wp\/v2\/pages\/32","targetHints":{"allow":["GET"]}}],"collection":[{"href":"https:\/\/wp.ufpel.edu.br\/agronomia\/wp-json\/wp\/v2\/pages"}],"about":[{"href":"https:\/\/wp.ufpel.edu.br\/agronomia\/wp-json\/wp\/v2\/types\/page"}],"author":[{"embeddable":true,"href":"https:\/\/wp.ufpel.edu.br\/agronomia\/wp-json\/wp\/v2\/users\/363"}],"replies":[{"embeddable":true,"href":"https:\/\/wp.ufpel.edu.br\/agronomia\/wp-json\/wp\/v2\/comments?post=32"}],"version-history":[{"count":4,"href":"https:\/\/wp.ufpel.edu.br\/agronomia\/wp-json\/wp\/v2\/pages\/32\/revisions"}],"predecessor-version":[{"id":1372,"href":"https:\/\/wp.ufpel.edu.br\/agronomia\/wp-json\/wp\/v2\/pages\/32\/revisions\/1372"}],"wp:attachment":[{"href":"https:\/\/wp.ufpel.edu.br\/agronomia\/wp-json\/wp\/v2\/media?parent=32"}],"curies":[{"name":"wp","href":"https:\/\/api.w.org\/{rel}","templated":true}]}}