{"id":304,"date":"2016-04-07T15:24:17","date_gmt":"2016-04-07T18:24:17","guid":{"rendered":"https:\/\/wp.ufpel.edu.br\/agronomia\/?page_id=304"},"modified":"2019-07-24T09:33:32","modified_gmt":"2019-07-24T12:33:32","slug":"fluxuograma-do-estagio","status":"publish","type":"page","link":"https:\/\/wp.ufpel.edu.br\/agronomia\/fluxuograma-do-estagio\/","title":{"rendered":"Fluxuograma do Est\u00e1gio"},"content":{"rendered":"<p>Abaixo est\u00e1 o fluxo de encaminhamento do est\u00e1gio curricular obrigat\u00f3rio:<\/p>\n<p><a href=\"https:\/\/wp.ufpel.edu.br\/agronomia\/files\/2019\/07\/Fluxo_Est\u00e1gio.pptx\">Fluxo_Est\u00e1gio<\/a><\/p>\n","protected":false},"excerpt":{"rendered":"<p>Abaixo est\u00e1 o fluxo de encaminhamento do est\u00e1gio curricular obrigat\u00f3rio: Fluxo_Est\u00e1gio<\/p>\n","protected":false},"author":363,"featured_media":0,"parent":0,"menu_order":0,"comment_status":"closed","ping_status":"closed","template":"","meta":{"jetpack_post_was_ever_published":false,"footnotes":""},"class_list":["post-304","page","type-page","status-publish","hentry"],"jetpack_sharing_enabled":true,"jetpack_shortlink":"https:\/\/wp.me\/P7oTE2-4U","jetpack-related-posts":[{"id":5346,"url":"https:\/\/wp.ufpel.edu.br\/agronomia\/projeto-pedagogico-do-curso-de-agronomiappc\/","url_meta":{"origin":304,"position":0},"title":"PPC","author":"colegiadofaem","date":"10\/03\/2026","format":false,"excerpt":"Projeto Pedag\u00f3gico do Curso(PPC) - Vers\u00e3o 2016 Proc._23110.002295_2017_63___Parte_I Proc._23110.002295_2017_63___Parte_II Proc._23110.002295_2017_63___Parte_III Proc._23110.002295_2017_63___Parte_IV Proc._23110.002295_2017_63___Parte_V Proc._23110.002295_2017_63___Parte_VI Proc._23110.002295_2017_63___Parte_VII Proc._23110.002295_2017_63___Parte_VIII","rel":"","context":"Post similar","block_context":{"text":"Post similar","link":""},"img":{"alt_text":"","src":"","width":0,"height":0},"classes":[]}],"_links":{"self":[{"href":"https:\/\/wp.ufpel.edu.br\/agronomia\/wp-json\/wp\/v2\/pages\/304","targetHints":{"allow":["GET"]}}],"collection":[{"href":"https:\/\/wp.ufpel.edu.br\/agronomia\/wp-json\/wp\/v2\/pages"}],"about":[{"href":"https:\/\/wp.ufpel.edu.br\/agronomia\/wp-json\/wp\/v2\/types\/page"}],"author":[{"embeddable":true,"href":"https:\/\/wp.ufpel.edu.br\/agronomia\/wp-json\/wp\/v2\/users\/363"}],"replies":[{"embeddable":true,"href":"https:\/\/wp.ufpel.edu.br\/agronomia\/wp-json\/wp\/v2\/comments?post=304"}],"version-history":[{"count":8,"href":"https:\/\/wp.ufpel.edu.br\/agronomia\/wp-json\/wp\/v2\/pages\/304\/revisions"}],"predecessor-version":[{"id":3559,"href":"https:\/\/wp.ufpel.edu.br\/agronomia\/wp-json\/wp\/v2\/pages\/304\/revisions\/3559"}],"wp:attachment":[{"href":"https:\/\/wp.ufpel.edu.br\/agronomia\/wp-json\/wp\/v2\/media?parent=304"}],"curies":[{"name":"wp","href":"https:\/\/api.w.org\/{rel}","templated":true}]}}