{"id":2952,"date":"2018-12-19T13:36:00","date_gmt":"2018-12-19T15:36:00","guid":{"rendered":"https:\/\/wp.ufpel.edu.br\/agronomia\/?page_id=2952"},"modified":"2019-07-24T08:36:38","modified_gmt":"2019-07-24T11:36:38","slug":"orientacoes-para-encaminhamento-da-defesa-do-estagio-curricular-obrigatorio","status":"publish","type":"page","link":"https:\/\/wp.ufpel.edu.br\/agronomia\/orientacoes-para-encaminhamento-da-defesa-do-estagio-curricular-obrigatorio\/","title":{"rendered":"Orienta\u00e7\u00f5es para encaminhamento da defesa do Est\u00e1gio Curricular Obrigat\u00f3rio"},"content":{"rendered":"<ol>\n<li>At\u00e9 30 (trinta) dias ap\u00f3s a data de t\u00e9rmino do est\u00e1gio na empresa o aluno dever\u00e1 encaminhar \u00e0 banca examinadora o Relat\u00f3rio do est\u00e1gio;<\/li>\n<li>Cada membro da banca examinadora dever\u00e1 receber do estagi\u00e1rio uma c\u00f3pia do Relat\u00f3rio no m\u00ednimo 10 dias antes da data da defesa.<\/li>\n<li>O relat\u00f3rio dever\u00e1 ser escrito segundo as normas da UFPel para elabora\u00e7\u00e3o de trabalhos acad\u00eamicos, dispon\u00edvel em:<\/li>\n<\/ol>\n<p><a href=\"https:\/\/wp.ufpel.edu.br\/agronomia\/files\/2019\/07\/novas-normas-trabalhos-acad\u00eamicosa.pdf\">novas normas trabalhos acad\u00eamicosa<\/a><\/p>\n<ol start=\"4\">\n<li>Dever\u00e1 constar no relat\u00f3rio a identifica\u00e7\u00e3o do estagi\u00e1rio, dos orientadores e da institui\u00e7\u00e3o, o relato das atividades desenvolvidas e a an\u00e1lise cr\u00edtica do est\u00e1gio pelo aluno quanto aos objetivos do est\u00e1gio.<\/li>\n<li><strong>Para o encaminhamento da defesa<\/strong>, a ficha de avalia\u00e7\u00e3o, devidamente preenchida pelo profissional orientador, dever\u00e1 estar no colegiado do Curso\u00a0<strong>antecipadamente<\/strong>.<\/li>\n<li>A solicita\u00e7\u00e3o de encaminhamento da defesa do est\u00e1gio dever\u00e1 ser encaminhada ao colegiado do curso NO M\u00cdNIMO CINCO DIAS ANTES DA DATA DA DEFESA.<\/li>\n<li>A solicita\u00e7\u00e3o de encaminhamento da defesa do est\u00e1gio poder\u00e1 ser solicitada ao colegiado de curso via o e-mail\u00a0<a href=\"mailto:colegiadofaem@gmail.com\">colegiadofaem@gmail.com<\/a>\u00a0.<\/li>\n<\/ol>\n<p>Para solicitar o encaminhamento da defesa dever\u00e1 ser informado:<\/p>\n<ol>\n<li>Nome do aluno;<\/li>\n<li>Nome do professor orientador;<\/li>\n<li>Nome dos outros dois professores da banca;<\/li>\n<li>T\u00edtulo final do relat\u00f3rio;<\/li>\n<li>Data e hora da defesa.<\/li>\n<\/ol>\n<p>PS.: SOMENTE PROFESSORES DA UFPel PODEM FAZER PARTE DA BANCA EXAMINADORA.<\/p>\n<ol start=\"8\">\n<li>A Defesa Oral ser\u00e1 feita em sess\u00e3o de apresenta\u00e7\u00e3o p\u00fablica, seguida da argui\u00e7\u00e3o pelos membros da Comiss\u00e3o Examinadora, no prazo m\u00e1ximo de 30 dias ap\u00f3s a entrega do Relat\u00f3rio.<\/li>\n<li><span style=\"color: #ff0000\"><strong>Se o est\u00e1gio n\u00e3o for defendido at\u00e9 60 dias ap\u00f3s a data de t\u00e9rmino, o mesmo perder\u00e1 a validade e dever\u00e1 ser realizado um novo est\u00e1gio<\/strong>.<\/span><\/li>\n<li><strong>Ap\u00f3s a defesa do est\u00e1gio e realizadas as corre\u00e7\u00f5es do relat\u00f3rio, sugeridas pela banca, o aluno dever\u00e1 entregar no colegiado um CD contendo a c\u00f3pia do relat\u00f3rio em formato PDF juntamento com a ficha de autoriza\u00e7\u00e3o de divulga\u00e7\u00e3o do relat\u00f3rio (abaixo). Para haver o encaminhamento da cola\u00e7\u00e3o de grau o aluno dever\u00e1 ter entregue essa documento no colegiado.<\/strong><\/li>\n<\/ol>\n<p><a href=\"https:\/\/wp.ufpel.edu.br\/agronomia\/files\/2019\/06\/Termo-autoriza\u00e7\u00e3o-tcc-e-especializacao.pdf\">Termo autoriza\u00e7\u00e3o -tcc-e-especializacao<\/a><\/p>\n","protected":false},"excerpt":{"rendered":"<p>At\u00e9 30 (trinta) dias ap\u00f3s a data de t\u00e9rmino do est\u00e1gio na empresa o aluno dever\u00e1 encaminhar \u00e0 banca examinadora o Relat\u00f3rio do est\u00e1gio; Cada membro da banca examinadora dever\u00e1 receber do estagi\u00e1rio uma c\u00f3pia do Relat\u00f3rio no m\u00ednimo 10 dias antes da data da defesa. O relat\u00f3rio dever\u00e1 ser escrito segundo as normas da [&hellip;]<\/p>\n","protected":false},"author":363,"featured_media":0,"parent":0,"menu_order":0,"comment_status":"closed","ping_status":"closed","template":"","meta":{"jetpack_post_was_ever_published":false,"footnotes":""},"class_list":["post-2952","page","type-page","status-publish","hentry"],"jetpack_sharing_enabled":true,"jetpack_shortlink":"https:\/\/wp.me\/P7oTE2-LC","jetpack-related-posts":[],"_links":{"self":[{"href":"https:\/\/wp.ufpel.edu.br\/agronomia\/wp-json\/wp\/v2\/pages\/2952","targetHints":{"allow":["GET"]}}],"collection":[{"href":"https:\/\/wp.ufpel.edu.br\/agronomia\/wp-json\/wp\/v2\/pages"}],"about":[{"href":"https:\/\/wp.ufpel.edu.br\/agronomia\/wp-json\/wp\/v2\/types\/page"}],"author":[{"embeddable":true,"href":"https:\/\/wp.ufpel.edu.br\/agronomia\/wp-json\/wp\/v2\/users\/363"}],"replies":[{"embeddable":true,"href":"https:\/\/wp.ufpel.edu.br\/agronomia\/wp-json\/wp\/v2\/comments?post=2952"}],"version-history":[{"count":5,"href":"https:\/\/wp.ufpel.edu.br\/agronomia\/wp-json\/wp\/v2\/pages\/2952\/revisions"}],"predecessor-version":[{"id":3556,"href":"https:\/\/wp.ufpel.edu.br\/agronomia\/wp-json\/wp\/v2\/pages\/2952\/revisions\/3556"}],"wp:attachment":[{"href":"https:\/\/wp.ufpel.edu.br\/agronomia\/wp-json\/wp\/v2\/media?parent=2952"}],"curies":[{"name":"wp","href":"https:\/\/api.w.org\/{rel}","templated":true}]}}