{"id":2834,"date":"2018-11-12T13:55:29","date_gmt":"2018-11-12T15:55:29","guid":{"rendered":"https:\/\/wp.ufpel.edu.br\/agronomia\/?page_id=2834"},"modified":"2019-12-13T10:52:42","modified_gmt":"2019-12-13T13:52:42","slug":"disciplinas-optativas","status":"publish","type":"page","link":"https:\/\/wp.ufpel.edu.br\/agronomia\/disciplinas-optativas\/","title":{"rendered":"Disciplinas optativas"},"content":{"rendered":"<p>As disciplinas listadas abaixo, poder\u00e3o ser contabilizadas como carga hor\u00e1ria optativa para fins de integraliza\u00e7\u00e3o curricular do curso de Agronomia. Solicitamos aos alunos que atentem ao <strong>nome e c\u00f3digo<\/strong> da disciplina, pois n\u00e3o ser\u00e3o automaticamente aceitas, disciplinas com nomes semelhantes aos contidos no anexo.<\/p>\n<p>&nbsp;<\/p>\n<p><a href=\"https:\/\/wp.ufpel.edu.br\/agronomia\/files\/2019\/12\/Optativas-3-4-3.xls\">Optativas-3-4 (3)<\/a><\/p>\n","protected":false},"excerpt":{"rendered":"<p>As disciplinas listadas abaixo, poder\u00e3o ser contabilizadas como carga hor\u00e1ria optativa para fins de integraliza\u00e7\u00e3o curricular do curso de Agronomia. Solicitamos aos alunos que atentem ao nome e c\u00f3digo da disciplina, pois n\u00e3o ser\u00e3o automaticamente aceitas, disciplinas com nomes semelhantes aos contidos no anexo. &nbsp; Optativas-3-4 (3)<\/p>\n","protected":false},"author":363,"featured_media":0,"parent":0,"menu_order":0,"comment_status":"closed","ping_status":"closed","template":"","meta":{"jetpack_post_was_ever_published":false,"footnotes":""},"class_list":["post-2834","page","type-page","status-publish","hentry"],"jetpack_sharing_enabled":true,"jetpack_shortlink":"https:\/\/wp.me\/P7oTE2-JI","jetpack-related-posts":[],"_links":{"self":[{"href":"https:\/\/wp.ufpel.edu.br\/agronomia\/wp-json\/wp\/v2\/pages\/2834","targetHints":{"allow":["GET"]}}],"collection":[{"href":"https:\/\/wp.ufpel.edu.br\/agronomia\/wp-json\/wp\/v2\/pages"}],"about":[{"href":"https:\/\/wp.ufpel.edu.br\/agronomia\/wp-json\/wp\/v2\/types\/page"}],"author":[{"embeddable":true,"href":"https:\/\/wp.ufpel.edu.br\/agronomia\/wp-json\/wp\/v2\/users\/363"}],"replies":[{"embeddable":true,"href":"https:\/\/wp.ufpel.edu.br\/agronomia\/wp-json\/wp\/v2\/comments?post=2834"}],"version-history":[{"count":6,"href":"https:\/\/wp.ufpel.edu.br\/agronomia\/wp-json\/wp\/v2\/pages\/2834\/revisions"}],"predecessor-version":[{"id":4006,"href":"https:\/\/wp.ufpel.edu.br\/agronomia\/wp-json\/wp\/v2\/pages\/2834\/revisions\/4006"}],"wp:attachment":[{"href":"https:\/\/wp.ufpel.edu.br\/agronomia\/wp-json\/wp\/v2\/media?parent=2834"}],"curies":[{"name":"wp","href":"https:\/\/api.w.org\/{rel}","templated":true}]}}