{"id":247,"date":"2016-04-05T18:31:10","date_gmt":"2016-04-05T21:31:10","guid":{"rendered":"https:\/\/wp.ufpel.edu.br\/agronomia\/?page_id=247"},"modified":"2016-04-06T23:54:57","modified_gmt":"2016-04-07T02:54:57","slug":"sobre-o-colegiado","status":"publish","type":"page","link":"https:\/\/wp.ufpel.edu.br\/agronomia\/sobre-o-colegiado\/","title":{"rendered":"Sobre o Colegiado"},"content":{"rendered":"<p>O Colegiado de Curso \u00e9 o setor acad\u00eamico b\u00e1sico da estrutura universit\u00e1ria para todos os efeitos de organiza\u00e7\u00e3o administrativa e did\u00e1tico-cient\u00edfica do Curso de Agronomia.<\/p>\n<p>\u00c9 composto por:<\/p>\n<ol>\n<li>Coordenador de Curso e seu suplente;<\/li>\n<li>Coordenador do N\u00facleo de Est\u00e1gios e seu suplente;<\/li>\n<\/ol>\n","protected":false},"excerpt":{"rendered":"<p>O Colegiado de Curso \u00e9 o setor acad\u00eamico b\u00e1sico da estrutura universit\u00e1ria para todos os efeitos de organiza\u00e7\u00e3o administrativa e did\u00e1tico-cient\u00edfica do Curso de Agronomia. \u00c9 composto por: Coordenador de Curso e seu suplente; Coordenador do N\u00facleo de Est\u00e1gios e seu suplente;<\/p>\n","protected":false},"author":363,"featured_media":0,"parent":0,"menu_order":0,"comment_status":"closed","ping_status":"closed","template":"","meta":{"jetpack_post_was_ever_published":false,"footnotes":""},"class_list":["post-247","page","type-page","status-publish","hentry"],"jetpack_sharing_enabled":true,"jetpack_shortlink":"https:\/\/wp.me\/P7oTE2-3Z","jetpack-related-posts":[{"id":5346,"url":"https:\/\/wp.ufpel.edu.br\/agronomia\/projeto-pedagogico-do-curso-de-agronomiappc\/","url_meta":{"origin":247,"position":0},"title":"PPC","author":"colegiadofaem","date":"10\/03\/2026","format":false,"excerpt":"Projeto Pedag\u00f3gico do Curso(PPC) - Vers\u00e3o 2016 Proc._23110.002295_2017_63___Parte_I Proc._23110.002295_2017_63___Parte_II Proc._23110.002295_2017_63___Parte_III Proc._23110.002295_2017_63___Parte_IV Proc._23110.002295_2017_63___Parte_V Proc._23110.002295_2017_63___Parte_VI Proc._23110.002295_2017_63___Parte_VII Proc._23110.002295_2017_63___Parte_VIII","rel":"","context":"Post similar","block_context":{"text":"Post similar","link":""},"img":{"alt_text":"","src":"","width":0,"height":0},"classes":[]}],"_links":{"self":[{"href":"https:\/\/wp.ufpel.edu.br\/agronomia\/wp-json\/wp\/v2\/pages\/247","targetHints":{"allow":["GET"]}}],"collection":[{"href":"https:\/\/wp.ufpel.edu.br\/agronomia\/wp-json\/wp\/v2\/pages"}],"about":[{"href":"https:\/\/wp.ufpel.edu.br\/agronomia\/wp-json\/wp\/v2\/types\/page"}],"author":[{"embeddable":true,"href":"https:\/\/wp.ufpel.edu.br\/agronomia\/wp-json\/wp\/v2\/users\/363"}],"replies":[{"embeddable":true,"href":"https:\/\/wp.ufpel.edu.br\/agronomia\/wp-json\/wp\/v2\/comments?post=247"}],"version-history":[{"count":2,"href":"https:\/\/wp.ufpel.edu.br\/agronomia\/wp-json\/wp\/v2\/pages\/247\/revisions"}],"predecessor-version":[{"id":294,"href":"https:\/\/wp.ufpel.edu.br\/agronomia\/wp-json\/wp\/v2\/pages\/247\/revisions\/294"}],"wp:attachment":[{"href":"https:\/\/wp.ufpel.edu.br\/agronomia\/wp-json\/wp\/v2\/media?parent=247"}],"curies":[{"name":"wp","href":"https:\/\/api.w.org\/{rel}","templated":true}]}}