{"id":227,"date":"2016-04-05T13:19:34","date_gmt":"2016-04-05T16:19:34","guid":{"rendered":"https:\/\/wp.ufpel.edu.br\/agronomia\/?page_id=227"},"modified":"2025-07-25T19:13:39","modified_gmt":"2025-07-25T22:13:39","slug":"nucleo-de-estagios","status":"publish","type":"page","link":"https:\/\/wp.ufpel.edu.br\/agronomia\/nucleo-de-estagios\/","title":{"rendered":"N\u00facleo de Est\u00e1gios"},"content":{"rendered":"<p>O N\u00facleo de Est\u00e1gios do Curso de Agronomia da Faculdade de Agronomia Eliseu Maciel \u00e9 composto por dois professores e um t\u00e9cnico administrativo a saber:<\/p>\n<p>Professora Jaqueline Pereira Machado de Oliveira;<\/p>\n<p>Professora Andr\u00e9ia da Silva Almeida;<\/p>\n<p>T\u00e9cnico Administrativo Felipe Martins Santana.<\/p>\n<p>Conforme Portaria Interna\u00a0 n\u00ba 155, de 22 de julho de 2025<\/p>\n<p>O hor\u00e1rio de atendimento dos professores no n\u00facleo de est\u00e1gio,<\/p>\n<p>As professoras estar\u00e3o dispon\u00edveis em suas respectivas salas, desde que n\u00e3o estejam em hor\u00e1rio de aula, para atender os alunos e orient\u00e1-los no encaminhamento dos est\u00e1gios.<\/p>\n<p>&nbsp;<\/p>\n","protected":false},"excerpt":{"rendered":"<p>O N\u00facleo de Est\u00e1gios do Curso de Agronomia da Faculdade de Agronomia Eliseu Maciel \u00e9 composto por dois professores e um t\u00e9cnico administrativo a saber: Professora Jaqueline Pereira Machado de Oliveira; Professora Andr\u00e9ia da Silva Almeida; T\u00e9cnico Administrativo Felipe Martins Santana. Conforme Portaria Interna\u00a0 n\u00ba 155, de 22 de julho de 2025 O hor\u00e1rio de [&hellip;]<\/p>\n","protected":false},"author":363,"featured_media":0,"parent":0,"menu_order":0,"comment_status":"closed","ping_status":"closed","template":"page-sem-sidebar.php","meta":{"jetpack_post_was_ever_published":false,"footnotes":""},"class_list":["post-227","page","type-page","status-publish","hentry"],"jetpack_sharing_enabled":true,"jetpack_shortlink":"https:\/\/wp.me\/P7oTE2-3F","jetpack-related-posts":[{"id":124,"url":"https:\/\/wp.ufpel.edu.br\/agronomia\/horarios\/","url_meta":{"origin":227,"position":0},"title":"Hor\u00e1rios e Salas","author":"segeomatica","date":"01\/04\/2016","format":false,"excerpt":"Hor\u00e1rios 2026\/1: Horarios-2026.1 \u00a0","rel":"","context":"Post similar","block_context":{"text":"Post similar","link":""},"img":{"alt_text":"","src":"","width":0,"height":0},"classes":[]},{"id":5346,"url":"https:\/\/wp.ufpel.edu.br\/agronomia\/projeto-pedagogico-do-curso-de-agronomiappc\/","url_meta":{"origin":227,"position":1},"title":"PPC","author":"colegiadofaem","date":"10\/03\/2026","format":false,"excerpt":"Projeto Pedag\u00f3gico do Curso(PPC) - Vers\u00e3o 2016 Proc._23110.002295_2017_63___Parte_I Proc._23110.002295_2017_63___Parte_II Proc._23110.002295_2017_63___Parte_III Proc._23110.002295_2017_63___Parte_IV Proc._23110.002295_2017_63___Parte_V Proc._23110.002295_2017_63___Parte_VI Proc._23110.002295_2017_63___Parte_VII Proc._23110.002295_2017_63___Parte_VIII","rel":"","context":"Post similar","block_context":{"text":"Post similar","link":""},"img":{"alt_text":"","src":"","width":0,"height":0},"classes":[]}],"_links":{"self":[{"href":"https:\/\/wp.ufpel.edu.br\/agronomia\/wp-json\/wp\/v2\/pages\/227","targetHints":{"allow":["GET"]}}],"collection":[{"href":"https:\/\/wp.ufpel.edu.br\/agronomia\/wp-json\/wp\/v2\/pages"}],"about":[{"href":"https:\/\/wp.ufpel.edu.br\/agronomia\/wp-json\/wp\/v2\/types\/page"}],"author":[{"embeddable":true,"href":"https:\/\/wp.ufpel.edu.br\/agronomia\/wp-json\/wp\/v2\/users\/363"}],"replies":[{"embeddable":true,"href":"https:\/\/wp.ufpel.edu.br\/agronomia\/wp-json\/wp\/v2\/comments?post=227"}],"version-history":[{"count":10,"href":"https:\/\/wp.ufpel.edu.br\/agronomia\/wp-json\/wp\/v2\/pages\/227\/revisions"}],"predecessor-version":[{"id":5269,"href":"https:\/\/wp.ufpel.edu.br\/agronomia\/wp-json\/wp\/v2\/pages\/227\/revisions\/5269"}],"wp:attachment":[{"href":"https:\/\/wp.ufpel.edu.br\/agronomia\/wp-json\/wp\/v2\/media?parent=227"}],"curies":[{"name":"wp","href":"https:\/\/api.w.org\/{rel}","templated":true}]}}