{"id":223,"date":"2016-04-05T13:16:55","date_gmt":"2016-04-05T16:16:55","guid":{"rendered":"https:\/\/wp.ufpel.edu.br\/agronomia\/?page_id=223"},"modified":"2023-09-11T11:14:32","modified_gmt":"2023-09-11T14:14:32","slug":"estagio-profissionalizante","status":"publish","type":"page","link":"https:\/\/wp.ufpel.edu.br\/agronomia\/estagio-profissionalizante\/","title":{"rendered":"Est\u00e1gio Profissionalizante"},"content":{"rendered":"<p>Considere-se o regulamento apresentado no Projeto Pedag\u00f3gico da Agronomia, apresentado abaixo:<\/p>\n<p><strong><u>DA CARACTERIZA\u00c7\u00c3O DO EST\u00c1GIO<\/u><\/strong><\/p>\n<p><strong>Art. 1\u00b0<\/strong> O Est\u00e1gio Curricular Profissionalizante (atividade obrigat\u00f3ria, Art. 8\u00ba da Resolu\u00e7\u00e3o n\u00ba 01\/2006 do MEC) \u00e9 uma forma de integra\u00e7\u00e3o da academia com a comunidade, oportunizando vivenciar o futuro profissional do acad\u00eamico de agronomia. A proximidade entre teoria e pr\u00e1tica contribui efetivamente para a retroalimenta\u00e7\u00e3o do sistema de ensino e para o desenvolvimento das organiza\u00e7\u00f5es e institui\u00e7\u00f5es p\u00fablicas e\/ou privadas que oferecem os est\u00e1gios.<\/p>\n<p><strong>Art. 2\u00ba <\/strong>O Est\u00e1gio Curricular Profissionalizante ter\u00e1 a dura\u00e7\u00e3o de 450 horas, sem solu\u00e7\u00e3o de continuidade.<\/p>\n<ul>\n<li>1<sup>o <\/sup>\u00c9 obrigat\u00f3rio o estagi\u00e1rio estar assegurado por uma ap\u00f3lice de seguro das atividades de est\u00e1gio.<\/li>\n<li>2\u00ba Para efeito de registro, n\u00e3o ser\u00e3o computadas horas excedentes ao limite estabelecido no Art. 2<sup>o<\/sup><\/li>\n<\/ul>\n<p><strong>Art. 3\u00b0 <\/strong>O Est\u00e1gio Curricular Profissionalizante \u00e9 realizado n\u00e3o obrigatoriamente fora da UFPel, em qualquer per\u00edodo letivo do ano, desde que haja hor\u00e1rio compat\u00edvel.<\/p>\n<p><strong>Art. 4\u00b0<\/strong> Para realizar o Est\u00e1gio Curricular Profissionalizante o aluno dever\u00e1 ter aprova\u00e7\u00e3o em todas as disciplinas obrigat\u00f3rias do curso de Agronomia.<\/p>\n<ul>\n<li>N\u00e3o \u00e9 facultado a realizar o Estagio Profissionalizante e cursar disciplinas do curso simultaneamente.<\/li>\n<\/ul>\n<p><strong><u>\u00a0<\/u><\/strong><\/p>\n<p><strong><u>DA ORIENTA\u00c7\u00c3O<\/u><\/strong><\/p>\n<p><strong>Art. 5\u00b0<\/strong> O estagi\u00e1rio ter\u00e1 a orienta\u00e7\u00e3o do N\u00facleo de Est\u00e1gios, NE, de um <strong>Professor Orientador<\/strong> <strong>Acad\u00eamico<\/strong> e de um <strong>Profissional Orientador<\/strong> <strong>T\u00e9cnico<\/strong><\/p>\n<ul>\n<li>1\u00ba Ao NE cabe a orienta\u00e7\u00e3o geral quanto ao encaminhamento e o cumprimento das normas.<\/li>\n<li>2\u00ba Ao Professor Orientador Acad\u00eamico cabe a orienta\u00e7\u00e3o na elabora\u00e7\u00e3o do Plano de Est\u00e1gio, no que diz respeito \u00e0 sua forma e conte\u00fado, o acompanhamento \u00e0 dist\u00e2ncia do aluno durante a execu\u00e7\u00e3o do est\u00e1gio, na elabora\u00e7\u00e3o do Relat\u00f3rio e sua revis\u00e3o, bem como presidir a Comiss\u00e3o Examinadora.<\/li>\n<li>3\u00ba Ao Profissional Orientador T\u00e9cnico cabe a orienta\u00e7\u00e3o na elabora\u00e7\u00e3o do Plano de Est\u00e1gio, quanto ao seu conte\u00fado t\u00e9cnico, na execu\u00e7\u00e3o do Est\u00e1gio, dirimindo d\u00favidas de car\u00e1ter t\u00e9cnico-cient\u00edfico e de postura profissional, e avaliar o desempenho do aluno durante o est\u00e1gio, emitindo Parecer em Ficha de Avalia\u00e7\u00e3o.<\/li>\n<\/ul>\n<p><strong>Art. 6\u00b0<\/strong> O Profissional Orientador T\u00e9cnico dever\u00e1 ser T\u00e9cnico de N\u00edvel Superior, com atua\u00e7\u00e3o na \u00e1rea de ci\u00eancias agr\u00e1rias ou em \u00e1rea de atua\u00e7\u00e3o compat\u00edvel \u00e0 forma\u00e7\u00e3o do engenheiro agr\u00f4nomo, e pertencente \u00e0 institui\u00e7\u00e3o onde ser\u00e1 realizado o est\u00e1gio.<\/p>\n<p><strong>Art. 7\u00b0<\/strong> Os nomes do Professor Orientador Acad\u00eamico e do Profissional Orientador T\u00e9cnico dever\u00e3o ser aprovados pelo Departamento ao qual o est\u00e1gio estiver vinculado, por ocasi\u00e3o da aprova\u00e7\u00e3o do Plano de Est\u00e1gio.<\/p>\n<p><strong><u>\u00a0<\/u><\/strong><strong><u>DO RELAT\u00d3RIO<\/u><\/strong><\/p>\n<p><strong>Art. 14\u00b0 <\/strong>At\u00e9 30 (trinta) dias ap\u00f3s o final do est\u00e1gio, o estagi\u00e1rio dever\u00e1 encaminhar ao Departamento um Relat\u00f3rio escrito com fundamenta\u00e7\u00e3o t\u00e9cnico-cient\u00edfica segundo as normas da ABNT. Tamb\u00e9m dever\u00e3o constar a identifica\u00e7\u00e3o do estagi\u00e1rio, dos orientadores e da institui\u00e7\u00e3o, o relato das atividades desenvolvidas e a an\u00e1lise cr\u00edtica do est\u00e1gio pelo aluno quanto aos objetivos propostos no Plano e os de fato alcan\u00e7ados.<\/p>\n<ul>\n<li>\u00danico &#8211; As normas espec\u00edficas quanto \u00e0 forma e organiza\u00e7\u00e3o do Relat\u00f3rio ser\u00e3o regulamentadas pelo N\u00facleo de Est\u00e1gios.<\/li>\n<\/ul>\n<p><strong><u>DA AVALIA\u00c7\u00c3O<\/u><\/strong><\/p>\n<p><strong>Art. 16\u00b0<\/strong> A avalia\u00e7\u00e3o do aproveitamento do est\u00e1gio pelo estudante ser\u00e1 feita por uma Comiss\u00e3o Examinadora atrav\u00e9s dos seguintes instrumentos:<\/p>\n<ol>\n<li>a) Parecer do Profissional Orientador<\/li>\n<li>b) Relat\u00f3rio<\/li>\n<li>c) Defesa Oral<\/li>\n<\/ol>\n<p><strong>Art. 17\u00b0<\/strong> O Parecer do Profissional Orientador dever\u00e1 conter a avalia\u00e7\u00e3o sobre o desempenho t\u00e9cnico\/profissional e comportamental do estudante no decorrer do est\u00e1gio.<\/p>\n<ul>\n<li>\u00danico O Parecer dever\u00e1 ser encaminhado pelo Profissional Orientador diretamente ao Departamento ao qual o est\u00e1gio est\u00e1 vinculado.<\/li>\n<\/ul>\n<p><strong>Art. 18\u00b0<\/strong> A Defesa Oral ser\u00e1 feita em sess\u00e3o de apresenta\u00e7\u00e3o p\u00fablica, seguida da argui\u00e7\u00e3o pelos membros da Comiss\u00e3o Examinadora, no prazo m\u00e1ximo de 30 dias ap\u00f3s a entrega do Relat\u00f3rio.<\/p>\n<p><strong>Art. 19\u00b0<\/strong> A Comiss\u00e3o Examinadora ser\u00e1 constitu\u00edda pelo Professor Orientador, que a presidir\u00e1, e mais dois professores de Ensino Superior, indicados por escrito pelo Professor Orientador e referendados pelo Departamento a que o est\u00e1gio est\u00e1 vinculado.<\/p>\n<ul>\n<li>Cada membro da Comiss\u00e3o dever\u00e1 receber do estagi\u00e1rio uma c\u00f3pia do Relat\u00f3rio e do Parecer do Profissional Orientador no m\u00ednimo 10 dias antes da data da defesa.<\/li>\n<\/ul>\n<p><strong>Art. 20\u00b0<\/strong> Ap\u00f3s a Defesa Oral, em reuni\u00e3o fechada da Comiss\u00e3o, cada membro atribuir\u00e1 grau de zero a dez ao Parecer, ao Relat\u00f3rio e \u00e0 Defesa Oral em formul\u00e1rios espec\u00edficos (Formul\u00e1rio 1, 2 e 3).<\/p>\n<p><strong>Art. 21\u00b0<\/strong> A Comiss\u00e3o Examinadora elaborar\u00e1 o Parecer Final contendo as notas de cada membro atribu\u00eddas a cada um dos quesitos e a m\u00e9dia obtida.<\/p>\n<ul>\n<li>\u00danico Para o c\u00e1lculo da m\u00e9dia ser\u00e3o atribu\u00eddos os seguintes pesos:<\/li>\n<\/ul>\n<p>Parecer do profissional Orientador\u00a0\u00a0 &#8211;\u00a0 25%<\/p>\n<p>Relat\u00f3rio &#8230;&#8230;&#8230;&#8230;&#8230;&#8230;&#8230;&#8230;&#8230;&#8230;&#8230;&#8230;&#8230;&#8230; &#8211;\u00a0 35%<\/p>\n<p>Defesa Oral\u00a0 &#8230;&#8230;&#8230;&#8230;&#8230;&#8230;&#8230;&#8230;&#8230;&#8230;&#8230;&#8230; &#8211;\u00a0 40%<\/p>\n<p><strong>Art. 22\u00b0<\/strong> Ser\u00e1 considerado aprovado o aluno que obtiver m\u00e9dia igual ou superior a 7,0 (sete).<\/p>\n<p><strong>Art. 23\u00b0<\/strong> Em caso de reprova\u00e7\u00e3o, a Comiss\u00e3o Examinadora dever\u00e1 sugerir no seu parecer:<\/p>\n<ol>\n<li>a) A elabora\u00e7\u00e3o de novo Relat\u00f3rio e\/ou a coloca\u00e7\u00e3o de informa\u00e7\u00f5es adicionais pelo Profissional Orientador no seu Parecer, ou<\/li>\n<li>b) A realiza\u00e7\u00e3o de novo est\u00e1gio pelo estudante.<\/li>\n<\/ol>\n<ul>\n<li>\u00danico No caso da alternativa <strong><u>a<\/u><\/strong>, nova defesa oral dever\u00e1 ser realizada no prazo m\u00e1ximo de 45 dias ap\u00f3s a primeira.<\/li>\n<\/ul>\n","protected":false},"excerpt":{"rendered":"<p>Considere-se o regulamento apresentado no Projeto Pedag\u00f3gico da Agronomia, apresentado abaixo: DA CARACTERIZA\u00c7\u00c3O DO EST\u00c1GIO Art. 1\u00b0 O Est\u00e1gio Curricular Profissionalizante (atividade obrigat\u00f3ria, Art. 8\u00ba da Resolu\u00e7\u00e3o n\u00ba 01\/2006 do MEC) \u00e9 uma forma de integra\u00e7\u00e3o da academia com a comunidade, oportunizando vivenciar o futuro profissional do acad\u00eamico de agronomia. A proximidade entre teoria e [&hellip;]<\/p>\n","protected":false},"author":363,"featured_media":0,"parent":0,"menu_order":0,"comment_status":"closed","ping_status":"closed","template":"","meta":{"jetpack_post_was_ever_published":false,"footnotes":""},"class_list":["post-223","page","type-page","status-publish","hentry"],"jetpack_sharing_enabled":true,"jetpack_shortlink":"https:\/\/wp.me\/P7oTE2-3B","jetpack-related-posts":[{"id":124,"url":"https:\/\/wp.ufpel.edu.br\/agronomia\/horarios\/","url_meta":{"origin":223,"position":0},"title":"Hor\u00e1rios e Salas","author":"segeomatica","date":"01\/04\/2016","format":false,"excerpt":"Hor\u00e1rios 2026\/1: Horarios-2026.1 \u00a0","rel":"","context":"Post similar","block_context":{"text":"Post similar","link":""},"img":{"alt_text":"","src":"","width":0,"height":0},"classes":[]},{"id":5346,"url":"https:\/\/wp.ufpel.edu.br\/agronomia\/projeto-pedagogico-do-curso-de-agronomiappc\/","url_meta":{"origin":223,"position":1},"title":"PPC","author":"colegiadofaem","date":"10\/03\/2026","format":false,"excerpt":"Projeto Pedag\u00f3gico do Curso(PPC) - Vers\u00e3o 2016 Proc._23110.002295_2017_63___Parte_I Proc._23110.002295_2017_63___Parte_II Proc._23110.002295_2017_63___Parte_III Proc._23110.002295_2017_63___Parte_IV Proc._23110.002295_2017_63___Parte_V Proc._23110.002295_2017_63___Parte_VI Proc._23110.002295_2017_63___Parte_VII Proc._23110.002295_2017_63___Parte_VIII","rel":"","context":"Post similar","block_context":{"text":"Post similar","link":""},"img":{"alt_text":"","src":"","width":0,"height":0},"classes":[]}],"_links":{"self":[{"href":"https:\/\/wp.ufpel.edu.br\/agronomia\/wp-json\/wp\/v2\/pages\/223","targetHints":{"allow":["GET"]}}],"collection":[{"href":"https:\/\/wp.ufpel.edu.br\/agronomia\/wp-json\/wp\/v2\/pages"}],"about":[{"href":"https:\/\/wp.ufpel.edu.br\/agronomia\/wp-json\/wp\/v2\/types\/page"}],"author":[{"embeddable":true,"href":"https:\/\/wp.ufpel.edu.br\/agronomia\/wp-json\/wp\/v2\/users\/363"}],"replies":[{"embeddable":true,"href":"https:\/\/wp.ufpel.edu.br\/agronomia\/wp-json\/wp\/v2\/comments?post=223"}],"version-history":[{"count":8,"href":"https:\/\/wp.ufpel.edu.br\/agronomia\/wp-json\/wp\/v2\/pages\/223\/revisions"}],"predecessor-version":[{"id":4788,"href":"https:\/\/wp.ufpel.edu.br\/agronomia\/wp-json\/wp\/v2\/pages\/223\/revisions\/4788"}],"wp:attachment":[{"href":"https:\/\/wp.ufpel.edu.br\/agronomia\/wp-json\/wp\/v2\/media?parent=223"}],"curies":[{"name":"wp","href":"https:\/\/api.w.org\/{rel}","templated":true}]}}