{"id":186,"date":"2016-04-01T22:58:56","date_gmt":"2016-04-02T01:58:56","guid":{"rendered":"https:\/\/wp.ufpel.edu.br\/agronomia\/?page_id=186"},"modified":"2016-04-07T16:20:11","modified_gmt":"2016-04-07T19:20:11","slug":"ingresso","status":"publish","type":"page","link":"https:\/\/wp.ufpel.edu.br\/agronomia\/ingresso\/","title":{"rendered":"Ingresso"},"content":{"rendered":"<p>A modalidade regular de ingresso\u00a0\u00e9 a sele\u00e7\u00e3o \u00e9 feita pelo SISU (http:\/\/sisu.mec.gov.br\/),\u00a0uma vez por ano, utilizando-se a nota do Exame do Ensino M\u00e9dio (ENEM). \u00a0 10% das vagas s\u00e3o destinadas ao Programa de Avalia\u00e7\u00e3o Escolar (PAVE-UFPel &#8211; http:\/\/ces.ufpel.edu.br\/vestibular\/pave\/).<\/p>\n<p>As vagas ociosas no curso s\u00e3o preenchidas via\u00a0outras modalidades de ingresso\u00a0dispon\u00edveis na UFPel. S\u00e3o elas: a) a\u00a0reop\u00e7\u00e3o de curso, b) transfer\u00eancia de outras institui\u00e7\u00f5es de ensino superior nacionais, c) \u00a0transfer\u00eancia compuls\u00f3ria, e, \u00a0d) portador de diploma de curso superior de gradua\u00e7\u00e3o. \u00a0As normas para o ingresso previsto neste par\u00e1grafo podem ser encontradas na p\u00e1gina da UFPel.<\/p>\n<p>&nbsp;<\/p>\n","protected":false},"excerpt":{"rendered":"<p>A modalidade regular de ingresso\u00a0\u00e9 a sele\u00e7\u00e3o \u00e9 feita pelo SISU (http:\/\/sisu.mec.gov.br\/),\u00a0uma vez por ano, utilizando-se a nota do Exame do Ensino M\u00e9dio (ENEM). \u00a0 10% das vagas s\u00e3o destinadas ao Programa de Avalia\u00e7\u00e3o Escolar (PAVE-UFPel &#8211; http:\/\/ces.ufpel.edu.br\/vestibular\/pave\/). As vagas ociosas no curso s\u00e3o preenchidas via\u00a0outras modalidades de ingresso\u00a0dispon\u00edveis na UFPel. S\u00e3o elas: a) a\u00a0reop\u00e7\u00e3o [&hellip;]<\/p>\n","protected":false},"author":363,"featured_media":0,"parent":0,"menu_order":0,"comment_status":"closed","ping_status":"closed","template":"","meta":{"jetpack_post_was_ever_published":false,"footnotes":""},"class_list":["post-186","page","type-page","status-publish","hentry"],"jetpack_sharing_enabled":true,"jetpack_shortlink":"https:\/\/wp.me\/P7oTE2-30","jetpack-related-posts":[{"id":5346,"url":"https:\/\/wp.ufpel.edu.br\/agronomia\/projeto-pedagogico-do-curso-de-agronomiappc\/","url_meta":{"origin":186,"position":0},"title":"PPC","author":"colegiadofaem","date":"10\/03\/2026","format":false,"excerpt":"Projeto Pedag\u00f3gico do Curso(PPC) - Vers\u00e3o 2016 Proc._23110.002295_2017_63___Parte_I Proc._23110.002295_2017_63___Parte_II Proc._23110.002295_2017_63___Parte_III Proc._23110.002295_2017_63___Parte_IV Proc._23110.002295_2017_63___Parte_V Proc._23110.002295_2017_63___Parte_VI Proc._23110.002295_2017_63___Parte_VII Proc._23110.002295_2017_63___Parte_VIII","rel":"","context":"Post similar","block_context":{"text":"Post similar","link":""},"img":{"alt_text":"","src":"","width":0,"height":0},"classes":[]},{"id":124,"url":"https:\/\/wp.ufpel.edu.br\/agronomia\/horarios\/","url_meta":{"origin":186,"position":1},"title":"Hor\u00e1rios e Salas","author":"segeomatica","date":"01\/04\/2016","format":false,"excerpt":"Hor\u00e1rios 2026\/1: Horarios-2026.1 \u00a0","rel":"","context":"Post similar","block_context":{"text":"Post similar","link":""},"img":{"alt_text":"","src":"","width":0,"height":0},"classes":[]}],"_links":{"self":[{"href":"https:\/\/wp.ufpel.edu.br\/agronomia\/wp-json\/wp\/v2\/pages\/186","targetHints":{"allow":["GET"]}}],"collection":[{"href":"https:\/\/wp.ufpel.edu.br\/agronomia\/wp-json\/wp\/v2\/pages"}],"about":[{"href":"https:\/\/wp.ufpel.edu.br\/agronomia\/wp-json\/wp\/v2\/types\/page"}],"author":[{"embeddable":true,"href":"https:\/\/wp.ufpel.edu.br\/agronomia\/wp-json\/wp\/v2\/users\/363"}],"replies":[{"embeddable":true,"href":"https:\/\/wp.ufpel.edu.br\/agronomia\/wp-json\/wp\/v2\/comments?post=186"}],"version-history":[{"count":5,"href":"https:\/\/wp.ufpel.edu.br\/agronomia\/wp-json\/wp\/v2\/pages\/186\/revisions"}],"predecessor-version":[{"id":310,"href":"https:\/\/wp.ufpel.edu.br\/agronomia\/wp-json\/wp\/v2\/pages\/186\/revisions\/310"}],"wp:attachment":[{"href":"https:\/\/wp.ufpel.edu.br\/agronomia\/wp-json\/wp\/v2\/media?parent=186"}],"curies":[{"name":"wp","href":"https:\/\/api.w.org\/{rel}","templated":true}]}}