{"id":1682,"date":"2017-10-26T11:32:20","date_gmt":"2017-10-26T13:32:20","guid":{"rendered":"https:\/\/wp.ufpel.edu.br\/agronomia\/?page_id=1682"},"modified":"2017-10-26T11:32:20","modified_gmt":"2017-10-26T13:32:20","slug":"atas_nde","status":"publish","type":"page","link":"https:\/\/wp.ufpel.edu.br\/agronomia\/atas_nde\/","title":{"rendered":"ATAS_NDE"},"content":{"rendered":"<p>Reuni\u00e3o realizada em 23\/02\/2017:\u00a0<a href=\"https:\/\/wp.ufpel.edu.br\/agronomia\/files\/2017\/10\/Ata-1.pdf\">Ata 1<\/a><\/p>\n<p>Reuni\u00e3o realizada em 04\/05\/2017:\u00a0<a href=\"https:\/\/wp.ufpel.edu.br\/agronomia\/files\/2017\/10\/Ata-2.pdf\">Ata 2<\/a><\/p>\n<p>Reuni\u00e3o realizada em 11\/05\/2017:\u00a0<a href=\"https:\/\/wp.ufpel.edu.br\/agronomia\/files\/2017\/10\/Ata-3.pdf\">Ata 3<\/a><\/p>\n<p>Reuni\u00e3o realizada em 11\/10\/2017:\u00a0<a href=\"https:\/\/wp.ufpel.edu.br\/agronomia\/files\/2017\/10\/Ata-4.pdf\">Ata 4<\/a><\/p>\n<p>Reuni\u00e3o realizada em 25\/10\/2017:\u00a0<a href=\"https:\/\/wp.ufpel.edu.br\/agronomia\/files\/2017\/10\/Ata-5.pdf\">Ata 5<\/a><\/p>\n","protected":false},"excerpt":{"rendered":"<p>Reuni\u00e3o realizada em 23\/02\/2017:\u00a0Ata 1 Reuni\u00e3o realizada em 04\/05\/2017:\u00a0Ata 2 Reuni\u00e3o realizada em 11\/05\/2017:\u00a0Ata 3 Reuni\u00e3o realizada em 11\/10\/2017:\u00a0Ata 4 Reuni\u00e3o realizada em 25\/10\/2017:\u00a0Ata 5<\/p>\n","protected":false},"author":363,"featured_media":0,"parent":0,"menu_order":0,"comment_status":"closed","ping_status":"closed","template":"","meta":{"jetpack_post_was_ever_published":false,"footnotes":""},"class_list":["post-1682","page","type-page","status-publish","hentry"],"jetpack_sharing_enabled":true,"jetpack_shortlink":"https:\/\/wp.me\/P7oTE2-r8","jetpack-related-posts":[{"id":5384,"url":"https:\/\/wp.ufpel.edu.br\/agronomia\/pre-requisito\/","url_meta":{"origin":1682,"position":0},"title":"Pr\u00e9-requisito","author":"colegiadofaem","date":"17\/04\/2026","format":false,"excerpt":"Crit\u00e9rios para concess\u00e3o de quebras de pr\u00e9-requisitos \u00a0 1) Se o estudante estiver em condi\u00e7\u00e3o para realizar est\u00e1gio obrigat\u00f3rio no semestre seguinte \u00e0 solicita\u00e7\u00e3o da quebra; 2) Minimiza\u00e7\u00e3o do tempo de integraliza\u00e7\u00e3o de cr\u00e9ditos para estudantes que se encontrem em final de curso, isto \u00e9, que consigam concluir os cr\u00e9ditos\u2026","rel":"","context":"Post similar","block_context":{"text":"Post similar","link":""},"img":{"alt_text":"","src":"","width":0,"height":0},"classes":[]}],"_links":{"self":[{"href":"https:\/\/wp.ufpel.edu.br\/agronomia\/wp-json\/wp\/v2\/pages\/1682","targetHints":{"allow":["GET"]}}],"collection":[{"href":"https:\/\/wp.ufpel.edu.br\/agronomia\/wp-json\/wp\/v2\/pages"}],"about":[{"href":"https:\/\/wp.ufpel.edu.br\/agronomia\/wp-json\/wp\/v2\/types\/page"}],"author":[{"embeddable":true,"href":"https:\/\/wp.ufpel.edu.br\/agronomia\/wp-json\/wp\/v2\/users\/363"}],"replies":[{"embeddable":true,"href":"https:\/\/wp.ufpel.edu.br\/agronomia\/wp-json\/wp\/v2\/comments?post=1682"}],"version-history":[{"count":1,"href":"https:\/\/wp.ufpel.edu.br\/agronomia\/wp-json\/wp\/v2\/pages\/1682\/revisions"}],"predecessor-version":[{"id":1685,"href":"https:\/\/wp.ufpel.edu.br\/agronomia\/wp-json\/wp\/v2\/pages\/1682\/revisions\/1685"}],"wp:attachment":[{"href":"https:\/\/wp.ufpel.edu.br\/agronomia\/wp-json\/wp\/v2\/media?parent=1682"}],"curies":[{"name":"wp","href":"https:\/\/api.w.org\/{rel}","templated":true}]}}