{"id":14,"date":"2016-03-31T14:38:57","date_gmt":"2016-03-31T17:38:57","guid":{"rendered":"https:\/\/wp.ufpel.edu.br\/agronomia\/?page_id=14"},"modified":"2016-06-19T01:16:26","modified_gmt":"2016-06-19T04:16:26","slug":"servicos","status":"publish","type":"page","link":"https:\/\/wp.ufpel.edu.br\/agronomia\/servicos\/","title":{"rendered":"Servi\u00e7os"},"content":{"rendered":"<p><span style=\"font-family: arial, helvetica, sans-serif;font-size: 8pt\">Servi\u00e7os da UFPEL<\/span><\/p>\n<ul id=\"menu-ufpel\" class=\"menu\">\n<li id=\"menu-item-139\" class=\"menu-item menu-item-type-custom menu-item-object-custom menu-item-139\"><span style=\"font-family: 'arial black', sans-serif;font-size: 8pt\"><a href=\"https:\/\/wp.ufpel.edu.br\/faem\/\">Faculdade de Agronomia Eliseu Maciel \u2013 FAEM<\/a><\/span><\/li>\n<li id=\"menu-item-117\" class=\"menu-item menu-item-type-custom menu-item-object-custom menu-item-117\"><span style=\"font-family: 'arial black', sans-serif;font-size: 8pt\"><a href=\"https:\/\/wp.ufpel.edu.br\/prae\/\">Apoio Discente\/ Pro-Reitoria de Assistencia Estudantil \u2013 PRAE<\/a><\/span><\/li>\n<li id=\"menu-item-222\" class=\"menu-item menu-item-type-custom menu-item-object-custom menu-item-222\"><span style=\"font-family: 'arial black', sans-serif;font-size: 8pt\"><a href=\"http:\/\/cti.ufpel.edu.br\/site\/servicos\/proxy\/\">Proxy da UFPEL<\/a><\/span><\/li>\n<li id=\"menu-item-116\" class=\"menu-item menu-item-type-custom menu-item-object-custom menu-item-116\"><span style=\"font-family: 'arial black', sans-serif;font-size: 8pt\"><a href=\"http:\/\/pergamum.ufpel.edu.br\/pergamum\/biblioteca\/index.php\">Bibliotecas Pergamum<\/a><\/span><\/li>\n<li id=\"menu-item-118\" class=\"menu-item menu-item-type-custom menu-item-object-custom menu-item-118\"><span style=\"font-family: 'arial black', sans-serif;font-size: 8pt\"><a href=\"https:\/\/wp.ufpel.edu.br\/sisbi\/\">Sistema de Bibliotecas da UFPel \u2013 SISBI<\/a><\/span><\/li>\n<li id=\"menu-item-187\" class=\"menu-item menu-item-type-custom menu-item-object-custom menu-item-187\"><span style=\"font-family: 'arial black', sans-serif;font-size: 8pt\"><a href=\"http:\/\/repositorio.ufpel.edu.br\/\">Reposit\u00f3rio da UFPEL \u2013 GUAIACA<\/a><\/span><\/li>\n<li id=\"menu-item-140\" class=\"menu-item menu-item-type-custom menu-item-object-custom menu-item-140\"><span style=\"font-family: 'arial black', sans-serif;font-size: 8pt\"><a href=\"https:\/\/wp.ufpel.edu.br\/crinter\/\">Rela\u00e7\u00f5es Internacionais \u2013 CRINTER<\/a><\/span><\/li>\n<li id=\"menu-item-224\" class=\"menu-item menu-item-type-custom menu-item-object-custom menu-item-224\"><span style=\"font-family: 'arial black', sans-serif;font-size: 8pt\"><a href=\"http:\/\/www.abntcolecao.com.br\/ufpel\/\">Cole\u00e7\u00e3o de Normas ABNT \u2013 UFPEL<\/a><\/span><\/li>\n<\/ul>\n<p><span style=\"font-family: arial, helvetica, sans-serif;font-size: 8pt\">Servi\u00e7os extra-UFPEL<\/span><\/p>\n<ul id=\"menu-informacao-cientifica\" class=\"menu\">\n<li id=\"menu-item-129\" class=\"menu-item menu-item-type-custom menu-item-object-custom menu-item-129\"><span style=\"font-family: 'arial black', sans-serif;font-size: 8pt\"><a href=\"http:\/\/www-periodicos-capes-gov-br.ez66.periodicos.capes.gov.br\/\">Peri\u00f3dicos CAPES<\/a><\/span><\/li>\n<li id=\"menu-item-128\" class=\"menu-item menu-item-type-custom menu-item-object-custom menu-item-128\"><span style=\"font-family: 'arial black', sans-serif;font-size: 8pt\"><a href=\"https:\/\/portalnuclear.cnen.gov.br\/livre\/Inicial.asp\">LIVRE!<\/a><\/span><\/li>\n<li id=\"menu-item-132\" class=\"menu-item menu-item-type-custom menu-item-object-custom menu-item-132\"><span style=\"font-family: 'arial black', sans-serif;font-size: 8pt\"><a href=\"http:\/\/www.scielo.org\/php\/index.php\">SCIELO<\/a><\/span><\/li>\n<li id=\"menu-item-131\" class=\"menu-item menu-item-type-custom menu-item-object-custom menu-item-131\"><span style=\"font-family: 'arial black', sans-serif;font-size: 8pt\"><a href=\"http:\/\/www.sciencedirect.com\/\">Science Direct<\/a><\/span><\/li>\n<li id=\"menu-item-133\" class=\"menu-item menu-item-type-custom menu-item-object-custom menu-item-133\"><span style=\"font-family: 'arial black', sans-serif;font-size: 8pt\"><a href=\"http:\/\/qualis.capes.gov.br\/webqualis\/principal.seam\">WebQualis CAPES<\/a><\/span><\/li>\n<li id=\"menu-item-205\" class=\"menu-item menu-item-type-custom menu-item-object-custom menu-item-205\"><span style=\"font-family: 'arial black', sans-serif;font-size: 8pt\"><a href=\"http:\/\/bdtd.ibict.br\/vufind\/\">BDTD\/IBICT<\/a><\/span><\/li>\n<li id=\"menu-item-134\" class=\"menu-item menu-item-type-custom menu-item-object-custom menu-item-134\"><span style=\"font-family: 'arial black', sans-serif;font-size: 8pt\"><a href=\"http:\/\/bancodeteses.capes.gov.br\/\">Banco de Teses \/ CAPES<\/a><\/span><\/li>\n<\/ul>\n<p><span style=\"font-family: arial, helvetica, sans-serif;font-size: 8pt\">Outros<\/span><\/p>\n<ul>\n<li><span style=\"font-family: 'arial black', sans-serif;font-size: 8pt\"><a href=\"http:\/\/www.ee.cienciasemfronteiras.gov.br\/\">Portal Est\u00e1gios e Empregos em pesquisa e Inova\u00e7\u00e3o<\/a><\/span><\/li>\n<li><span style=\"font-family: 'arial black', sans-serif;font-size: 8pt\"><a href=\"http:\/\/www.cienciasemfronteiras.gov.br\/web\/csf\">Ci\u00eancia Sem Fronteiras<\/a><\/span><\/li>\n<li><span style=\"font-family: 'arial black', sans-serif;font-size: 8pt\"><a href=\"http:\/\/isf.mec.gov.br\/\">Idiomas Sem Fronteiras \u2013 Ingl\u00eas-Franc\u00eas-Italiano<\/a><\/span><\/li>\n<li><span style=\"font-family: 'arial black', sans-serif;font-size: 8pt\"><a href=\"http:\/\/www.emater.tche.br\/site\/\">EMATER \u2013 RS<\/a><\/span><\/li>\n<li><span style=\"font-family: 'arial black', sans-serif;font-size: 8pt\"><a href=\"https:\/\/www.embrapa.br\/en\/clima-temperado\">EMBRAPA \u2013 CPACT<\/a><\/span><\/li>\n<li><span style=\"font-family: 'arial black', sans-serif;font-size: 8pt\"><a href=\"http:\/\/www.cnpq.br\/\">CNPQ<\/a><\/span><\/li>\n<li><span style=\"font-family: 'arial black', sans-serif;font-size: 8pt\"><a href=\"http:\/\/lattes.cnpq.br\/\">Plataforma Lattes<\/a><\/span><\/li>\n<li><span style=\"font-family: 'arial black', sans-serif;font-size: 8pt\"><a href=\"http:\/\/www.capes.gov.br\/\">CAPES<\/a><\/span><\/li>\n<li><span style=\"font-family: 'arial black', sans-serif;font-size: 8pt\"><a href=\"http:\/\/www.fapergs.rs.gov.br\/\">FAPERGS<\/a><\/span><\/li>\n<li><span style=\"font-family: 'arial black', sans-serif;font-size: 8pt\"><a href=\"http:\/\/www.crea-rs.org.br\/site\/index.php\">Conselho Regional de Engenharia e Agronomia do Rio Grande do Sul \/ CREA \u2013 RS<\/a><\/span><\/li>\n<li><span style=\"font-family: 'arial black', sans-serif;font-size: 8pt\"><a href=\"http:\/\/www.sargs.com.br\/a-sargs\/apresentacao\/associacao-dos-engenheiros-agronomos-de-pelotas\/\">Associa\u00e7\u00e3o dos Engenheiros Agr\u00f4nomos de Pelotas \u2013 AEAPEL<\/a><\/span><\/li>\n<li><span style=\"font-family: 'arial black', sans-serif;font-size: 8pt\"><a href=\"http:\/\/www.sargs.com.br\/\">Sociedade de Agronomia do Rio Grande do Sul \u2013 SARGS<\/a><\/span><\/li>\n<li><span style=\"font-family: 'arial black', sans-serif;font-size: 8pt\"><a href=\"https:\/\/feab.wordpress.com\/\">Federa\u00e7\u00e3o do Estudantes de Agronomia do Brasil \u2013 FEAB<\/a><\/span><\/li>\n<\/ul>\n","protected":false},"excerpt":{"rendered":"<p>Servi\u00e7os da UFPEL Faculdade de Agronomia Eliseu Maciel \u2013 FAEM Apoio Discente\/ Pro-Reitoria de Assistencia Estudantil \u2013 PRAE Proxy da UFPEL Bibliotecas Pergamum Sistema de Bibliotecas da UFPel \u2013 SISBI Reposit\u00f3rio da UFPEL \u2013 GUAIACA Rela\u00e7\u00f5es Internacionais \u2013 CRINTER Cole\u00e7\u00e3o de Normas ABNT \u2013 UFPEL Servi\u00e7os extra-UFPEL Peri\u00f3dicos CAPES LIVRE! SCIELO Science Direct WebQualis CAPES [&hellip;]<\/p>\n","protected":false},"author":363,"featured_media":0,"parent":0,"menu_order":0,"comment_status":"closed","ping_status":"closed","template":"","meta":{"jetpack_post_was_ever_published":false,"footnotes":""},"class_list":["post-14","page","type-page","status-publish","hentry"],"jetpack_sharing_enabled":true,"jetpack_shortlink":"https:\/\/wp.me\/P7oTE2-e","jetpack-related-posts":[{"id":124,"url":"https:\/\/wp.ufpel.edu.br\/agronomia\/horarios\/","url_meta":{"origin":14,"position":0},"title":"Hor\u00e1rios e Salas","author":"segeomatica","date":"01\/04\/2016","format":false,"excerpt":"Hor\u00e1rios 2026\/1: Horarios-2026.1 \u00a0","rel":"","context":"Post similar","block_context":{"text":"Post similar","link":""},"img":{"alt_text":"","src":"","width":0,"height":0},"classes":[]},{"id":5346,"url":"https:\/\/wp.ufpel.edu.br\/agronomia\/projeto-pedagogico-do-curso-de-agronomiappc\/","url_meta":{"origin":14,"position":1},"title":"PPC","author":"colegiadofaem","date":"10\/03\/2026","format":false,"excerpt":"Projeto Pedag\u00f3gico do Curso(PPC) - Vers\u00e3o 2016 Proc._23110.002295_2017_63___Parte_I Proc._23110.002295_2017_63___Parte_II Proc._23110.002295_2017_63___Parte_III Proc._23110.002295_2017_63___Parte_IV Proc._23110.002295_2017_63___Parte_V Proc._23110.002295_2017_63___Parte_VI Proc._23110.002295_2017_63___Parte_VII Proc._23110.002295_2017_63___Parte_VIII","rel":"","context":"Post similar","block_context":{"text":"Post similar","link":""},"img":{"alt_text":"","src":"","width":0,"height":0},"classes":[]}],"_links":{"self":[{"href":"https:\/\/wp.ufpel.edu.br\/agronomia\/wp-json\/wp\/v2\/pages\/14","targetHints":{"allow":["GET"]}}],"collection":[{"href":"https:\/\/wp.ufpel.edu.br\/agronomia\/wp-json\/wp\/v2\/pages"}],"about":[{"href":"https:\/\/wp.ufpel.edu.br\/agronomia\/wp-json\/wp\/v2\/types\/page"}],"author":[{"embeddable":true,"href":"https:\/\/wp.ufpel.edu.br\/agronomia\/wp-json\/wp\/v2\/users\/363"}],"replies":[{"embeddable":true,"href":"https:\/\/wp.ufpel.edu.br\/agronomia\/wp-json\/wp\/v2\/comments?post=14"}],"version-history":[{"count":5,"href":"https:\/\/wp.ufpel.edu.br\/agronomia\/wp-json\/wp\/v2\/pages\/14\/revisions"}],"predecessor-version":[{"id":525,"href":"https:\/\/wp.ufpel.edu.br\/agronomia\/wp-json\/wp\/v2\/pages\/14\/revisions\/525"}],"wp:attachment":[{"href":"https:\/\/wp.ufpel.edu.br\/agronomia\/wp-json\/wp\/v2\/media?parent=14"}],"curies":[{"name":"wp","href":"https:\/\/api.w.org\/{rel}","templated":true}]}}