{"id":132,"date":"2016-04-01T11:04:04","date_gmt":"2016-04-01T14:04:04","guid":{"rendered":"https:\/\/wp.ufpel.edu.br\/agronomia\/?page_id=132"},"modified":"2019-07-29T12:46:08","modified_gmt":"2019-07-29T15:46:08","slug":"tcc-normas","status":"publish","type":"page","link":"https:\/\/wp.ufpel.edu.br\/agronomia\/tcc-normas\/","title":{"rendered":"TCC-Normas"},"content":{"rendered":"<p>Normas para elabora\u00e7\u00e3o e defesa do trabalho de conclus\u00e3o de curso:<\/p>\n<p><strong>CAP\u00cdTULO I &#8211; DA FUNDAMENTA\u00c7\u00c3O, CONCEITO E <\/strong><strong>COMPOSI\u00c7\u00c3O<\/strong><\/p>\n<p><strong>Art.<\/strong><strong>\u00a0<\/strong><strong>1<\/strong><strong>\u00b0\u00a0\u00a0 <\/strong>Conforme previsto na Resolu\u00e7\u00e3o N\u00b0 1 do CNE\/CES de 02 de fevereiro de 2006, que institui as Diretrizes Curriculares Nacionais para o curso de gradua\u00e7\u00e3o em Agronomia, no seu Artigo 10, a elabora\u00e7\u00e3o do Trabalho de Conclus\u00e3o de Curso (TCC) \u00e9 pr\u00e9-requisito obrigat\u00f3rio para a obten\u00e7\u00e3o do t\u00edtulo de Engenheiro Agr\u00f4nomo pela UFPel.<\/p>\n<p><strong>Art.<\/strong><strong>\u00a0<\/strong><strong>2<\/strong><strong>\u00b0\u00a0\u00a0 <\/strong>A elabora\u00e7\u00e3o do TCC objetiva a s\u00edntese e a integra\u00e7\u00e3o dos conhecimentos adquiridos durante o Curso; visa a conex\u00e3o entre os conhecimentos adquiridos e as compet\u00eancias desenvolvidas; e proporciona ao aluno concluinte a oportunidade de realizar um trabalho de sua autoria, dentro da \u00e1rea de conhecimento da Agronomia e que permita uma reflex\u00e3o sistematizada de sua aprendizagem constru\u00edda ao longo do curso.<\/p>\n<p><strong>Art.<\/strong><strong>\u00a0<\/strong><strong>3<\/strong><strong>\u00b0\u00a0\u00a0 <\/strong>O Trabalho de Conclus\u00e3o de Curso, de acordo com sua natureza, ser\u00e1 classificado nas seguintes categorias:<\/p>\n<p>I\u00a0&#8211;\u00a0<strong>Revis\u00e3o Bibliogr\u00e1fica<\/strong>: revis\u00e3o de literatura, com uma an\u00e1lise cr\u00edtica, meticulosa e ampla das publica\u00e7\u00f5es correntes e atualizadas em uma determinada \u00e1rea do conhecimento em Ci\u00eancias Agr\u00e1rias;<\/p>\n<p><strong>I<\/strong><strong>I\u00a0&#8211;\u00a0Estudo de caso<\/strong><strong>:<\/strong> apoiado em ampla revis\u00e3o bibliogr\u00e1fica sobre o tema, com an\u00e1lise cr\u00edtica, obten\u00e7\u00e3o e tratamento de dados e proposi\u00e7\u00e3o de um plano de a\u00e7\u00e3o;<\/p>\n<ul>\n<li>1\u00ba O estudo de caso visa analisar um tema observado na realidade e explicar como e porque ele ocorre e dever\u00e1 ser desenvolvido atrav\u00e9s de uma pesquisa, com coleta de dados qualitativos e\/ou quantitativos, utilizando um ou mais m\u00e9todos de acordo com cada situa\u00e7\u00e3o a ser estudada.<\/li>\n<\/ul>\n<p><strong>I<\/strong><strong>II\u00a0&#8211;\u00a0Trabalho de pesquisa<\/strong>, desenvolvido segundo m\u00e9todo experimental, com an\u00e1lise dos dados e reda\u00e7\u00e3o na forma cient\u00edfica;<\/p>\n<p><strong>Art.<\/strong><strong>\u00a0<\/strong><strong>4<\/strong><strong>\u00b0<\/strong>\u00a0\u00a0 No Curso de Agronomia da FAEM\/UFPel, o TCC \u00e9 constitu\u00eddo por dois componentes curriculares obrigat\u00f3rios: TCC I e TCC II.<\/p>\n<p><strong>Art.\u00a0<\/strong><strong>5<\/strong><strong>\u00b0<\/strong>\u00a0\u00a0 A disciplina de TCC I possui carga hor\u00e1ria equivalente a dois cr\u00e9ditos, igualmente dividida em aulas te\u00f3ricas e pr\u00e1ticas.<\/p>\n<ul>\n<li>1\u00ba O aluno somente poder\u00e1 se matricular na disciplina de TCC I a partir do momento em que lhe faltar, no m\u00e1ximo, 60 cr\u00e9ditos em disciplinas obrigat\u00f3rias.<\/li>\n<li>2\u00ba A carga hor\u00e1ria te\u00f3rica \u00e9 destinada ao estudo da metodologia de elabora\u00e7\u00e3o do TCC e a carga hor\u00e1ria pr\u00e1tica \u00e9 destinada \u00e0 elabora\u00e7\u00e3o do projeto de TCC.<\/li>\n<\/ul>\n<p><strong>Art.\u00a0<\/strong><strong>6<\/strong><strong>\u00b0<\/strong>\u00a0\u00a0 A disciplina de TCC II possui carga hor\u00e1ria equivalente a um cr\u00e9dito de aulas pr\u00e1ticas.<\/p>\n<ul>\n<li>1\u00ba Para poder se matricular na disciplina de TCC\u00a0II o aluno dever\u00e1 ter sido aprovado em TCC\u00a0I e n\u00e3o poder\u00e1 lhe faltar mais do que 10 cr\u00e9ditos em disciplinas obrigat\u00f3rias.<\/li>\n<li>2\u00ba A disciplina de TCC II \u00e9 destinada \u00e0 elabora\u00e7\u00e3o do TCC.<\/li>\n<\/ul>\n<p><strong>CAP\u00cdTULO II \u2013 D<\/strong><strong>A ORIENTA\u00c7\u00c3O<\/strong><\/p>\n<p><strong>Art.<\/strong><strong>\u00a0<\/strong><strong>7<\/strong><strong>\u00b0\u00a0\u00a0 <\/strong>O orientador do Trabalho de Conclus\u00e3o de Curso dever\u00e1 pertencer ao quadro docente permanente da Universidade Federal de Pelotas.<\/p>\n<p><strong>Art.<\/strong><strong>\u00a0<\/strong><strong>8<\/strong><strong>\u00b0\u00a0\u00a0 <\/strong>S\u00e3o atribui\u00e7\u00f5es do orientador:<\/p>\n<ul>\n<li>1\u00ba orientar, acompanhar e avaliar o desenvolvimento do trabalho em todas as suas fases;<\/li>\n<li>1\u00ba encaminhar ao Colegiado toda a documenta\u00e7\u00e3o necess\u00e1ria pertinente ao Trabalho de Conclus\u00e3o de Curso.<\/li>\n<\/ul>\n<p>&nbsp;<\/p>\n<p><strong>SE\u00c7\u00c3O II \u2013 DA ELABORA\u00c7\u00c3O DO TRABALHO DE CONCLUS\u00c3O DE CURSO<\/strong><\/p>\n<p><strong>Art.<\/strong><strong>\u00a0<\/strong><strong>9<\/strong><strong>\u00b0\u00a0\u00a0 <\/strong>O Trabalho de Conclus\u00e3o de Curso dever\u00e1 ser elaborado de acordo com a vers\u00e3o vigente do \u201cManual de normas da UFPel para Teses, Disserta\u00e7\u00f5es e Trabalhos Acad\u00eamicos\u201d, aprovado pelo COCEPE.<\/p>\n<p><strong>Art.<\/strong><strong>\u00a0<\/strong><strong>10<\/strong><strong>\u00b0 <\/strong>O aluno dever\u00e1 entregar a cada membro da banca uma c\u00f3pia impressa ou digital do Trabalho de Conclus\u00e3o de Curso, com anteced\u00eancia m\u00ednima de quinze (15) dias do \u00faltimo dia letivo estipulado no calend\u00e1rio acad\u00eamico da UFPel.<\/p>\n<p>&nbsp;<\/p>\n<p><strong>SE\u00c7\u00c3O III \u2013 DA DEFESA DO TRABALHO DE CONCLUS\u00c3O DE CURSO\u00a0 <\/strong><\/p>\n<p><strong>Art.<\/strong><strong>\u00a0<\/strong><strong>11<\/strong><strong>\u00b0 <\/strong>Ao Colegiado de Curso caber\u00e1 estabelecer as datas das defesas p\u00fablicas dos Trabalhos de Conclus\u00e3o de Curso, levando em considera\u00e7\u00e3o o calend\u00e1rio acad\u00eamico e a sugest\u00e3o do orientador.<\/p>\n<p>Par\u00e1grafo \u00fanico \u2013 O formul\u00e1rio F1 com o encaminhamento de defesa do Trabalho de Conclus\u00e3o de Curso, bem como a sugest\u00e3o da Banca Examinadora, dever\u00e1 ser enviado ao Colegiado, para homologa\u00e7\u00e3o, contendo obrigatoriamente a assinatura do acad\u00eamico e do orientador.<\/p>\n<p><strong>Art.<\/strong><strong>\u00a0<\/strong><strong>12<\/strong><strong>\u00a0 <\/strong>A Banca Examinadora ser\u00e1 constitu\u00edda pelo professor orientador do TCC e de dois (2) professores convidados sugeridos pelo professor orientador, no formul\u00e1rio F1, e homologada pelo Colegiado de Curso. Um (1) examinador suplente, tamb\u00e9m dever\u00e1 ser indicado.<\/p>\n<ul>\n<li>1\u00ba O presidente da Banca Examinadora ser\u00e1 o professor orientador.<\/li>\n<li>2\u00ba A avalia\u00e7\u00e3o seguir\u00e1 os crit\u00e9rios estabelecidos pelo Colegiado de Curso (formul\u00e1rio 3).<\/li>\n<\/ul>\n<p><strong>Art.<\/strong><strong>\u00a0<\/strong><strong>13<\/strong><strong>\u00a0 <\/strong>A defesa do TCC ser\u00e1 p\u00fablica tendo in\u00edcio com uma apresenta\u00e7\u00e3o oral de aproximadamente 30 minutos. Posteriormente o aluno ser\u00e1 arguido pela Banca Examinadora, onde cada membro ter\u00e1 aproximadamente 10 minutos para fazer suas contribui\u00e7\u00f5es.<\/p>\n<p>Par\u00e1grafo \u00fanico\u00a0&#8211;\u00a0A banca avaliar\u00e1 o conhecimento sobre o tema e o desempenho do aluno na apresenta\u00e7\u00e3o do TCC.<\/p>\n<p><strong>Art.<\/strong><strong>\u00a0<\/strong><strong>14<\/strong><strong>\u00a0 <\/strong>Encerrado o per\u00edodo de argui\u00e7\u00e3o, a Banca Examinadora, individualmente far\u00e1 as delibera\u00e7\u00f5es finais atribuindo notas no intervalo de 0,0 a 10,0. A m\u00e9dia m\u00ednima das notas obtidas \u00e0 aprova\u00e7\u00e3o \u00e9 7,0 (sete). A banca examinadora conferir\u00e1 ao candidato um parecer de aprovado ou reprovado.<\/p>\n<ul>\n<li>1\u00ba No caso de aprova\u00e7\u00e3o, o candidato ter\u00e1 um prazo m\u00e1ximo de 15 dias para efetuar as corre\u00e7\u00f5es sugeridas pela Banca Examinadora, para homologa\u00e7\u00e3o no Colegiado de Curso. Ao Colegiado dever\u00e1 ser encaminhada a vers\u00e3o corrigida do TCC em m\u00eddia digital, o Formul\u00e1rio F2 preenchido e o formul\u00e1rio dispon\u00edvel no site da Biblioteca, preenchido e impresso.<\/li>\n<li>2\u00ba O encaminhamento do TCC contendo as corre\u00e7\u00f5es, modifica\u00e7\u00f5es e outras altera\u00e7\u00f5es propostas pela Banca Examinadora ser\u00e1 atribui\u00e7\u00e3o do aluno sob a responsabilidade de seu orientador, que conjuntamente assinar\u00e3o o referido documento (formul\u00e1rio F2).<\/li>\n<\/ul>\n<p>Par\u00e1grafo \u00fanico\u00a0&#8211;\u00a0o n\u00e3o cumprimento deste item at\u00e9 a data estabelecida pelo Colegiado inviabilizar\u00e1 a cola\u00e7\u00e3o de grau.<\/p>\n<ul>\n<li>3\u00ba Em caso de reprova\u00e7\u00e3o, o candidato dever\u00e1 repetir (cursar novamente) o componente curricular.<\/li>\n<\/ul>\n<p><strong>Art.<\/strong><strong>\u00a0<\/strong><strong>15<\/strong><strong>\u00a0 <\/strong>Os casos omissos nestas normas ser\u00e3o julgados e decididos pelo Colegiado de Curso de Agronomia.<\/p>\n<p><strong>Art.<\/strong><strong>\u00a0<\/strong><strong>16<\/strong><strong>\u00a0 <\/strong>Esta Norma entrar\u00e1 em vigor a partir da data e aprova\u00e7\u00e3o pelo Conselho Coordenador do Ensino, da Pesquisa e da Extens\u00e3o (COCEPE).<\/p>\n","protected":false},"excerpt":{"rendered":"<p>Normas para elabora\u00e7\u00e3o e defesa do trabalho de conclus\u00e3o de curso: CAP\u00cdTULO I &#8211; DA FUNDAMENTA\u00c7\u00c3O, CONCEITO E COMPOSI\u00c7\u00c3O Art.\u00a01\u00b0\u00a0\u00a0 Conforme previsto na Resolu\u00e7\u00e3o N\u00b0 1 do CNE\/CES de 02 de fevereiro de 2006, que institui as Diretrizes Curriculares Nacionais para o curso de gradua\u00e7\u00e3o em Agronomia, no seu Artigo 10, a elabora\u00e7\u00e3o do Trabalho [&hellip;]<\/p>\n","protected":false},"author":363,"featured_media":0,"parent":0,"menu_order":0,"comment_status":"closed","ping_status":"closed","template":"","meta":{"jetpack_post_was_ever_published":false,"footnotes":""},"class_list":["post-132","page","type-page","status-publish","hentry"],"jetpack_sharing_enabled":true,"jetpack_shortlink":"https:\/\/wp.me\/P7oTE2-28","jetpack-related-posts":[{"id":5346,"url":"https:\/\/wp.ufpel.edu.br\/agronomia\/projeto-pedagogico-do-curso-de-agronomiappc\/","url_meta":{"origin":132,"position":0},"title":"PPC","author":"colegiadofaem","date":"10\/03\/2026","format":false,"excerpt":"Projeto Pedag\u00f3gico do Curso(PPC) - Vers\u00e3o 2016 Proc._23110.002295_2017_63___Parte_I Proc._23110.002295_2017_63___Parte_II Proc._23110.002295_2017_63___Parte_III Proc._23110.002295_2017_63___Parte_IV Proc._23110.002295_2017_63___Parte_V Proc._23110.002295_2017_63___Parte_VI Proc._23110.002295_2017_63___Parte_VII Proc._23110.002295_2017_63___Parte_VIII","rel":"","context":"Post similar","block_context":{"text":"Post similar","link":""},"img":{"alt_text":"","src":"","width":0,"height":0},"classes":[]},{"id":124,"url":"https:\/\/wp.ufpel.edu.br\/agronomia\/horarios\/","url_meta":{"origin":132,"position":1},"title":"Hor\u00e1rios e Salas","author":"segeomatica","date":"01\/04\/2016","format":false,"excerpt":"Hor\u00e1rios 2026\/1: Horarios-2026.1 \u00a0","rel":"","context":"Post similar","block_context":{"text":"Post similar","link":""},"img":{"alt_text":"","src":"","width":0,"height":0},"classes":[]}],"_links":{"self":[{"href":"https:\/\/wp.ufpel.edu.br\/agronomia\/wp-json\/wp\/v2\/pages\/132","targetHints":{"allow":["GET"]}}],"collection":[{"href":"https:\/\/wp.ufpel.edu.br\/agronomia\/wp-json\/wp\/v2\/pages"}],"about":[{"href":"https:\/\/wp.ufpel.edu.br\/agronomia\/wp-json\/wp\/v2\/types\/page"}],"author":[{"embeddable":true,"href":"https:\/\/wp.ufpel.edu.br\/agronomia\/wp-json\/wp\/v2\/users\/363"}],"replies":[{"embeddable":true,"href":"https:\/\/wp.ufpel.edu.br\/agronomia\/wp-json\/wp\/v2\/comments?post=132"}],"version-history":[{"count":3,"href":"https:\/\/wp.ufpel.edu.br\/agronomia\/wp-json\/wp\/v2\/pages\/132\/revisions"}],"predecessor-version":[{"id":3583,"href":"https:\/\/wp.ufpel.edu.br\/agronomia\/wp-json\/wp\/v2\/pages\/132\/revisions\/3583"}],"wp:attachment":[{"href":"https:\/\/wp.ufpel.edu.br\/agronomia\/wp-json\/wp\/v2\/media?parent=132"}],"curies":[{"name":"wp","href":"https:\/\/api.w.org\/{rel}","templated":true}]}}