{"id":128,"date":"2016-04-01T10:36:40","date_gmt":"2016-04-01T13:36:40","guid":{"rendered":"https:\/\/wp.ufpel.edu.br\/agronomia\/?page_id=128"},"modified":"2016-04-01T22:37:50","modified_gmt":"2016-04-02T01:37:50","slug":"localizacao-dos-campi","status":"publish","type":"page","link":"https:\/\/wp.ufpel.edu.br\/agronomia\/localizacao-dos-campi\/","title":{"rendered":"Localiza\u00e7\u00e3o dos Campi"},"content":{"rendered":"<ul>\n<li><span style=\"font-size: 8pt;font-family: arial, helvetica, sans-serif\"><a href=\"https:\/\/www.google.com.br\/maps\/place\/UFPel+-+Campus+Cap%C3%A3o+Do+Le%C3%A3o\/@-31.8039815,-52.4276439,15z\/data=!4m6!1m3!3m2!1s0x0000000000000000:0xab446ef2c0812db1!2sUFPEL-Universidade+Federal+de+Pelotas-Departamento+Material!3m1!1s0x0000000000000000:0xdce7440b07771e76?hl=pt-BR\" target=\"_blank\">Campus Cap\u00e3o do Le\u00e3o<\/a><\/span><\/li>\n<li><span style=\"font-size: 8pt;font-family: arial, helvetica, sans-serif\"><a href=\"https:\/\/www.google.com.br\/maps\/place\/UFPel+-+Campus+Cap%C3%A3o+Do+Le%C3%A3o\/@-31.8039815,-52.4276439,15z\/data=!4m6!1m3!3m2!1s0x0000000000000000:0xab446ef2c0812db1!2sUFPEL-Universidade+Federal+de+Pelotas-Departamento+Material!3m1!1s0x0000000000000000:0xdce7440b07771e76?hl=pt-BR\">Campus Porto (Anglo)<\/a><\/span><\/li>\n<li><span style=\"font-size: 8pt;font-family: arial, helvetica, sans-serif\"><a href=\"https:\/\/www.google.com.br\/maps\/place\/RU+UFPel\/@-31.8039815,-52.4276439,15z\/data=!4m6!1m3!3m2!1s0x0000000000000000:0xdce7440b07771e76!2sUFPel+-+Campus+Cap%C3%A3o+Do+Le%C3%A3o!3m1!1s0x0000000000000000:0x458c9ea8e599ce34?hl=pt-BR\">RU (Restaurante Universit\u00e1rio) do Campus Cap\u00e3o do Le\u00e3o<\/a><\/span><\/li>\n<\/ul>\n","protected":false},"excerpt":{"rendered":"<p>Campus Cap\u00e3o do Le\u00e3o Campus Porto (Anglo) RU (Restaurante Universit\u00e1rio) do Campus Cap\u00e3o do Le\u00e3o<\/p>\n","protected":false},"author":363,"featured_media":0,"parent":0,"menu_order":0,"comment_status":"closed","ping_status":"closed","template":"","meta":{"jetpack_post_was_ever_published":false,"footnotes":""},"class_list":["post-128","page","type-page","status-publish","hentry"],"jetpack_sharing_enabled":true,"jetpack_shortlink":"https:\/\/wp.me\/P7oTE2-24","jetpack-related-posts":[{"id":5346,"url":"https:\/\/wp.ufpel.edu.br\/agronomia\/projeto-pedagogico-do-curso-de-agronomiappc\/","url_meta":{"origin":128,"position":0},"title":"PPC","author":"colegiadofaem","date":"10\/03\/2026","format":false,"excerpt":"Projeto Pedag\u00f3gico do Curso(PPC) - Vers\u00e3o 2016 Proc._23110.002295_2017_63___Parte_I Proc._23110.002295_2017_63___Parte_II Proc._23110.002295_2017_63___Parte_III Proc._23110.002295_2017_63___Parte_IV Proc._23110.002295_2017_63___Parte_V Proc._23110.002295_2017_63___Parte_VI Proc._23110.002295_2017_63___Parte_VII Proc._23110.002295_2017_63___Parte_VIII","rel":"","context":"Post similar","block_context":{"text":"Post similar","link":""},"img":{"alt_text":"","src":"","width":0,"height":0},"classes":[]},{"id":425,"url":"https:\/\/wp.ufpel.edu.br\/agronomia\/formularios\/","url_meta":{"origin":128,"position":1},"title":"Formul\u00e1rios","author":"segeomatica","date":"15\/06\/2016","format":false,"excerpt":"Formul\u00e1rio de Solicita\u00e7\u00e3o de Quebra de Pr\u00e9-Requisito. Clique Aqui Formul\u00e1rio de Solicita\u00e7\u00e3o de RECURSO de Quebra de Pr\u00e9-Requisito. Clique Aqui Formul\u00e1rio de Solicita\u00e7\u00e3o de Revis\u00e3o de Desempenho Acad\u00eamico. Clique Aqui Formul\u00e1rio de Solicita\u00e7\u00e3o de Aproveitamento de Disciplinas Optativas. Clique Aqui Modelo de Atividades curricular vivencial (ACV). Clique Aqui Modelo de\u2026","rel":"","context":"Post similar","block_context":{"text":"Post similar","link":""},"img":{"alt_text":"","src":"","width":0,"height":0},"classes":[]},{"id":5384,"url":"https:\/\/wp.ufpel.edu.br\/agronomia\/pre-requisito\/","url_meta":{"origin":128,"position":2},"title":"Pr\u00e9-requisito","author":"colegiadofaem","date":"17\/04\/2026","format":false,"excerpt":"Crit\u00e9rios para concess\u00e3o de quebras de pr\u00e9-requisitos \u00a0 1) Se o estudante estiver em condi\u00e7\u00e3o para realizar est\u00e1gio obrigat\u00f3rio no semestre seguinte \u00e0 solicita\u00e7\u00e3o da quebra; 2) Minimiza\u00e7\u00e3o do tempo de integraliza\u00e7\u00e3o de cr\u00e9ditos para estudantes que se encontrem em final de curso, isto \u00e9, que consigam concluir os cr\u00e9ditos\u2026","rel":"","context":"Post similar","block_context":{"text":"Post similar","link":""},"img":{"alt_text":"","src":"","width":0,"height":0},"classes":[]}],"_links":{"self":[{"href":"https:\/\/wp.ufpel.edu.br\/agronomia\/wp-json\/wp\/v2\/pages\/128","targetHints":{"allow":["GET"]}}],"collection":[{"href":"https:\/\/wp.ufpel.edu.br\/agronomia\/wp-json\/wp\/v2\/pages"}],"about":[{"href":"https:\/\/wp.ufpel.edu.br\/agronomia\/wp-json\/wp\/v2\/types\/page"}],"author":[{"embeddable":true,"href":"https:\/\/wp.ufpel.edu.br\/agronomia\/wp-json\/wp\/v2\/users\/363"}],"replies":[{"embeddable":true,"href":"https:\/\/wp.ufpel.edu.br\/agronomia\/wp-json\/wp\/v2\/comments?post=128"}],"version-history":[{"count":12,"href":"https:\/\/wp.ufpel.edu.br\/agronomia\/wp-json\/wp\/v2\/pages\/128\/revisions"}],"predecessor-version":[{"id":181,"href":"https:\/\/wp.ufpel.edu.br\/agronomia\/wp-json\/wp\/v2\/pages\/128\/revisions\/181"}],"wp:attachment":[{"href":"https:\/\/wp.ufpel.edu.br\/agronomia\/wp-json\/wp\/v2\/media?parent=128"}],"curies":[{"name":"wp","href":"https:\/\/api.w.org\/{rel}","templated":true}]}}