{"id":116,"date":"2016-04-01T10:27:54","date_gmt":"2016-04-01T13:27:54","guid":{"rendered":"https:\/\/wp.ufpel.edu.br\/agronomia\/?page_id=116"},"modified":"2016-04-01T22:41:07","modified_gmt":"2016-04-02T01:41:07","slug":"pos-graduacao","status":"publish","type":"page","link":"https:\/\/wp.ufpel.edu.br\/agronomia\/pos-graduacao\/","title":{"rendered":"P\u00f3s-Gradua\u00e7\u00e3o"},"content":{"rendered":"<p><span style=\"font-family: arial, helvetica, sans-serif;font-size: 8pt\">Programas de P\u00f3s-Gradua\u00e7\u00e3o que mant\u00e9m v\u00ednculo direto com\u00a0a gradua\u00e7\u00e3o:<\/span><\/p>\n<ul>\n<li><span style=\"font-family: 'arial black', sans-serif;font-size: 8pt\"><a href=\"https:\/\/wp.ufpel.edu.br\/ppga\/\">Agronomia<\/a>;<\/span><\/li>\n<li><span style=\"font-family: 'arial black', sans-serif;font-size: 8pt\"><a href=\"http:\/\/(http:\/\/www.ufpel.tche.br\/faem\/dcta\/ppgcta\/\">Ci\u00eancia e Tecnologia de Alimentos<\/a>;<\/span><\/li>\n<li><span style=\"font-family: 'arial black', sans-serif;font-size: 8pt\"><a href=\"http:\/\/www2.ufpel.edu.br\/ppgom\/site\/\">Economia Aplicada<\/a>;<\/span><\/li>\n<li><span style=\"font-family: 'arial black', sans-serif;font-size: 8pt\"><a href=\"http:\/\/www.ufpel.tche.br\/faem\/ppgfs\/\">Fitossanidade<\/a>;<\/span><\/li>\n<li><span style=\"font-family: 'arial black', sans-serif;font-size: 8pt\"><a href=\"https:\/\/wp.ufpel.edu.br\/ppgmacsa\/\">Manejo e Conserv.\u00a0Solo e da \u00c1gua<\/a>;<\/span><\/li>\n<li><span style=\"font-family: 'arial black', sans-serif;font-size: 8pt\"><a href=\"http:\/\/www.ufpel.edu.br\/faem\/fitotecnia\/sementes\/\">Sementes<\/a>;<\/span><\/li>\n<li><span style=\"font-family: 'arial black', sans-serif;font-size: 8pt\"><a href=\"http:\/\/www.ufpel.edu.br\/faem\/ppgspaf\/\">Sistemas de Prod. Agr\u00edc. Familiar<\/a>;<\/span><\/li>\n<li><span style=\"font-family: 'arial black', sans-serif;font-size: 8pt\"><a href=\"http:\/\/www.ufpel.edu.br\/faem\/ppgz\/\">Zootecnia<\/a>.<\/span><\/li>\n<\/ul>\n<p>&nbsp;<\/p>\n","protected":false},"excerpt":{"rendered":"<p>Programas de P\u00f3s-Gradua\u00e7\u00e3o que mant\u00e9m v\u00ednculo direto com\u00a0a gradua\u00e7\u00e3o: Agronomia; Ci\u00eancia e Tecnologia de Alimentos; Economia Aplicada; Fitossanidade; Manejo e Conserv.\u00a0Solo e da \u00c1gua; Sementes; Sistemas de Prod. Agr\u00edc. Familiar; Zootecnia. &nbsp;<\/p>\n","protected":false},"author":363,"featured_media":0,"parent":0,"menu_order":0,"comment_status":"closed","ping_status":"closed","template":"","meta":{"jetpack_post_was_ever_published":false,"footnotes":""},"class_list":["post-116","page","type-page","status-publish","hentry"],"jetpack_sharing_enabled":true,"jetpack_shortlink":"https:\/\/wp.me\/P7oTE2-1S","jetpack-related-posts":[],"_links":{"self":[{"href":"https:\/\/wp.ufpel.edu.br\/agronomia\/wp-json\/wp\/v2\/pages\/116","targetHints":{"allow":["GET"]}}],"collection":[{"href":"https:\/\/wp.ufpel.edu.br\/agronomia\/wp-json\/wp\/v2\/pages"}],"about":[{"href":"https:\/\/wp.ufpel.edu.br\/agronomia\/wp-json\/wp\/v2\/types\/page"}],"author":[{"embeddable":true,"href":"https:\/\/wp.ufpel.edu.br\/agronomia\/wp-json\/wp\/v2\/users\/363"}],"replies":[{"embeddable":true,"href":"https:\/\/wp.ufpel.edu.br\/agronomia\/wp-json\/wp\/v2\/comments?post=116"}],"version-history":[{"count":7,"href":"https:\/\/wp.ufpel.edu.br\/agronomia\/wp-json\/wp\/v2\/pages\/116\/revisions"}],"predecessor-version":[{"id":185,"href":"https:\/\/wp.ufpel.edu.br\/agronomia\/wp-json\/wp\/v2\/pages\/116\/revisions\/185"}],"wp:attachment":[{"href":"https:\/\/wp.ufpel.edu.br\/agronomia\/wp-json\/wp\/v2\/media?parent=116"}],"curies":[{"name":"wp","href":"https:\/\/api.w.org\/{rel}","templated":true}]}}