{"id":112,"date":"2016-04-01T10:27:37","date_gmt":"2016-04-01T13:27:37","guid":{"rendered":"https:\/\/wp.ufpel.edu.br\/agronomia\/?page_id=112"},"modified":"2019-08-20T15:36:42","modified_gmt":"2019-08-20T18:36:42","slug":"departamentos","status":"publish","type":"page","link":"https:\/\/wp.ufpel.edu.br\/agronomia\/departamentos\/","title":{"rendered":"Departamentos"},"content":{"rendered":"<p><span style=\"font-size: 8pt;font-family: arial, helvetica, sans-serif\">Departamentos da FAEM que oferecem disciplina ao curso:<\/span><\/p>\n<ul>\n<li><span style=\"font-size: 8pt;font-family: 'arial black', sans-serif\">Ci\u00eancias Sociais Agr\u00e1rias (DCSA);<\/span><\/li>\n<li><span style=\"font-size: 8pt;font-family: 'arial black', sans-serif\">Ci\u00eancia e Tecnologia Agroindustrial (DCTA);<\/span><\/li>\n<li><span style=\"font-size: 8pt;font-family: 'arial black', sans-serif\">Engenharia Rural (DER);<\/span><\/li>\n<li><span style=\"font-size: 8pt;font-family: 'arial black', sans-serif\">Fitossanidade (DFS);<\/span><\/li>\n<li><span style=\"font-size: 8pt;font-family: 'arial black', sans-serif\">Fitotecnia (DFT);<\/span><\/li>\n<li><span style=\"font-size: 8pt;font-family: 'arial black', sans-serif\">Solos (DS);<\/span><\/li>\n<li><span style=\"font-size: 8pt;font-family: 'arial black', sans-serif\">Zootecnia (DZ).<\/span><\/li>\n<\/ul>\n","protected":false},"excerpt":{"rendered":"<p>Departamentos da FAEM que oferecem disciplina ao curso: Ci\u00eancias Sociais Agr\u00e1rias (DCSA); Ci\u00eancia e Tecnologia Agroindustrial (DCTA); Engenharia Rural (DER); Fitossanidade (DFS); Fitotecnia (DFT); Solos (DS); Zootecnia (DZ).<\/p>\n","protected":false},"author":363,"featured_media":0,"parent":0,"menu_order":0,"comment_status":"closed","ping_status":"closed","template":"","meta":{"jetpack_post_was_ever_published":false,"footnotes":""},"class_list":["post-112","page","type-page","status-publish","hentry"],"jetpack_sharing_enabled":true,"jetpack_shortlink":"https:\/\/wp.me\/P7oTE2-1O","jetpack-related-posts":[],"_links":{"self":[{"href":"https:\/\/wp.ufpel.edu.br\/agronomia\/wp-json\/wp\/v2\/pages\/112","targetHints":{"allow":["GET"]}}],"collection":[{"href":"https:\/\/wp.ufpel.edu.br\/agronomia\/wp-json\/wp\/v2\/pages"}],"about":[{"href":"https:\/\/wp.ufpel.edu.br\/agronomia\/wp-json\/wp\/v2\/types\/page"}],"author":[{"embeddable":true,"href":"https:\/\/wp.ufpel.edu.br\/agronomia\/wp-json\/wp\/v2\/users\/363"}],"replies":[{"embeddable":true,"href":"https:\/\/wp.ufpel.edu.br\/agronomia\/wp-json\/wp\/v2\/comments?post=112"}],"version-history":[{"count":9,"href":"https:\/\/wp.ufpel.edu.br\/agronomia\/wp-json\/wp\/v2\/pages\/112\/revisions"}],"predecessor-version":[{"id":3722,"href":"https:\/\/wp.ufpel.edu.br\/agronomia\/wp-json\/wp\/v2\/pages\/112\/revisions\/3722"}],"wp:attachment":[{"href":"https:\/\/wp.ufpel.edu.br\/agronomia\/wp-json\/wp\/v2\/media?parent=112"}],"curies":[{"name":"wp","href":"https:\/\/api.w.org\/{rel}","templated":true}]}}