{"id":725,"date":"2016-09-14T14:41:11","date_gmt":"2016-09-14T17:41:11","guid":{"rendered":"https:\/\/wp.ufpel.edu.br\/agrometeorologia\/?page_id=725"},"modified":"2018-06-05T12:44:31","modified_gmt":"2018-06-05T15:44:31","slug":"condicoes-meteorologicas-locais","status":"publish","type":"page","link":"https:\/\/wp.ufpel.edu.br\/agrometeorologia\/informacoes\/condicoes-meteorologicas-locais\/","title":{"rendered":"Condi\u00e7\u00f5es Meteorol\u00f3gicas locais e Previs\u00f5es"},"content":{"rendered":"<p><strong>Vento e outras vari\u00e1veis meteorol\u00f3gicas:<\/strong><\/p>\n\n<!-- iframe plugin v.6.0 wordpress.org\/plugins\/iframe\/ -->\n<iframe src=\"https:\/\/www.windyty.com\/?-35.030,-49.548,5\" width=\"100%\" height=\"500\" scrolling=\"yes\" class=\"iframe-class\" frameborder=\"0\"><\/iframe>\n\n<p><strong>Chuva no \u00faltimo dia&#8230;<\/strong><\/p>\n<p><img data-recalc-dims=\"1\" src=\"https:\/\/i0.wp.com\/img0.cptec.inpe.br\/~rclima\/historicos\/diaria\/brasil\/ultimabr.gif\" \/><\/p>\n<p><strong>N\u00famero de dias sem chuva.<\/strong><\/p>\n<p><img data-recalc-dims=\"1\" class=\"\" src=\"https:\/\/i0.wp.com\/img0.cptec.inpe.br\/~rclima\/historicos\/diaria\/brasil\/ndsc.gif?resize=502%2C636\" width=\"502\" height=\"636\" \/><\/p>\n<p>&nbsp;<\/p>\n<p style=\"text-align: center\"><span style=\"text-decoration: underline;font-family: 'arial black', sans-serif;font-size: 14pt\"><strong>Previs\u00e3o do Tempo\u00a0<\/strong><\/span><\/p>\n<p>\u00a0 \u00a0\u00a0\u00a0<img data-recalc-dims=\"1\" src=\"https:\/\/i0.wp.com\/www.ciram.sc.gov.br\/ciram_arquivos\/arquivos\/saidas_scripts\/previsao\/numerica\/chuva\/dia1.gif\" \/>\u00a0 \u00a0<img data-recalc-dims=\"1\" src=\"https:\/\/i0.wp.com\/www.ciram.sc.gov.br\/ciram_arquivos\/arquivos\/saidas_scripts\/previsao\/numerica\/chuva\/dia2.gif\" \/><\/p>\n<p><img data-recalc-dims=\"1\" src=\"https:\/\/i0.wp.com\/www.ciram.sc.gov.br\/ciram_arquivos\/arquivos\/saidas_scripts\/previsao\/numerica\/chuva\/dia3.gif\" \/>\u00a0 \u00a0<img data-recalc-dims=\"1\" src=\"https:\/\/i0.wp.com\/www.ciram.sc.gov.br\/ciram_arquivos\/arquivos\/saidas_scripts\/previsao\/numerica\/chuva\/dia4.gif\" \/><\/p>\n<p>&nbsp;<\/p>\n<p><strong><em>Cr\u00e9ditos das imagens e anima\u00e7\u00f5es:<\/em><\/strong><\/p>\n<p><a href=\"http:\/\/www.cptec.inpe.br\/\">http:\/\/www.cptec.inpe.br\/<\/a><\/p>\n<p><a href=\"http:\/\/ciram.epagri.sc.gov.br\/\">http:\/\/ciram.epagri.sc.gov.br\/<\/a><\/p>\n<p><a href=\"https:\/\/www.windyty.com\/?-35.030,-49.548,5\">https:\/\/www.windyty.com\/<\/a><\/p>\n<p>&nbsp;<\/p>\n","protected":false},"excerpt":{"rendered":"<p>Vento e outras vari\u00e1veis meteorol\u00f3gicas: Chuva no \u00faltimo dia&#8230; N\u00famero de dias sem chuva. &nbsp; Previs\u00e3o do Tempo\u00a0 \u00a0 \u00a0\u00a0\u00a0\u00a0 \u00a0 \u00a0 \u00a0 &nbsp; Cr\u00e9ditos das imagens e anima\u00e7\u00f5es: http:\/\/www.cptec.inpe.br\/ http:\/\/ciram.epagri.sc.gov.br\/ https:\/\/www.windyty.com\/ &nbsp;<\/p>\n","protected":false},"author":322,"featured_media":0,"parent":48,"menu_order":0,"comment_status":"closed","ping_status":"closed","template":"","meta":{"jetpack_post_was_ever_published":false,"footnotes":""},"class_list":["post-725","page","type-page","status-publish","hentry"],"jetpack_sharing_enabled":true,"jetpack_shortlink":"https:\/\/wp.me\/P4ZCJ0-bH","_links":{"self":[{"href":"https:\/\/wp.ufpel.edu.br\/agrometeorologia\/wp-json\/wp\/v2\/pages\/725","targetHints":{"allow":["GET"]}}],"collection":[{"href":"https:\/\/wp.ufpel.edu.br\/agrometeorologia\/wp-json\/wp\/v2\/pages"}],"about":[{"href":"https:\/\/wp.ufpel.edu.br\/agrometeorologia\/wp-json\/wp\/v2\/types\/page"}],"author":[{"embeddable":true,"href":"https:\/\/wp.ufpel.edu.br\/agrometeorologia\/wp-json\/wp\/v2\/users\/322"}],"replies":[{"embeddable":true,"href":"https:\/\/wp.ufpel.edu.br\/agrometeorologia\/wp-json\/wp\/v2\/comments?post=725"}],"version-history":[{"count":46,"href":"https:\/\/wp.ufpel.edu.br\/agrometeorologia\/wp-json\/wp\/v2\/pages\/725\/revisions"}],"predecessor-version":[{"id":1144,"href":"https:\/\/wp.ufpel.edu.br\/agrometeorologia\/wp-json\/wp\/v2\/pages\/725\/revisions\/1144"}],"up":[{"embeddable":true,"href":"https:\/\/wp.ufpel.edu.br\/agrometeorologia\/wp-json\/wp\/v2\/pages\/48"}],"wp:attachment":[{"href":"https:\/\/wp.ufpel.edu.br\/agrometeorologia\/wp-json\/wp\/v2\/media?parent=725"}],"curies":[{"name":"wp","href":"https:\/\/api.w.org\/{rel}","templated":true}]}}