{"id":723,"date":"2016-09-09T13:41:40","date_gmt":"2016-09-09T16:41:40","guid":{"rendered":"https:\/\/wp.ufpel.edu.br\/agrometeorologia\/?page_id=723"},"modified":"2016-09-09T13:41:40","modified_gmt":"2016-09-09T16:41:40","slug":"balanco-de-radiacao","status":"publish","type":"page","link":"https:\/\/wp.ufpel.edu.br\/agrometeorologia\/informacoes\/balanco-de-radiacao\/","title":{"rendered":"Balan\u00e7o de Radia\u00e7\u00e3o"},"content":{"rendered":"<p>A energia que chega do Sol \u00e9 respons\u00e1vel por quase toda a vida na Terra. Al\u00e9m disso, \u00e9 por causa dela que grande parte dos fen\u00f4menos atmosf\u00e9ricos ocorre.<\/p>\n<p>Saiba mais sobre o balan\u00e7o de radia\u00e7\u00e3o, o espectro eletromagn\u00e9tico, o aquecimento global, a cor do c\u00e9u, a cor das nuvens e a influ\u00eancia do Sol no clima da Terra.<\/p>\n<p><iframe title=\"Balan\u00e7o de Radia\u00e7\u00e3o\" width=\"500\" height=\"375\" src=\"https:\/\/www.youtube.com\/embed\/clgqmbsFnZM?feature=oembed\" frameborder=\"0\" allow=\"accelerometer; autoplay; clipboard-write; encrypted-media; gyroscope; picture-in-picture; web-share\" referrerpolicy=\"strict-origin-when-cross-origin\" allowfullscreen><\/iframe><\/p>\n<p>&nbsp;<\/p>\n<p><strong><em>Cr\u00e9ditos do\u00a0v\u00eddeo:\u00a0CPTEC\/INPE <\/em><\/strong><em>http:\/\/www.cptec.inpe.br\/<\/em><\/p>\n<p>&nbsp;<\/p>\n","protected":false},"excerpt":{"rendered":"<p>A energia que chega do Sol \u00e9 respons\u00e1vel por quase toda a vida na Terra. Al\u00e9m disso, \u00e9 por causa dela que grande parte dos fen\u00f4menos atmosf\u00e9ricos ocorre. Saiba mais sobre o balan\u00e7o de radia\u00e7\u00e3o, o espectro eletromagn\u00e9tico, o aquecimento global, a cor do c\u00e9u, a cor das nuvens e a influ\u00eancia do Sol no [&hellip;]<\/p>\n","protected":false},"author":322,"featured_media":0,"parent":48,"menu_order":0,"comment_status":"closed","ping_status":"closed","template":"","meta":{"jetpack_post_was_ever_published":false,"footnotes":""},"class_list":["post-723","page","type-page","status-publish","hentry"],"jetpack_sharing_enabled":true,"jetpack_shortlink":"https:\/\/wp.me\/P4ZCJ0-bF","_links":{"self":[{"href":"https:\/\/wp.ufpel.edu.br\/agrometeorologia\/wp-json\/wp\/v2\/pages\/723","targetHints":{"allow":["GET"]}}],"collection":[{"href":"https:\/\/wp.ufpel.edu.br\/agrometeorologia\/wp-json\/wp\/v2\/pages"}],"about":[{"href":"https:\/\/wp.ufpel.edu.br\/agrometeorologia\/wp-json\/wp\/v2\/types\/page"}],"author":[{"embeddable":true,"href":"https:\/\/wp.ufpel.edu.br\/agrometeorologia\/wp-json\/wp\/v2\/users\/322"}],"replies":[{"embeddable":true,"href":"https:\/\/wp.ufpel.edu.br\/agrometeorologia\/wp-json\/wp\/v2\/comments?post=723"}],"version-history":[{"count":1,"href":"https:\/\/wp.ufpel.edu.br\/agrometeorologia\/wp-json\/wp\/v2\/pages\/723\/revisions"}],"predecessor-version":[{"id":724,"href":"https:\/\/wp.ufpel.edu.br\/agrometeorologia\/wp-json\/wp\/v2\/pages\/723\/revisions\/724"}],"up":[{"embeddable":true,"href":"https:\/\/wp.ufpel.edu.br\/agrometeorologia\/wp-json\/wp\/v2\/pages\/48"}],"wp:attachment":[{"href":"https:\/\/wp.ufpel.edu.br\/agrometeorologia\/wp-json\/wp\/v2\/media?parent=723"}],"curies":[{"name":"wp","href":"https:\/\/api.w.org\/{rel}","templated":true}]}}