{"id":62,"date":"2014-08-28T17:03:44","date_gmt":"2014-08-28T20:03:44","guid":{"rendered":"https:\/\/wp.ufpel.edu.br\/agrometeorologia\/?page_id=62"},"modified":"2024-09-12T12:20:18","modified_gmt":"2024-09-12T15:20:18","slug":"fenomeno-enos-2","status":"publish","type":"page","link":"https:\/\/wp.ufpel.edu.br\/agrometeorologia\/informacoes\/fenomeno-enos-2\/","title":{"rendered":"Fen\u00f4meno ENOS"},"content":{"rendered":"<h3 style=\"color: #000000;\"><span style=\"color: #666666; font-family: 'Trebuchet MS', Arial, Helvetica;\">El ni\u00f1o e La ni\u00f1a<\/span><\/h3>\n<p><span class=\"texto\">Normalmente, os ventos al\u00edsios, comuns ao longo do equador, sopram de leste para oeste acumulando \u00e1gua quente na camada superior do oceano Pac\u00edfico perto da Austr\u00e1lia e Indon\u00e9sia.<\/span><\/p>\n<p>Nessa regi\u00e3o de \u00e1guas superficiais quentes, a atmosfera \u00e9 aquecida criando condi\u00e7\u00f5es favor\u00e1veis para a convec\u00e7\u00e3o e forma\u00e7\u00e3o de chuva. Nessas condi\u00e7\u00f5es (normais) o n\u00edvel da \u00e1gua do oceano pr\u00f3ximo a Indon\u00e9sia e Austr\u00e1lia \u00e9 cerca de 0,5 metro superior ao da costa da Am\u00e9rica do Sul, onde ocorre o fen\u00f4meno da ressurg\u00eancia: \u00e1gua fria do fundo do oceano flui para a superf\u00edcie carreando nutrientes, que alimentam os cardumes de anchova. Nos n\u00edveis superiores da atmosfera os ventos sopram de oeste para leste, completando a circula\u00e7\u00e3o atmosf\u00e9rica de grande escala chamada Circula\u00e7\u00e3o de Walker.<\/p>\n<p>Em intervalos irregulares, de 3 a 5 anos, entretanto, a intensidade dos ventos al\u00edsios diminui provocando a invers\u00e3o do fluxo de \u00e1guas superficiais quentes do Pac\u00edfico, que passam a se desloca em dire\u00e7\u00e3o \u00e0 Am\u00e9rica do Sul. Aqui, a temperatura da \u00e1gua pode ficar cerca de a quatro graus acima da normal.<\/p>\n<p><a href=\"https:\/\/i0.wp.com\/wp.ufpel.edu.br\/agrometeorologia\/files\/2014\/08\/def.gif?ssl=1\"><img data-recalc-dims=\"1\" data-attachment-id=\"87\" data-permalink=\"https:\/\/wp.ufpel.edu.br\/agrometeorologia\/informacoes\/fenomeno-enos-2\/def\/\" data-orig-file=\"https:\/\/i0.wp.com\/wp.ufpel.edu.br\/agrometeorologia\/files\/2014\/08\/def.gif?fit=370%2C160&amp;ssl=1\" data-orig-size=\"370,160\" data-comments-opened=\"0\" data-image-meta=\"{&quot;aperture&quot;:&quot;0&quot;,&quot;credit&quot;:&quot;&quot;,&quot;camera&quot;:&quot;&quot;,&quot;caption&quot;:&quot;&quot;,&quot;created_timestamp&quot;:&quot;0&quot;,&quot;copyright&quot;:&quot;&quot;,&quot;focal_length&quot;:&quot;0&quot;,&quot;iso&quot;:&quot;0&quot;,&quot;shutter_speed&quot;:&quot;0&quot;,&quot;title&quot;:&quot;&quot;}\" data-image-title=\"def\" data-image-description=\"\" data-image-caption=\"\" data-medium-file=\"https:\/\/i0.wp.com\/wp.ufpel.edu.br\/agrometeorologia\/files\/2014\/08\/def.gif?fit=370%2C160&amp;ssl=1\" data-large-file=\"https:\/\/i0.wp.com\/wp.ufpel.edu.br\/agrometeorologia\/files\/2014\/08\/def.gif?fit=370%2C160&amp;ssl=1\" class=\"alignnone size-full wp-image-87\" src=\"https:\/\/i0.wp.com\/wp.ufpel.edu.br\/agrometeorologia\/files\/2014\/08\/def.gif?resize=370%2C160&#038;ssl=1\" alt=\"def\" width=\"370\" height=\"160\" \/><\/a><\/p>\n<p>Na anima\u00e7\u00e3o do efeito que o El Ni\u00f1o provoca nas \u00e1guas do pac\u00edfico, a regi\u00e3o em vermelho simboliza o aquecimento das \u00e1guas.<\/p>\n<p>Esse efeito \u00e9 bem conhecido pelos pescadores de anchovas do Peru, que o batizaram de\u00a0<em>El Ni\u00f1o<\/em>, porque esse aquecimento anormal acontece, freq\u00fcentemente, pr\u00f3ximo ao Natal e provoca o total desaparecimento das anchovas.<\/p>\n<p>O fen\u00f4meno\u00a0<em>El Ni\u00f1o\u00a0<\/em>em si \u00e9 o resultado de uma intera\u00e7\u00e3o, em macroescala e per\u00edodos grandes, entre a atmosfera e o oceano. O <a href=\"http:\/\/www.cpc.ncep.noaa.gov\/products\/analysis_monitoring\/ensostuff\/ensoyears.shtml\">aquecimento anormal da \u00e1gua<\/a> numa determinada regi\u00e3o do globo tem, entretanto, conseq\u00fc\u00eancias para a atmosfera global, com reflexos em, praticamente, todo o planeta.<\/p>\n<p>Em contraste ao\u00a0<em>El Ni\u00f1o<\/em>, o fen\u00f4meno\u00a0<em>La Ni\u00f1a<\/em>\u00a0\u00e9 uma anomalia que ocorre nas \u00e1guas tropicais do pac\u00edfico (mesma regi\u00e3o onde ocorre\u00a0<em>El Ni\u00f1o<\/em>), que ficam mais frias do que o normal. O\u00a0<em>La Ni\u00f1a<\/em>\u00a0ocorre de uma forma bem menos intensa do que o\u00a0<em>El Ni\u00f1o.<\/em><\/p>\n<p>Aos\u00a0<em>El Ni\u00f1o\u00a0<\/em>de 1973 e de 1983 estiveram associados invernos mais suaves do que o normal nas regi\u00f5es da costa ocidental. Em contraste, o\u00a0<em>El Ni\u00f1o<\/em>\u00a0de 1977 esteve associado a um inverno extremamente severo sobre grande parte do continente norte americano. Estudos realizados com modelos num\u00e9ricos sugerem que a diferen\u00e7a crucial poder\u00e1 ter sido que em 1973 e 1983 a \u00e1gua mais quente do que o normal estava confinada \u00e0 regi\u00e3o leste do Pac\u00edfico tropical.<\/p>\n<p>O efeito do\u00a0<em>El Ni\u00f1o<\/em>\/<em>La Ni\u00f1a <\/em>no Brasil tem sido manifestado por chuvas abaixo\/acima do normal no Nordeste e por chuvas acima\/abaixo da normal climatol\u00f3gica na regi\u00e3o Sul.<\/p>\n<p><span style=\"font-size: 18pt;\"><strong><span style=\"text-decoration: underline;\">Anima\u00e7\u00f5es:<\/span><\/strong><\/span><\/p>\n<div style=\"width: 640px;\" class=\"wp-video\"><video class=\"wp-video-shortcode\" id=\"video-62-1\" width=\"640\" height=\"360\" preload=\"metadata\" controls=\"controls\"><source type=\"video\/mp4\" src=\"https:\/\/wp.ufpel.edu.br\/agrometeorologia\/files\/2023\/04\/Video-ENOS.mp4?_=1\" \/><a href=\"https:\/\/wp.ufpel.edu.br\/agrometeorologia\/files\/2023\/04\/Video-ENOS.mp4\">https:\/\/wp.ufpel.edu.br\/agrometeorologia\/files\/2023\/04\/Video-ENOS.mp4<\/a><\/video><\/div>\n<p>&nbsp;<\/p>\n<p><span style=\"font-size: 18pt;\"><strong><span style=\"text-decoration: underline;\">V\u00eddeo:<\/span><\/strong><\/span><\/p>\n<p><iframe title=\"El Ni\u00f1o, La Ni\u00f1a\" width=\"500\" height=\"375\" src=\"https:\/\/www.youtube.com\/embed\/oF4naKtTo6o?feature=oembed\" frameborder=\"0\" allow=\"accelerometer; autoplay; clipboard-write; encrypted-media; gyroscope; picture-in-picture; web-share\" referrerpolicy=\"strict-origin-when-cross-origin\" allowfullscreen><\/iframe><\/p>\n<p>Cr\u00e9ditos das anima\u00e7\u00f5es e v\u00eddeo:\u00a0CPTEC\/INPE http:\/\/www.cptec.inpe.br\/<\/p>\n<p>&nbsp;<\/p>\n","protected":false},"excerpt":{"rendered":"<p>El ni\u00f1o e La ni\u00f1a Normalmente, os ventos al\u00edsios, comuns ao longo do equador, sopram de leste para oeste acumulando \u00e1gua quente na camada superior do oceano Pac\u00edfico perto da Austr\u00e1lia e Indon\u00e9sia. Nessa regi\u00e3o de \u00e1guas superficiais quentes, a atmosfera \u00e9 aquecida criando condi\u00e7\u00f5es favor\u00e1veis para a convec\u00e7\u00e3o e forma\u00e7\u00e3o de chuva. Nessas condi\u00e7\u00f5es [&hellip;]<\/p>\n","protected":false},"author":322,"featured_media":0,"parent":48,"menu_order":0,"comment_status":"closed","ping_status":"closed","template":"","meta":{"jetpack_post_was_ever_published":false,"footnotes":""},"class_list":["post-62","page","type-page","status-publish","hentry"],"jetpack_sharing_enabled":true,"jetpack_shortlink":"https:\/\/wp.me\/P4ZCJ0-10","_links":{"self":[{"href":"https:\/\/wp.ufpel.edu.br\/agrometeorologia\/wp-json\/wp\/v2\/pages\/62","targetHints":{"allow":["GET"]}}],"collection":[{"href":"https:\/\/wp.ufpel.edu.br\/agrometeorologia\/wp-json\/wp\/v2\/pages"}],"about":[{"href":"https:\/\/wp.ufpel.edu.br\/agrometeorologia\/wp-json\/wp\/v2\/types\/page"}],"author":[{"embeddable":true,"href":"https:\/\/wp.ufpel.edu.br\/agrometeorologia\/wp-json\/wp\/v2\/users\/322"}],"replies":[{"embeddable":true,"href":"https:\/\/wp.ufpel.edu.br\/agrometeorologia\/wp-json\/wp\/v2\/comments?post=62"}],"version-history":[{"count":22,"href":"https:\/\/wp.ufpel.edu.br\/agrometeorologia\/wp-json\/wp\/v2\/pages\/62\/revisions"}],"predecessor-version":[{"id":1666,"href":"https:\/\/wp.ufpel.edu.br\/agrometeorologia\/wp-json\/wp\/v2\/pages\/62\/revisions\/1666"}],"up":[{"embeddable":true,"href":"https:\/\/wp.ufpel.edu.br\/agrometeorologia\/wp-json\/wp\/v2\/pages\/48"}],"wp:attachment":[{"href":"https:\/\/wp.ufpel.edu.br\/agrometeorologia\/wp-json\/wp\/v2\/media?parent=62"}],"curies":[{"name":"wp","href":"https:\/\/api.w.org\/{rel}","templated":true}]}}